{"id":204,"date":"2023-12-15T11:17:01","date_gmt":"2023-12-15T11:17:01","guid":{"rendered":"http:\/\/traffic-angel.local\/?page_id=204"},"modified":"2025-10-15T07:56:01","modified_gmt":"2025-10-15T07:56:01","slug":"sobre-nos","status":"publish","type":"page","link":"https:\/\/www.trafficangel.co.uk\/pt\/sobre-nos\/","title":{"rendered":"Sobre n\u00f3s"},"content":{"rendered":"<p>O slogan da TrafficAngel diz &#039;Tecnologia de Transporte Inteligente&#039; e isso vai ao cerne do que fazemos, fornecendo e instalando equipamentos de seguran\u00e7a de c\u00e2meras e sensores para a ind\u00fastria de transportes que atendem de forma inteligente \u00e0s muitas e variadas necessidades de nossos clientes.<\/p><div id=\"\"\n    class=\"flex flex-wrap my-12 lg:flex-nowrap text-image-split-block\">\n    <div class=\"w-full h-[350px] lg:h-auto lg:w-1\/2 md:order-1 bg-cover bg-center bg-no-repeat text-image-image\"\n        style=\"background-image: url('https:\/\/www.trafficangel.co.uk\/wp-content\/uploads\/2024\/04\/20240316_124142_cropped-scaled.jpg');\">\n\n    <\/div>\n    <div class=\"w-full lg:w-1\/2 md:order-2 flex items-center bg-offWhite px-4 md:px-8 lg:px-14 md:py-12 py-5\">\n        <div class=\"split-block-content\">\n                        <h2 class=\"split-block-title mb-3 text-2xl lg:mb-4 text-secondary md:text-3xl font-roboto lg:text-3xl\">\n                Saiba mais sobre n\u00f3s            <\/h2>\n                                    <div class=\"p-0 mb-0 text-base\">\n                <p>Desde 2004, a TrafficAngel tem desfrutado de um enorme crescimento e agora fornece e presta servi\u00e7os a clientes de todo o setor, desde operadores de um \u00fanico propriet\u00e1rio at\u00e9 frotas de 2.000 ve\u00edculos ou mais.<\/p>\n<p>De far\u00f3is, luzes de advert\u00eancia, sensores de seguran\u00e7a dianteiros e traseiros e alarmes de dire\u00e7\u00e3o at\u00e9 o que h\u00e1 de mais moderno em grava\u00e7\u00e3o de v\u00eddeo ao vivo, gostamos de pensar que a TrafficAngel \u00e9 a loja completa para tudo relacionado \u00e0 seguran\u00e7a no transporte!<\/p>\n            <\/div>\n                    <\/div>\n    <\/div>\n<\/div><p><strong>Acreditamos que crescemos como empresa pelos seguintes motivos:<\/strong><\/p><ul class=\"wp-block-list\"><li>temos a capacidade de responder rapidamente \u00e0s necessidades individuais dos clientes<\/li>\n\n<li>temos as habilidades para projetar, entregar e instalar sistemas de c\u00e2meras e sensores personalizados para todos os tipos de ve\u00edculos<\/li>\n\n<li>podemos atender a prazos de pedidos grandes e pequenos de forma r\u00e1pida e eficiente<\/li>\n\n<li>N\u00f3s damos aos nossos clientes o tempo que eles merecem e, o mais importante\u2026<\/li>\n\n<li>oferecemos a cada cliente uma pessoa viva e bem informada para falar quando o telefone toca. Voc\u00ea n\u00e3o ficar\u00e1 esperando em uma fila automatizada com TrafficAngel!&nbsp;<\/li><\/ul><div id=\"\"\n    class=\"flex flex-wrap my-12 lg:flex-nowrap text-image-split-block\">\n    <div class=\"w-full h-[350px] lg:h-auto lg:w-1\/2 md:order-2 bg-cover bg-center bg-no-repeat text-image-image\"\n        style=\"background-image: url('https:\/\/www.trafficangel.co.uk\/wp-content\/uploads\/2024\/08\/bg_home-copy.jpg');\">\n\n    <\/div>\n    <div class=\"w-full lg:w-1\/2 md:order-1 flex items-center bg-offWhite px-4 md:px-8 lg:px-14 md:py-12 py-5\">\n        <div class=\"split-block-content\">\n                        <h2 class=\"split-block-title mb-3 text-2xl lg:mb-4 text-secondary md:text-3xl font-roboto lg:text-3xl\">\n                Sistema Seguro Progressivo            <\/h2>\n                                    <div class=\"p-0 mb-0 text-base\">\n                <p>E agora, com a implementa\u00e7\u00e3o obrigat\u00f3ria do Sistema de Seguran\u00e7a Progressiva da TfL em toda Londres, estamos atendendo nossa base de clientes existente, al\u00e9m de ganhar muitos novos clientes, com a mais recente tecnologia de c\u00e2mera de IA e entregando e instalando esses sistemas com o mesmo grau de profissionalismo.<\/p>\n<p>Por favor, converse conosco sobre quaisquer requisitos que voc\u00ea possa ter para seguir em frente, voltar, ir a qualquer lugar com seguran\u00e7a em um ve\u00edculo comercial, basicamente!<\/p>\n            <\/div>\n                    <\/div>\n    <\/div>\n<\/div>","protected":false},"excerpt":{"rendered":"<p>O slogan do TrafficAngel diz &quot;Tecnologia de Transporte Inteligente&quot; e isso vai ao cerne do que fazemos, fornecendo e instalando equipamentos de seguran\u00e7a com c\u00e2meras e sensores para a ind\u00fastria de transporte que<\/p>","protected":false},"author":1,"featured_media":0,"parent":0,"menu_order":0,"comment_status":"closed","ping_status":"closed","template":"","meta":{"_acf_changed":false,"footnotes":""},"class_list":["post-204","page","type-page","status-publish","hentry"],"acf":[],"_links":{"self":[{"href":"https:\/\/www.trafficangel.co.uk\/pt\/wp-json\/wp\/v2\/pages\/204","targetHints":{"allow":["GET"]}}],"collection":[{"href":"https:\/\/www.trafficangel.co.uk\/pt\/wp-json\/wp\/v2\/pages"}],"about":[{"href":"https:\/\/www.trafficangel.co.uk\/pt\/wp-json\/wp\/v2\/types\/page"}],"author":[{"embeddable":true,"href":"https:\/\/www.trafficangel.co.uk\/pt\/wp-json\/wp\/v2\/users\/1"}],"replies":[{"embeddable":true,"href":"https:\/\/www.trafficangel.co.uk\/pt\/wp-json\/wp\/v2\/comments?post=204"}],"version-history":[{"count":64,"href":"https:\/\/www.trafficangel.co.uk\/pt\/wp-json\/wp\/v2\/pages\/204\/revisions"}],"predecessor-version":[{"id":3952,"href":"https:\/\/www.trafficangel.co.uk\/pt\/wp-json\/wp\/v2\/pages\/204\/revisions\/3952"}],"wp:attachment":[{"href":"https:\/\/www.trafficangel.co.uk\/pt\/wp-json\/wp\/v2\/media?parent=204"}],"curies":[{"name":"wp","href":"https:\/\/api.w.org\/{rel}","templated":true}]}}