{"id":3049,"date":"2024-08-05T11:08:23","date_gmt":"2024-08-05T11:08:23","guid":{"rendered":"https:\/\/trafficangel-qqzv.temp-dns.com\/?post_type=product&#038;p=3049"},"modified":"2025-10-20T10:59:29","modified_gmt":"2025-10-20T10:59:29","slug":"przelacznik-nocny-z-funkcja-obejscia-i-integracja-alarmu-z-progresywnym-systemem-bezpieczenstwa-trafficangel","status":"publish","type":"product","link":"https:\/\/www.trafficangel.co.uk\/pl\/produkt-2\/przelacznik-nocny-z-funkcja-obejscia-i-integracja-alarmu-z-progresywnym-systemem-bezpieczenstwa-trafficangel\/","title":{"rendered":"Integracja alarmu w\u0142\u0105czania i wy\u0142\u0105czania nocnego prze\u0142\u0105cznika z systemem TrafficAngel Progressive Safe"},"content":{"rendered":"<p>Prze\u0142\u0105cznik nocny dla alarm\u00f3w skr\u0119tu w lewo lub w prawo zintegrowany z TrafficAngel <a href=\"https:\/\/www.trafficangel.co.uk\/pl\/progresywny-system-bezpieczenstwa\/\" target=\"_blank\" rel=\"noopener\">Progresywny bezpieczny system<\/a>. Prze\u0142\u0105cznik jest wyposa\u017cony w z\u0142\u0105cze plug and play umo\u017cliwiaj\u0105ce pod\u0142\u0105czenie go do PSS. Zestaw zawiera r\u00f3wnie\u017c wtyczk\u0119 i piny do kabla alarmu skr\u0119tu.<\/p>","protected":false},"excerpt":{"rendered":"<p>Integracja alarmu w\u0142\u0105czania i wy\u0142\u0105czania nocnego prze\u0142\u0105cznika z systemem TrafficAngel Progressive Safe<\/p>","protected":false},"featured_media":3055,"template":"","meta":{"_acf_changed":false},"product_cat":[85,53],"product_tag":[],"class_list":{"0":"post-3049","1":"product","2":"type-product","3":"status-publish","4":"has-post-thumbnail","6":"product_cat-components","7":"product_cat-progressive-safe-system","9":"first","10":"instock","11":"taxable","12":"shipping-taxable","13":"purchasable","14":"product-type-simple"},"acf":[],"_links":{"self":[{"href":"https:\/\/www.trafficangel.co.uk\/pl\/wp-json\/wp\/v2\/product\/3049","targetHints":{"allow":["GET"]}}],"collection":[{"href":"https:\/\/www.trafficangel.co.uk\/pl\/wp-json\/wp\/v2\/product"}],"about":[{"href":"https:\/\/www.trafficangel.co.uk\/pl\/wp-json\/wp\/v2\/types\/product"}],"wp:featuredmedia":[{"embeddable":true,"href":"https:\/\/www.trafficangel.co.uk\/pl\/wp-json\/wp\/v2\/media\/3055"}],"wp:attachment":[{"href":"https:\/\/www.trafficangel.co.uk\/pl\/wp-json\/wp\/v2\/media?parent=3049"}],"wp:term":[{"taxonomy":"product_cat","embeddable":true,"href":"https:\/\/www.trafficangel.co.uk\/pl\/wp-json\/wp\/v2\/product_cat?post=3049"},{"taxonomy":"product_tag","embeddable":true,"href":"https:\/\/www.trafficangel.co.uk\/pl\/wp-json\/wp\/v2\/product_tag?post=3049"}],"curies":[{"name":"wp","href":"https:\/\/api.w.org\/{rel}","templated":true}]}}