{"id":3039,"date":"2024-08-02T20:04:01","date_gmt":"2024-08-02T20:04:01","guid":{"rendered":"https:\/\/trafficangel-qqzv.temp-dns.com\/?post_type=product&#038;p=3039"},"modified":"2025-09-29T10:56:34","modified_gmt":"2025-09-29T10:56:34","slug":"35-metrowy-przedluzacz-glownego-wyswietlacza-do-progresywnego-systemu-bezpieczenstwa-trafficangel","status":"publish","type":"product","link":"https:\/\/www.trafficangel.co.uk\/pl\/produkt-2\/35-metrowy-przedluzacz-glownego-wyswietlacza-do-progresywnego-systemu-bezpieczenstwa-trafficangel\/","title":{"rendered":"3,5-metrowy kabel przed\u0142u\u017caj\u0105cy wy\u015bwietlacz g\u0142\u00f3wny do systemu TrafficAngel Progressive Safe"},"content":{"rendered":"<p>Kabel 3,5 m do pod\u0142\u0105czenia wy\u015bwietlacza g\u0142\u00f3wnego do <a href=\"https:\/\/www.trafficangel.co.uk\/pl\/progresywny-system-bezpieczenstwa\/\" target=\"_blank\" rel=\"noopener\">PSS<\/a> Kabel wej\u015bciowy ECU.<\/p>","protected":false},"excerpt":{"rendered":"<p>3,5-metrowy kabel przed\u0142u\u017caj\u0105cy wy\u015bwietlacz g\u0142\u00f3wny do systemu TrafficAngel Progressive Safe<\/p>","protected":false},"featured_media":1933,"template":"","meta":{"_acf_changed":false},"product_cat":[85,53],"product_tag":[],"class_list":{"0":"post-3039","1":"product","2":"type-product","3":"status-publish","4":"has-post-thumbnail","6":"product_cat-components","7":"product_cat-progressive-safe-system","9":"first","10":"instock","11":"taxable","12":"shipping-taxable","13":"purchasable","14":"product-type-simple"},"acf":[],"_links":{"self":[{"href":"https:\/\/www.trafficangel.co.uk\/pl\/wp-json\/wp\/v2\/product\/3039","targetHints":{"allow":["GET"]}}],"collection":[{"href":"https:\/\/www.trafficangel.co.uk\/pl\/wp-json\/wp\/v2\/product"}],"about":[{"href":"https:\/\/www.trafficangel.co.uk\/pl\/wp-json\/wp\/v2\/types\/product"}],"wp:featuredmedia":[{"embeddable":true,"href":"https:\/\/www.trafficangel.co.uk\/pl\/wp-json\/wp\/v2\/media\/1933"}],"wp:attachment":[{"href":"https:\/\/www.trafficangel.co.uk\/pl\/wp-json\/wp\/v2\/media?parent=3039"}],"wp:term":[{"taxonomy":"product_cat","embeddable":true,"href":"https:\/\/www.trafficangel.co.uk\/pl\/wp-json\/wp\/v2\/product_cat?post=3039"},{"taxonomy":"product_tag","embeddable":true,"href":"https:\/\/www.trafficangel.co.uk\/pl\/wp-json\/wp\/v2\/product_tag?post=3039"}],"curies":[{"name":"wp","href":"https:\/\/api.w.org\/{rel}","templated":true}]}}