{"id":2702,"date":"2024-05-26T19:43:31","date_gmt":"2024-05-26T19:43:31","guid":{"rendered":"https:\/\/trafficangel-qqzv.temp-dns.com\/?post_type=product&#038;p=2702"},"modified":"2025-10-20T10:23:33","modified_gmt":"2025-10-20T10:23:33","slug":"trafficangel-progressive-safe-system-mois-bsis-3-x-system-kamer-ai-kierownica-po-lewej-stronie","status":"publish","type":"product","link":"https:\/\/www.trafficangel.co.uk\/pl\/produkt-2\/trafficangel-progressive-safe-system-mois-bsis-3-x-system-kamer-ai-kierownica-po-lewej-stronie\/","title":{"rendered":"TrafficAngel Progressive Safe System MOIS + BSIS 3 x system kamer AI \u2013 kierownica po lewej stronie"},"content":{"rendered":"<p style=\"font-weight: 400;\">Ten <strong>Anio\u0142 ruchu <a href=\"https:\/\/www.trafficangel.co.uk\/pl\/progresywny-system-bezpieczenstwa-2024\/\" target=\"_blank\" rel=\"noopener\">Progresywny bezpieczny system<\/a><\/strong> sk\u0142ada si\u0119 z 3 kamer AI (1 przednia, 1 naro\u017cna i 1 boczna), 1 wy\u015bwietlacza po stronie poza pasem ruchu, 1 wy\u015bwietlacza po stronie kierowcy, 1 jednostki steruj\u0105cej, 1 modu\u0142u \u017cyroskopu\/GPS, kt\u00f3ry po zainstalowaniu spe\u0142nia wszystkie wymagania okre\u015blone przez TfL w najnowszej dokumentacji PSS\/BSIS\/MOIS, w tym rozr\u00f3\u017cnia pieszych od element\u00f3w wyposa\u017cenia ulicznego oraz pozostaje cichy, gdy nie ma postrzeganego zagro\u017cenia dla niechronionego u\u017cytkownika drogi (VRU) w zasi\u0119gu wykrywania.<\/p>\n<p>Aby uzyska\u0107 prosty opis dzia\u0142ania systemu, przejd\u017a tutaj. Aby przeczyta\u0107 pe\u0142ny przewodnik na temat PSS, przejd\u017a tutaj <a href=\"https:\/\/trafficangel.co.uk\/wp-content\/uploads\/2024\/04\/TAPPS-Summary.pdf\" target=\"_blank\" rel=\"noopener\">Tutaj<\/a>.<\/p>","protected":false},"excerpt":{"rendered":"<p>Ten <strong>TrafficAngel Progresywny Bezpieczny System<\/strong> sk\u0142ada si\u0119 z 3 kamer AI (1 przednia, 1 naro\u017cna i 1 boczna), 1 wy\u015bwietlacza po stronie poza pasem ruchu, 1 wy\u015bwietlacza po stronie kierowcy, 1 jednostki steruj\u0105cej, 1 modu\u0142u \u017cyroskopu\/GPS, kt\u00f3ry po zainstalowaniu spe\u0142nia wszystkie wymagania okre\u015blone przez TfL w najnowszej dokumentacji PSS\/BSIS\/MOIS, w tym rozr\u00f3\u017cnia pieszych od element\u00f3w wyposa\u017cenia ulicznego oraz pozostaje cichy, gdy nie ma postrzeganego zagro\u017cenia dla niechronionego u\u017cytkownika drogi (VRU) w zasi\u0119gu wykrywania.<\/p>","protected":false},"featured_media":2933,"template":"","meta":{"_acf_changed":false},"product_cat":[53,84],"product_tag":[],"class_list":{"0":"post-2702","1":"product","2":"type-product","3":"status-publish","4":"has-post-thumbnail","6":"product_cat-progressive-safe-system","7":"product_cat-pss-solutions","9":"first","10":"instock","11":"taxable","12":"shipping-taxable","13":"purchasable","14":"product-type-simple"},"acf":[],"_links":{"self":[{"href":"https:\/\/www.trafficangel.co.uk\/pl\/wp-json\/wp\/v2\/product\/2702","targetHints":{"allow":["GET"]}}],"collection":[{"href":"https:\/\/www.trafficangel.co.uk\/pl\/wp-json\/wp\/v2\/product"}],"about":[{"href":"https:\/\/www.trafficangel.co.uk\/pl\/wp-json\/wp\/v2\/types\/product"}],"wp:featuredmedia":[{"embeddable":true,"href":"https:\/\/www.trafficangel.co.uk\/pl\/wp-json\/wp\/v2\/media\/2933"}],"wp:attachment":[{"href":"https:\/\/www.trafficangel.co.uk\/pl\/wp-json\/wp\/v2\/media?parent=2702"}],"wp:term":[{"taxonomy":"product_cat","embeddable":true,"href":"https:\/\/www.trafficangel.co.uk\/pl\/wp-json\/wp\/v2\/product_cat?post=2702"},{"taxonomy":"product_tag","embeddable":true,"href":"https:\/\/www.trafficangel.co.uk\/pl\/wp-json\/wp\/v2\/product_tag?post=2702"}],"curies":[{"name":"wp","href":"https:\/\/api.w.org\/{rel}","templated":true}]}}