{"id":2441,"date":"2024-04-30T09:16:00","date_gmt":"2024-04-30T09:16:00","guid":{"rendered":"https:\/\/trafficangel-qqzv.temp-dns.com\/?post_type=product&#038;p=2441"},"modified":"2025-10-29T10:09:59","modified_gmt":"2025-10-29T10:09:59","slug":"1586-mm-bursztynowy-pasek-swietlny-led-w-pelni-podswietlany-r65","status":"publish","type":"product","link":"https:\/\/www.trafficangel.co.uk\/pl\/produkt-2\/1586-mm-bursztynowy-pasek-swietlny-led-w-pelni-podswietlany-r65\/","title":{"rendered":"1586 mm bursztynowa listwa \u015bwietlna LED \u2013 w pe\u0142ni o\u015bwietlona, R65"},"content":{"rendered":"<p>1586 mm bursztynowa listwa \u015bwietlna LED \u2013 w pe\u0142ni o\u015bwietlona, R65<\/p>","protected":false},"excerpt":{"rendered":"<p>Listwa \u015bwietlna LED Amber o d\u0142ugo\u015bci 1586 mm \u2013 w pe\u0142ni o\u015bwietlona, R65<\/p>","protected":false},"featured_media":1996,"template":"","meta":{"_acf_changed":false},"product_cat":[35,44],"product_tag":[],"class_list":{"0":"post-2441","1":"product","2":"type-product","3":"status-publish","4":"has-post-thumbnail","6":"product_cat-vehicle-lighting","7":"product_cat-light-bars","9":"first","10":"instock","11":"taxable","12":"shipping-taxable","13":"purchasable","14":"product-type-simple"},"acf":[],"_links":{"self":[{"href":"https:\/\/www.trafficangel.co.uk\/pl\/wp-json\/wp\/v2\/product\/2441","targetHints":{"allow":["GET"]}}],"collection":[{"href":"https:\/\/www.trafficangel.co.uk\/pl\/wp-json\/wp\/v2\/product"}],"about":[{"href":"https:\/\/www.trafficangel.co.uk\/pl\/wp-json\/wp\/v2\/types\/product"}],"wp:featuredmedia":[{"embeddable":true,"href":"https:\/\/www.trafficangel.co.uk\/pl\/wp-json\/wp\/v2\/media\/1996"}],"wp:attachment":[{"href":"https:\/\/www.trafficangel.co.uk\/pl\/wp-json\/wp\/v2\/media?parent=2441"}],"wp:term":[{"taxonomy":"product_cat","embeddable":true,"href":"https:\/\/www.trafficangel.co.uk\/pl\/wp-json\/wp\/v2\/product_cat?post=2441"},{"taxonomy":"product_tag","embeddable":true,"href":"https:\/\/www.trafficangel.co.uk\/pl\/wp-json\/wp\/v2\/product_tag?post=2441"}],"curies":[{"name":"wp","href":"https:\/\/api.w.org\/{rel}","templated":true}]}}