{"id":2346,"date":"2024-04-16T12:54:26","date_gmt":"2024-04-16T12:54:26","guid":{"rendered":"https:\/\/trafficangel-qqzv.temp-dns.com\/?post_type=product&#038;p=2346"},"modified":"2025-10-20T10:24:27","modified_gmt":"2025-10-20T10:24:27","slug":"kamera-narozna-do-systemu-bezpieczenstwa-trafficangel-progressive","status":"publish","type":"product","link":"https:\/\/www.trafficangel.co.uk\/pl\/produkt-2\/kamera-narozna-do-systemu-bezpieczenstwa-trafficangel-progressive\/","title":{"rendered":"Kamera naro\u017cna do systemu TrafficAngel Progressive Safe"},"content":{"rendered":"<p>Kamera naro\u017cna do u\u017cytku z TrafficAngel <a href=\"https:\/\/www.trafficangel.co.uk\/pl\/progresywny-system-bezpieczenstwa\/\" target=\"_blank\" rel=\"noopener\">Progresywny bezpieczny system<\/a>, zamontowana na lewym naro\u017cniku pojazdu, ta kamera AI jest u\u017cywana jako cz\u0119\u015b\u0107 naszego BSIS (systemu informacji o martwym polu). Kamera jest dostarczana z mocowaniami oraz silikonowym klinem i podk\u0142adk\u0105. Nale\u017cy pami\u0119ta\u0107, \u017ce w celu zainstalowania tej kamery wymagany jest nasz zestaw instalacyjny do kalibracji.<\/p>","protected":false},"excerpt":{"rendered":"<p>Kamera naro\u017cna do systemu TrafficAngel Progressive Safe<\/p>","protected":false},"featured_media":1918,"template":"","meta":{"_acf_changed":false},"product_cat":[85,53],"product_tag":[],"class_list":{"0":"post-2346","1":"product","2":"type-product","3":"status-publish","4":"has-post-thumbnail","6":"product_cat-components","7":"product_cat-progressive-safe-system","9":"first","10":"instock","11":"taxable","12":"shipping-taxable","13":"purchasable","14":"product-type-simple"},"acf":[],"_links":{"self":[{"href":"https:\/\/www.trafficangel.co.uk\/pl\/wp-json\/wp\/v2\/product\/2346","targetHints":{"allow":["GET"]}}],"collection":[{"href":"https:\/\/www.trafficangel.co.uk\/pl\/wp-json\/wp\/v2\/product"}],"about":[{"href":"https:\/\/www.trafficangel.co.uk\/pl\/wp-json\/wp\/v2\/types\/product"}],"wp:featuredmedia":[{"embeddable":true,"href":"https:\/\/www.trafficangel.co.uk\/pl\/wp-json\/wp\/v2\/media\/1918"}],"wp:attachment":[{"href":"https:\/\/www.trafficangel.co.uk\/pl\/wp-json\/wp\/v2\/media?parent=2346"}],"wp:term":[{"taxonomy":"product_cat","embeddable":true,"href":"https:\/\/www.trafficangel.co.uk\/pl\/wp-json\/wp\/v2\/product_cat?post=2346"},{"taxonomy":"product_tag","embeddable":true,"href":"https:\/\/www.trafficangel.co.uk\/pl\/wp-json\/wp\/v2\/product_tag?post=2346"}],"curies":[{"name":"wp","href":"https:\/\/api.w.org\/{rel}","templated":true}]}}