{"id":1716,"date":"2024-01-19T12:50:48","date_gmt":"2024-01-19T12:50:48","guid":{"rendered":"https:\/\/trafficangel-qqzv.temp-dns.com\/product\/trafficangel-safe-system-angled-wedge-for-side-camera\/"},"modified":"2025-10-20T14:17:09","modified_gmt":"2025-10-20T14:17:09","slug":"boczny-naroznik-kamery-katowy-klin-do-systemu-trafficangel-progressive-safe","status":"publish","type":"product","link":"https:\/\/www.trafficangel.co.uk\/pl\/produkt-2\/boczny-naroznik-kamery-katowy-klin-do-systemu-trafficangel-progressive-safe\/","title":{"rendered":"Kamera boczna\/naro\u017cna k\u0105towa do systemu TrafficAngel Progressive Safe"},"content":{"rendered":"<p>Klin silikonowy do mocowania kamery, k\u0105towy, odpowiedni do TrafficAngel <a href=\"https:\/\/www.trafficangel.co.uk\/pl\/progresywny-system-bezpieczenstwa\/\" target=\"_blank\" rel=\"noopener\">Progresywny bezpieczny system<\/a>Kamery boczne i naro\u017cne (PSS-SC i PSS-CC).<\/p>","protected":false},"excerpt":{"rendered":"<p>Klin kamery bocznej\/naro\u017cnej do systemu TrafficAngel Progressive Safe<\/p>","protected":false},"featured_media":2278,"template":"","meta":{"_acf_changed":false},"product_cat":[85,53],"product_tag":[],"class_list":{"0":"post-1716","1":"product","2":"type-product","3":"status-publish","4":"has-post-thumbnail","6":"product_cat-components","7":"product_cat-progressive-safe-system","9":"first","10":"instock","11":"taxable","12":"shipping-taxable","13":"purchasable","14":"product-type-simple"},"acf":[],"_links":{"self":[{"href":"https:\/\/www.trafficangel.co.uk\/pl\/wp-json\/wp\/v2\/product\/1716","targetHints":{"allow":["GET"]}}],"collection":[{"href":"https:\/\/www.trafficangel.co.uk\/pl\/wp-json\/wp\/v2\/product"}],"about":[{"href":"https:\/\/www.trafficangel.co.uk\/pl\/wp-json\/wp\/v2\/types\/product"}],"wp:featuredmedia":[{"embeddable":true,"href":"https:\/\/www.trafficangel.co.uk\/pl\/wp-json\/wp\/v2\/media\/2278"}],"wp:attachment":[{"href":"https:\/\/www.trafficangel.co.uk\/pl\/wp-json\/wp\/v2\/media?parent=1716"}],"wp:term":[{"taxonomy":"product_cat","embeddable":true,"href":"https:\/\/www.trafficangel.co.uk\/pl\/wp-json\/wp\/v2\/product_cat?post=1716"},{"taxonomy":"product_tag","embeddable":true,"href":"https:\/\/www.trafficangel.co.uk\/pl\/wp-json\/wp\/v2\/product_tag?post=1716"}],"curies":[{"name":"wp","href":"https:\/\/api.w.org\/{rel}","templated":true}]}}