{"id":1713,"date":"2024-01-19T12:50:48","date_gmt":"2024-01-19T12:50:48","guid":{"rendered":"https:\/\/trafficangel-qqzv.temp-dns.com\/product\/trafficangel-safe-system-power-gps-gyro-trigger-cable\/"},"modified":"2025-10-20T11:01:45","modified_gmt":"2025-10-20T11:01:45","slug":"kabel-wyzwalacza-zyroskopu-power-gps-do-progresywnego-systemu-bezpieczenstwa-trafficangel","status":"publish","type":"product","link":"https:\/\/www.trafficangel.co.uk\/pl\/produkt-2\/kabel-wyzwalacza-zyroskopu-power-gps-do-progresywnego-systemu-bezpieczenstwa-trafficangel\/","title":{"rendered":"Kabel zasilaj\u0105cy\/GPS-\u017cyroskop\/wyzwalacz do systemu TrafficAngel Progressive Safe"},"content":{"rendered":"<p>Kabel do pod\u0142\u0105czenia modu\u0142u \u017cyroskopu\/GPS, alarmu skr\u0119tu i prze\u0142\u0105cznika omijaj\u0105cego, a tak\u017ce zapewniaj\u0105cy wej\u015bcia dla lewego, prawego i postojowego hamulca, wszystkie pod\u0142\u0105czone do <a href=\"https:\/\/www.trafficangel.co.uk\/pl\/progresywny-system-bezpieczenstwa\/\" target=\"_blank\" rel=\"noopener\">Progresywny bezpieczny system<\/a> Sterownik PSS.<\/p>","protected":false},"excerpt":{"rendered":"<p>Kabel zasilaj\u0105cy\/GPS-\u017cyroskop\/wyzwalacz do progresywnego systemu bezpiecze\u0144stwa TrafficAngel<\/p>","protected":false},"featured_media":1924,"template":"","meta":{"_acf_changed":false},"product_cat":[85,53],"product_tag":[],"class_list":{"0":"post-1713","1":"product","2":"type-product","3":"status-publish","4":"has-post-thumbnail","6":"product_cat-components","7":"product_cat-progressive-safe-system","9":"first","10":"instock","11":"taxable","12":"shipping-taxable","13":"purchasable","14":"product-type-simple"},"acf":[],"_links":{"self":[{"href":"https:\/\/www.trafficangel.co.uk\/pl\/wp-json\/wp\/v2\/product\/1713","targetHints":{"allow":["GET"]}}],"collection":[{"href":"https:\/\/www.trafficangel.co.uk\/pl\/wp-json\/wp\/v2\/product"}],"about":[{"href":"https:\/\/www.trafficangel.co.uk\/pl\/wp-json\/wp\/v2\/types\/product"}],"wp:featuredmedia":[{"embeddable":true,"href":"https:\/\/www.trafficangel.co.uk\/pl\/wp-json\/wp\/v2\/media\/1924"}],"wp:attachment":[{"href":"https:\/\/www.trafficangel.co.uk\/pl\/wp-json\/wp\/v2\/media?parent=1713"}],"wp:term":[{"taxonomy":"product_cat","embeddable":true,"href":"https:\/\/www.trafficangel.co.uk\/pl\/wp-json\/wp\/v2\/product_cat?post=1713"},{"taxonomy":"product_tag","embeddable":true,"href":"https:\/\/www.trafficangel.co.uk\/pl\/wp-json\/wp\/v2\/product_tag?post=1713"}],"curies":[{"name":"wp","href":"https:\/\/api.w.org\/{rel}","templated":true}]}}