{"id":1708,"date":"2024-01-19T12:50:46","date_gmt":"2024-01-19T12:50:46","guid":{"rendered":"https:\/\/trafficangel-qqzv.temp-dns.com\/product\/trafficangel-safe-system-front-camera-1080p-12v\/"},"modified":"2025-10-20T10:52:58","modified_gmt":"2025-10-20T10:52:58","slug":"kamera-przednia-do-systemu-bezpieczenstwa-trafficangel-progressive-safe","status":"publish","type":"product","link":"https:\/\/www.trafficangel.co.uk\/pl\/produkt-2\/kamera-przednia-do-systemu-bezpieczenstwa-trafficangel-progressive-safe\/","title":{"rendered":"Przednia kamera do systemu TrafficAngel Progressive Safe"},"content":{"rendered":"<p>Wewn\u0119trzna kamera przednia do u\u017cytku z TrafficAngel <a href=\"https:\/\/www.trafficangel.co.uk\/pl\/progresywny-system-bezpieczenstwa\/\">Progresywny bezpieczny system<\/a>, zamontowana na wewn\u0119trznej stronie przedniej szyby, ta kamera AI jest u\u017cywana jako cz\u0119\u015b\u0107 naszego MOIS (Moving Off Information System). Kamera jest dostarczana z mocn\u0105 samoprzylepn\u0105 podk\u0142adk\u0105 3M. Nale\u017cy pami\u0119ta\u0107, \u017ce w celu zainstalowania tej kamery wymagany jest nasz zestaw instalacyjny do kalibracji.<\/p>","protected":false},"excerpt":{"rendered":"<p>Przednia kamera do systemu TrafficAngel Progressive Safe<\/p>","protected":false},"featured_media":1961,"template":"","meta":{"_acf_changed":false},"product_cat":[85,53],"product_tag":[],"class_list":{"0":"post-1708","1":"product","2":"type-product","3":"status-publish","4":"has-post-thumbnail","6":"product_cat-components","7":"product_cat-progressive-safe-system","9":"first","10":"instock","11":"taxable","12":"shipping-taxable","13":"purchasable","14":"product-type-simple"},"acf":[],"_links":{"self":[{"href":"https:\/\/www.trafficangel.co.uk\/pl\/wp-json\/wp\/v2\/product\/1708","targetHints":{"allow":["GET"]}}],"collection":[{"href":"https:\/\/www.trafficangel.co.uk\/pl\/wp-json\/wp\/v2\/product"}],"about":[{"href":"https:\/\/www.trafficangel.co.uk\/pl\/wp-json\/wp\/v2\/types\/product"}],"wp:featuredmedia":[{"embeddable":true,"href":"https:\/\/www.trafficangel.co.uk\/pl\/wp-json\/wp\/v2\/media\/1961"}],"wp:attachment":[{"href":"https:\/\/www.trafficangel.co.uk\/pl\/wp-json\/wp\/v2\/media?parent=1708"}],"wp:term":[{"taxonomy":"product_cat","embeddable":true,"href":"https:\/\/www.trafficangel.co.uk\/pl\/wp-json\/wp\/v2\/product_cat?post=1708"},{"taxonomy":"product_tag","embeddable":true,"href":"https:\/\/www.trafficangel.co.uk\/pl\/wp-json\/wp\/v2\/product_tag?post=1708"}],"curies":[{"name":"wp","href":"https:\/\/api.w.org\/{rel}","templated":true}]}}