{"id":1705,"date":"2024-01-19T12:50:46","date_gmt":"2024-01-19T12:50:46","guid":{"rendered":"https:\/\/trafficangel-qqzv.temp-dns.com\/product\/trafficangel-safe-system-side-display-housing-for-a-pillar\/"},"modified":"2025-10-20T10:35:13","modified_gmt":"2025-10-20T10:35:13","slug":"obudowa-wyswietlacza-bocznego-do-slupka-dla-systemu-bezpieczenstwa-trafficangel-progressive","status":"publish","type":"product","link":"https:\/\/www.trafficangel.co.uk\/pl\/produkt-2\/obudowa-wyswietlacza-bocznego-do-slupka-dla-systemu-bezpieczenstwa-trafficangel-progressive\/","title":{"rendered":"Obudowa wy\u015bwietlacza bocznego na s\u0142upek A do systemu TrafficAngel Progressive Safe"},"content":{"rendered":"<p>Nasza obudowa wy\u015bwietlacza bocznego do monta\u017cu na s\u0142upku A po stronie pasa\u017cera. Nasz wewn\u0119trzny projekt sprawia, \u017ce TrafficAngel <a href=\"https:\/\/www.trafficangel.co.uk\/pl\/progresywny-system-bezpieczenstwa\/\">Progresywny bezpieczny system<\/a>G\u0142\u00f3wny wy\u015bwietlacz jest odporny na manipulacje, zgodnie ze specyfikacj\u0105 TfL. Jego odwracalna konstrukcja oznacza, \u017ce mo\u017cna go u\u017cywa\u0107 zar\u00f3wno w pojazdach z kierownic\u0105 po prawej, jak i po lewej stronie.<\/p>\n<p>W zestawie znajduj\u0105 si\u0119 elementy mocuj\u0105ce i podk\u0142adka piankowa.<\/p>","protected":false},"excerpt":{"rendered":"<p>Obudowa wy\u015bwietlacza bocznego na s\u0142upek A dla systemu TrafficAngel Progressive Safe<\/p>","protected":false},"featured_media":1954,"template":"","meta":{"_acf_changed":false},"product_cat":[85,53],"product_tag":[],"class_list":{"0":"post-1705","1":"product","2":"type-product","3":"status-publish","4":"has-post-thumbnail","6":"product_cat-components","7":"product_cat-progressive-safe-system","9":"first","10":"instock","11":"taxable","12":"shipping-taxable","13":"purchasable","14":"product-type-simple"},"acf":[],"_links":{"self":[{"href":"https:\/\/www.trafficangel.co.uk\/pl\/wp-json\/wp\/v2\/product\/1705","targetHints":{"allow":["GET"]}}],"collection":[{"href":"https:\/\/www.trafficangel.co.uk\/pl\/wp-json\/wp\/v2\/product"}],"about":[{"href":"https:\/\/www.trafficangel.co.uk\/pl\/wp-json\/wp\/v2\/types\/product"}],"wp:featuredmedia":[{"embeddable":true,"href":"https:\/\/www.trafficangel.co.uk\/pl\/wp-json\/wp\/v2\/media\/1954"}],"wp:attachment":[{"href":"https:\/\/www.trafficangel.co.uk\/pl\/wp-json\/wp\/v2\/media?parent=1705"}],"wp:term":[{"taxonomy":"product_cat","embeddable":true,"href":"https:\/\/www.trafficangel.co.uk\/pl\/wp-json\/wp\/v2\/product_cat?post=1705"},{"taxonomy":"product_tag","embeddable":true,"href":"https:\/\/www.trafficangel.co.uk\/pl\/wp-json\/wp\/v2\/product_tag?post=1705"}],"curies":[{"name":"wp","href":"https:\/\/api.w.org\/{rel}","templated":true}]}}