{"id":1583,"date":"2024-01-19T12:50:31","date_gmt":"2024-01-19T12:50:31","guid":{"rendered":"http:\/\/traffic-angel.local\/product\/volvo-monitor-interface-single-lead-with-4-pin-videopower\/"},"modified":"2025-10-20T14:10:21","modified_gmt":"2025-10-20T14:10:21","slug":"interfejs-monitora-volvo-pojedynczy-przewod-z-4-pinowym-zasilaniem-wideo","status":"publish","type":"product","link":"https:\/\/www.trafficangel.co.uk\/pl\/produkt-2\/interfejs-monitora-volvo-pojedynczy-przewod-z-4-pinowym-zasilaniem-wideo\/","title":{"rendered":"Interfejs monitora Volvo \u2013 pojedynczy przew\u00f3d z 4-stykowym z\u0142\u0105czem wideo i zasilaniem"},"content":{"rendered":"<p>Interfejs monitora Volvo \u2013 pojedynczy przew\u00f3d z 4-stykowym z\u0142\u0105czem wideo i zasilaniem<\/p>","protected":false},"excerpt":{"rendered":"<p>Interfejs monitora Volvo \u2013 pojedynczy przew\u00f3d z 4-stykowym z\u0142\u0105czem wideo i zasilaniem<\/p>","protected":false},"featured_media":2061,"template":"","meta":{"_acf_changed":false},"product_cat":[904],"product_tag":[],"class_list":{"0":"post-1583","1":"product","2":"type-product","3":"status-publish","4":"has-post-thumbnail","6":"product_cat-screen-interfaces","8":"first","9":"instock","10":"taxable","11":"shipping-taxable","12":"purchasable","13":"product-type-simple"},"acf":[],"_links":{"self":[{"href":"https:\/\/www.trafficangel.co.uk\/pl\/wp-json\/wp\/v2\/product\/1583","targetHints":{"allow":["GET"]}}],"collection":[{"href":"https:\/\/www.trafficangel.co.uk\/pl\/wp-json\/wp\/v2\/product"}],"about":[{"href":"https:\/\/www.trafficangel.co.uk\/pl\/wp-json\/wp\/v2\/types\/product"}],"wp:featuredmedia":[{"embeddable":true,"href":"https:\/\/www.trafficangel.co.uk\/pl\/wp-json\/wp\/v2\/media\/2061"}],"wp:attachment":[{"href":"https:\/\/www.trafficangel.co.uk\/pl\/wp-json\/wp\/v2\/media?parent=1583"}],"wp:term":[{"taxonomy":"product_cat","embeddable":true,"href":"https:\/\/www.trafficangel.co.uk\/pl\/wp-json\/wp\/v2\/product_cat?post=1583"},{"taxonomy":"product_tag","embeddable":true,"href":"https:\/\/www.trafficangel.co.uk\/pl\/wp-json\/wp\/v2\/product_tag?post=1583"}],"curies":[{"name":"wp","href":"https:\/\/api.w.org\/{rel}","templated":true}]}}