{"id":1552,"date":"2024-01-19T12:50:21","date_gmt":"2024-01-19T12:50:21","guid":{"rendered":"http:\/\/traffic-angel.local\/product\/4-channel-sd-card-dvr-js2-inc-lrb-cdt2-gps\/"},"modified":"2025-11-12T13:52:43","modified_gmt":"2025-11-12T13:52:43","slug":"4-kanalowy-podwojny-rejestrator-dvr-na-karte-sd-z-gps","status":"publish","type":"product","link":"https:\/\/www.trafficangel.co.uk\/pl\/produkt-2\/4-kanalowy-podwojny-rejestrator-dvr-na-karte-sd-z-gps\/","title":{"rendered":"4-kana\u0142owy podw\u00f3jny rejestrator DVR z kart\u0105 SD i GPS"},"content":{"rendered":"<p>Anio\u0142 ruchu <a href=\"https:\/\/www.trafficangel.co.uk\/pl\/digital-video-recorders\/\">Cyfrowe rejestratory wideo<\/a> (DVR) offer a reliable and secure way of recording multiple cameras around your vehicles, with a wide range of features, our range offers flexibility to tailor recording solutions to your requirements. Our DVRs bring great benefits to all sectors, from fleet operators to one-off bespoke projects. Safety around vehicles is paramount, and our DVRs help to promote safer driving practices with more accountability. Recording systems also save money, capturing clear evidence in case of incidents, eliminating false insurance claims and therefore providing significant savings on insurance premiums. The security provided by having a recording system also safeguards drivers, vehicles and assets, working as a preventative measure deterring criminal activity.<\/p>","protected":false},"excerpt":{"rendered":"<p>4-kana\u0142owy, podw\u00f3jny rejestrator DVR na kart\u0119 SD z GPS. Dowiedz si\u0119 wi\u0119cej o naszym <a href=\"https:\/\/www.trafficangel.co.uk\/pl\/digital-video-recorders\/\" target=\"_blank\" rel=\"noopener\">Cyfrowe rejestratory wideo<\/a>.<\/p>","protected":false},"featured_media":1040,"template":"","meta":{"_acf_changed":false},"product_cat":[19,48],"product_tag":[],"class_list":{"0":"post-1552","1":"product","2":"type-product","3":"status-publish","4":"has-post-thumbnail","6":"product_cat-video-recording-systems","7":"product_cat-dvrs","9":"first","10":"instock","11":"taxable","12":"shipping-taxable","13":"purchasable","14":"product-type-simple"},"acf":[],"_links":{"self":[{"href":"https:\/\/www.trafficangel.co.uk\/pl\/wp-json\/wp\/v2\/product\/1552","targetHints":{"allow":["GET"]}}],"collection":[{"href":"https:\/\/www.trafficangel.co.uk\/pl\/wp-json\/wp\/v2\/product"}],"about":[{"href":"https:\/\/www.trafficangel.co.uk\/pl\/wp-json\/wp\/v2\/types\/product"}],"wp:featuredmedia":[{"embeddable":true,"href":"https:\/\/www.trafficangel.co.uk\/pl\/wp-json\/wp\/v2\/media\/1040"}],"wp:attachment":[{"href":"https:\/\/www.trafficangel.co.uk\/pl\/wp-json\/wp\/v2\/media?parent=1552"}],"wp:term":[{"taxonomy":"product_cat","embeddable":true,"href":"https:\/\/www.trafficangel.co.uk\/pl\/wp-json\/wp\/v2\/product_cat?post=1552"},{"taxonomy":"product_tag","embeddable":true,"href":"https:\/\/www.trafficangel.co.uk\/pl\/wp-json\/wp\/v2\/product_tag?post=1552"}],"curies":[{"name":"wp","href":"https:\/\/api.w.org\/{rel}","templated":true}]}}