{"id":1490,"date":"2024-01-19T12:49:58","date_gmt":"2024-01-19T12:49:58","guid":{"rendered":"http:\/\/traffic-angel.local\/product\/rca-splitter-cable-type-1-female-to-2-male\/"},"modified":"2025-10-20T12:43:23","modified_gmt":"2025-10-20T12:43:23","slug":"kabel-rozdzielajacy-rca-typu-1-zenski-na-2-meskie","status":"publish","type":"product","link":"https:\/\/www.trafficangel.co.uk\/pl\/produkt-2\/kabel-rozdzielajacy-rca-typu-1-zenski-na-2-meskie\/","title":{"rendered":"Rozdzielacz RCA (typ kabla, 1 \u017ce\u0144ski na 2 m\u0119skie)"},"content":{"rendered":"","protected":false},"excerpt":{"rendered":"<p>Rozdzielacz RCA (typ kablowy, 1 \u017ce\u0144ski na 2 m\u0119skie)<\/p>","protected":false},"featured_media":652,"template":"","meta":{"_acf_changed":false},"product_cat":[26,28],"product_tag":[],"class_list":{"0":"post-1490","1":"product","2":"type-product","3":"status-publish","4":"has-post-thumbnail","6":"product_cat-cables-accessories","7":"product_cat-miscellaneous","9":"first","10":"instock","11":"taxable","12":"shipping-taxable","13":"purchasable","14":"product-type-simple"},"acf":[],"_links":{"self":[{"href":"https:\/\/www.trafficangel.co.uk\/pl\/wp-json\/wp\/v2\/product\/1490","targetHints":{"allow":["GET"]}}],"collection":[{"href":"https:\/\/www.trafficangel.co.uk\/pl\/wp-json\/wp\/v2\/product"}],"about":[{"href":"https:\/\/www.trafficangel.co.uk\/pl\/wp-json\/wp\/v2\/types\/product"}],"wp:featuredmedia":[{"embeddable":true,"href":"https:\/\/www.trafficangel.co.uk\/pl\/wp-json\/wp\/v2\/media\/652"}],"wp:attachment":[{"href":"https:\/\/www.trafficangel.co.uk\/pl\/wp-json\/wp\/v2\/media?parent=1490"}],"wp:term":[{"taxonomy":"product_cat","embeddable":true,"href":"https:\/\/www.trafficangel.co.uk\/pl\/wp-json\/wp\/v2\/product_cat?post=1490"},{"taxonomy":"product_tag","embeddable":true,"href":"https:\/\/www.trafficangel.co.uk\/pl\/wp-json\/wp\/v2\/product_tag?post=1490"}],"curies":[{"name":"wp","href":"https:\/\/api.w.org\/{rel}","templated":true}]}}