{"id":1473,"date":"2024-01-19T12:49:55","date_gmt":"2024-01-19T12:49:55","guid":{"rendered":"http:\/\/traffic-angel.local\/product\/fhd-internal-ip-camera-1080p-audio-12v-ir-poe-6-pin-rj45\/"},"modified":"2025-12-15T11:25:13","modified_gmt":"2025-12-15T11:25:13","slug":"pelna-wewnetrzna-kamera-ip-hd-1080p-dzwiek-ir-poe","status":"publish","type":"product","link":"https:\/\/www.trafficangel.co.uk\/pl\/produkt-2\/pelna-wewnetrzna-kamera-ip-hd-1080p-dzwiek-ir-poe\/","title":{"rendered":"Pe\u0142na kamera wewn\u0119trzna IP HD \u2013 1080p, d\u017awi\u0119k, podczerwie\u0144, PoE"},"content":{"rendered":"<p>Pe\u0142na kamera wewn\u0119trzna IP HD \u2013 1080p, d\u017awi\u0119k, podczerwie\u0144, PoE<\/p>\n<p>This Full HD Internal IP Camera is part of the TrafficAngel security packages, our <a href=\"https:\/\/www.trafficangel.co.uk\/pl\/systemy-kamer-do-furgonetek\/\">systemy kamer do furgonetek<\/a>\u00a0zapewniaj\u0105 kompleksow\u0105 widoczno\u015b\u0107, aby wspiera\u0107 \u015bwiadomo\u015b\u0107 kierowcy i bezpiecze\u0144stwo pojazdu. Zosta\u0142y zaprojektowane, aby sprosta\u0107 wymaganiom\u00a0<a href=\"https:\/\/www.trafficangel.co.uk\/pl\/londynskie-dvs\/\">Standard bezpo\u015bredniego widzenia<\/a>\u00a0(DVS) i\u00a0<a href=\"https:\/\/www.trafficangel.co.uk\/pl\/progresywny-system-bezpieczenstwa-2024\/\">Progresywny bezpieczny system<\/a>\u00a0(PSS), w tym aktualizacje PSS na rok 2024 wprowadzone przez Transport for London, zapewniaj\u0105c zgodno\u015b\u0107 Twojej floty teraz i w przysz\u0142ych fazach egzekwowania.<\/p>","protected":false},"excerpt":{"rendered":"<p>Kamera wewn\u0119trzna Full HD IP \u2013 1080p, d\u017awi\u0119k, podczerwie\u0144, PoE<\/p>","protected":false},"featured_media":2097,"template":"","meta":{"_acf_changed":false},"product_cat":[37,40],"product_tag":[],"class_list":{"0":"post-1473","1":"product","2":"type-product","3":"status-publish","4":"has-post-thumbnail","6":"product_cat-cameras","7":"product_cat-internal-and-ip-cameras","9":"first","10":"instock","11":"taxable","12":"shipping-taxable","13":"purchasable","14":"product-type-simple"},"acf":[],"_links":{"self":[{"href":"https:\/\/www.trafficangel.co.uk\/pl\/wp-json\/wp\/v2\/product\/1473","targetHints":{"allow":["GET"]}}],"collection":[{"href":"https:\/\/www.trafficangel.co.uk\/pl\/wp-json\/wp\/v2\/product"}],"about":[{"href":"https:\/\/www.trafficangel.co.uk\/pl\/wp-json\/wp\/v2\/types\/product"}],"wp:featuredmedia":[{"embeddable":true,"href":"https:\/\/www.trafficangel.co.uk\/pl\/wp-json\/wp\/v2\/media\/2097"}],"wp:attachment":[{"href":"https:\/\/www.trafficangel.co.uk\/pl\/wp-json\/wp\/v2\/media?parent=1473"}],"wp:term":[{"taxonomy":"product_cat","embeddable":true,"href":"https:\/\/www.trafficangel.co.uk\/pl\/wp-json\/wp\/v2\/product_cat?post=1473"},{"taxonomy":"product_tag","embeddable":true,"href":"https:\/\/www.trafficangel.co.uk\/pl\/wp-json\/wp\/v2\/product_tag?post=1473"}],"curies":[{"name":"wp","href":"https:\/\/api.w.org\/{rel}","templated":true}]}}