{"id":1461,"date":"2024-01-19T12:49:52","date_gmt":"2024-01-19T12:49:52","guid":{"rendered":"http:\/\/traffic-angel.local\/product\/hd-black-side-camera-720p-audio-12v-ir-150\/"},"modified":"2025-12-15T09:42:10","modified_gmt":"2025-12-15T09:42:10","slug":"czarna-kamera-boczna-hd-720p-dzwiek-ir-150","status":"publish","type":"product","link":"https:\/\/www.trafficangel.co.uk\/pl\/produkt-2\/czarna-kamera-boczna-hd-720p-dzwiek-ir-150\/","title":{"rendered":"Kamera boczna HD Black \u2013 720p, d\u017awi\u0119k, podczerwie\u0144, 150\u00b0"},"content":{"rendered":"<p>Kamera boczna HD Black \u2013 720p, d\u017awi\u0119k, podczerwie\u0144, 150\u00b0<\/p>\n<p>Cz\u0119\u015b\u0107 zaufanych pakiet\u00f3w bezpiecze\u0144stwa TrafficAngel, nasz <a href=\"https:\/\/www.trafficangel.co.uk\/pl\/systemy-kamer-do-furgonetek\/\">systemy kamer do furgonetek<\/a> zapewniaj\u0105 kompleksow\u0105 widoczno\u015b\u0107, aby wspiera\u0107 \u015bwiadomo\u015b\u0107 kierowcy i bezpiecze\u0144stwo pojazdu. Zosta\u0142y zaprojektowane, aby sprosta\u0107 wymaganiom <a href=\"https:\/\/www.trafficangel.co.uk\/pl\/londynskie-dvs\/\">Standard bezpo\u015bredniego widzenia<\/a> (DVS) i <a href=\"https:\/\/www.trafficangel.co.uk\/pl\/progresywny-system-bezpieczenstwa-2024\/\">Progresywny bezpieczny system<\/a> (PSS), w tym aktualizacje PSS na rok 2024 wprowadzone przez Transport for London, zapewniaj\u0105c zgodno\u015b\u0107 Twojej floty teraz i w przysz\u0142ych fazach egzekwowania.<\/p>","protected":false},"excerpt":{"rendered":"<p>Kamera boczna HD Black \u2013 720p, d\u017awi\u0119k, podczerwie\u0144, 150\u00b0<\/p>","protected":false},"featured_media":938,"template":"","meta":{"_acf_changed":false},"product_cat":[37,42],"product_tag":[],"class_list":{"0":"post-1461","1":"product","2":"type-product","3":"status-publish","4":"has-post-thumbnail","6":"product_cat-cameras","7":"product_cat-side-cameras","9":"first","10":"instock","11":"taxable","12":"shipping-taxable","13":"purchasable","14":"product-type-simple"},"acf":[],"_links":{"self":[{"href":"https:\/\/www.trafficangel.co.uk\/pl\/wp-json\/wp\/v2\/product\/1461","targetHints":{"allow":["GET"]}}],"collection":[{"href":"https:\/\/www.trafficangel.co.uk\/pl\/wp-json\/wp\/v2\/product"}],"about":[{"href":"https:\/\/www.trafficangel.co.uk\/pl\/wp-json\/wp\/v2\/types\/product"}],"wp:featuredmedia":[{"embeddable":true,"href":"https:\/\/www.trafficangel.co.uk\/pl\/wp-json\/wp\/v2\/media\/938"}],"wp:attachment":[{"href":"https:\/\/www.trafficangel.co.uk\/pl\/wp-json\/wp\/v2\/media?parent=1461"}],"wp:term":[{"taxonomy":"product_cat","embeddable":true,"href":"https:\/\/www.trafficangel.co.uk\/pl\/wp-json\/wp\/v2\/product_cat?post=1461"},{"taxonomy":"product_tag","embeddable":true,"href":"https:\/\/www.trafficangel.co.uk\/pl\/wp-json\/wp\/v2\/product_tag?post=1461"}],"curies":[{"name":"wp","href":"https:\/\/api.w.org\/{rel}","templated":true}]}}