{"id":1447,"date":"2024-01-19T12:49:45","date_gmt":"2024-01-19T12:49:45","guid":{"rendered":"http:\/\/traffic-angel.local\/product\/full-hd-white-side-camera-1080p-audio-12v-ir-150\/"},"modified":"2025-12-15T09:31:23","modified_gmt":"2025-12-15T09:31:23","slug":"pelna-rozdzielczosc-hd-biala-kamera-boczna-dzwiek-1080p-podczerwien-150","status":"publish","type":"product","link":"https:\/\/www.trafficangel.co.uk\/pl\/produkt-2\/pelna-rozdzielczosc-hd-biala-kamera-boczna-dzwiek-1080p-podczerwien-150\/","title":{"rendered":"Bia\u0142a kamera boczna Full HD \u2013 1080p, d\u017awi\u0119k, podczerwie\u0144, 150\u00b0"},"content":{"rendered":"<p>Bia\u0142a kamera boczna Full HD \u2013 1080p, d\u017awi\u0119k, podczerwie\u0144, 150\u00b0<\/p>\n<p>Part of the TrafficAngel commercial transport security packages, our <a href=\"https:\/\/www.trafficangel.co.uk\/pl\/systemy-kamer-do-furgonetek\/\">systemy kamer do furgonetek<\/a> offer reliable, all-round visibility to help protect your vehicles, drivers, and cargo.<\/p>","protected":false},"excerpt":{"rendered":"<p>Bia\u0142a kamera boczna Full HD \u2013 1080p, d\u017awi\u0119k, podczerwie\u0144, 150\u00b0<\/p>","protected":false},"featured_media":937,"template":"","meta":{"_acf_changed":false},"product_cat":[37,42],"product_tag":[],"class_list":{"0":"post-1447","1":"product","2":"type-product","3":"status-publish","4":"has-post-thumbnail","6":"product_cat-cameras","7":"product_cat-side-cameras","9":"first","10":"instock","11":"taxable","12":"shipping-taxable","13":"purchasable","14":"product-type-simple"},"acf":[],"_links":{"self":[{"href":"https:\/\/www.trafficangel.co.uk\/pl\/wp-json\/wp\/v2\/product\/1447","targetHints":{"allow":["GET"]}}],"collection":[{"href":"https:\/\/www.trafficangel.co.uk\/pl\/wp-json\/wp\/v2\/product"}],"about":[{"href":"https:\/\/www.trafficangel.co.uk\/pl\/wp-json\/wp\/v2\/types\/product"}],"wp:featuredmedia":[{"embeddable":true,"href":"https:\/\/www.trafficangel.co.uk\/pl\/wp-json\/wp\/v2\/media\/937"}],"wp:attachment":[{"href":"https:\/\/www.trafficangel.co.uk\/pl\/wp-json\/wp\/v2\/media?parent=1447"}],"wp:term":[{"taxonomy":"product_cat","embeddable":true,"href":"https:\/\/www.trafficangel.co.uk\/pl\/wp-json\/wp\/v2\/product_cat?post=1447"},{"taxonomy":"product_tag","embeddable":true,"href":"https:\/\/www.trafficangel.co.uk\/pl\/wp-json\/wp\/v2\/product_tag?post=1447"}],"curies":[{"name":"wp","href":"https:\/\/api.w.org\/{rel}","templated":true}]}}