{"id":1442,"date":"2024-01-19T12:49:45","date_gmt":"2024-01-19T12:49:45","guid":{"rendered":"http:\/\/traffic-angel.local\/product\/forward-facing-dvr-camera-w-nearside-camera-or-rear-camera\/"},"modified":"2025-10-20T09:31:50","modified_gmt":"2025-10-20T09:31:50","slug":"2-kanalowy-system-nagrywania-z-kamery-samochodowej-skierowanej-do-przodu","status":"publish","type":"product","link":"https:\/\/www.trafficangel.co.uk\/pl\/produkt-2\/2-kanalowy-system-nagrywania-z-kamery-samochodowej-skierowanej-do-przodu\/","title":{"rendered":"2-kana\u0142owy system nagrywania z kamer\u0105 samochodow\u0105 skierowan\u0105 do przodu"},"content":{"rendered":"<p>Dwukana\u0142owy system nagrywania z kamery samochodowej skierowanej do przodu (nr kat. FFDVR2) zosta\u0142 stworzony z my\u015bl\u0105 o wydajnym monitorowaniu floty i zwi\u0119kszeniu bezpiecze\u0144stwa kierowc\u00f3w. Wyposa\u017cony w dwie kamery 170\u00b0: jedn\u0105 skierowan\u0105 do przodu w rozdzielczo\u015bci 1080p i drug\u0105 w rozdzielczo\u015bci D1\/720p, system ten precyzyjnie rejestruje rozleg\u0142e obszary dr\u00f3g. Wbudowany GPS oznacza ka\u017cde zdarzenie znacznikiem czasu, a kompresja wideo H.264 zapewnia wydajne przechowywanie na kartach SD o pojemno\u015bci do 256 GB. Dzi\u0119ki detekcji ruchu, bezpiecznej, zamykanej na klucz obudowie karty SD oraz kompatybilno\u015bci ze standardami wideo AHD i CVBS, oferuje profesjonaln\u0105 niezawodno\u015b\u0107. Wystarczaj\u0105co wytrzyma\u0142y dla pojazd\u00f3w u\u017cytkowych, FFDVR2 oferuje r\u00f3wnie\u017c \u0142\u0105czno\u015b\u0107 GPS i posiada mini z\u0142\u0105cze USB.<\/p>\n<p>Zam\u00f3wienia z\u0142o\u017cone przed godzin\u0105 13:00 s\u0105 wysy\u0142ane tego samego dnia, a system jest w pe\u0142ni kompatybilny z us\u0142ug\u0105 przygotowania Traffic Angel, co zapewnia bezproblemow\u0105 instalacj\u0119. Idealny dla <a href=\"https:\/\/www.trafficangel.co.uk\/pl\/fleet-dashcams\/\">floty<\/a>ma\u0142e firmy lub jednorazowe zakupy.<\/p>","protected":false},"excerpt":{"rendered":"<p>2-kana\u0142owy system nagrywania z kamer\u0105 samochodow\u0105 skierowan\u0105 do przodu<\/p>","protected":false},"featured_media":628,"template":"","meta":{"_acf_changed":false},"product_cat":[19,39],"product_tag":[],"class_list":{"0":"post-1442","1":"product","2":"type-product","3":"status-publish","4":"has-post-thumbnail","6":"product_cat-video-recording-systems","7":"product_cat-dash-cameras","9":"first","10":"instock","11":"taxable","12":"shipping-taxable","13":"purchasable","14":"product-type-simple"},"acf":[],"_links":{"self":[{"href":"https:\/\/www.trafficangel.co.uk\/pl\/wp-json\/wp\/v2\/product\/1442","targetHints":{"allow":["GET"]}}],"collection":[{"href":"https:\/\/www.trafficangel.co.uk\/pl\/wp-json\/wp\/v2\/product"}],"about":[{"href":"https:\/\/www.trafficangel.co.uk\/pl\/wp-json\/wp\/v2\/types\/product"}],"wp:featuredmedia":[{"embeddable":true,"href":"https:\/\/www.trafficangel.co.uk\/pl\/wp-json\/wp\/v2\/media\/628"}],"wp:attachment":[{"href":"https:\/\/www.trafficangel.co.uk\/pl\/wp-json\/wp\/v2\/media?parent=1442"}],"wp:term":[{"taxonomy":"product_cat","embeddable":true,"href":"https:\/\/www.trafficangel.co.uk\/pl\/wp-json\/wp\/v2\/product_cat?post=1442"},{"taxonomy":"product_tag","embeddable":true,"href":"https:\/\/www.trafficangel.co.uk\/pl\/wp-json\/wp\/v2\/product_tag?post=1442"}],"curies":[{"name":"wp","href":"https:\/\/api.w.org\/{rel}","templated":true}]}}