{"id":1430,"date":"2024-01-19T12:49:39","date_gmt":"2024-01-19T12:49:39","guid":{"rendered":"http:\/\/traffic-angel.local\/product\/short-dvr-flylead-4-pin-rca-female-dc-male-2\/"},"modified":"2025-10-20T09:21:45","modified_gmt":"2025-10-20T09:21:45","slug":"krotki-przewod-zasilajacy-dvr-4-pinowy-rca-zenski-dc-meski-2","status":"publish","type":"product","link":"https:\/\/www.trafficangel.co.uk\/pl\/produkt-2\/krotki-przewod-zasilajacy-dvr-4-pinowy-rca-zenski-dc-meski-2\/","title":{"rendered":"Kr\u00f3tki przew\u00f3d DVR Flylead (4-stykowy \u2013 \u017ce\u0144ski RCA i m\u0119ski DC)"},"content":{"rendered":"<p>Kr\u00f3tki przew\u00f3d DVR (4-pinowy \u2013 \u017ce\u0144ski RCA i m\u0119ski DC) umo\u017cliwia pod\u0142\u0105czenie <a href=\"https:\/\/www.trafficangel.co.uk\/pl\/kamery\/\" target=\"_blank\" rel=\"noopener\">kamery<\/a> Szybkie i proste pod\u0142\u0105czanie do system\u00f3w DVR. Zaprojektowany do po\u0142\u0105cze\u0144 kr\u00f3tkodystansowych, konwertuje standardowe 4-pinowe z\u0142\u0105cze kamery na wyj\u015bcia RCA i DC, umo\u017cliwiaj\u0105c elastyczn\u0105 integracj\u0119 z r\u00f3\u017cnymi urz\u0105dzeniami nagrywaj\u0105cymi. Kompaktowa d\u0142ugo\u015b\u0107 pomaga zminimalizowa\u0107 nadmiar okablowania, zapewniaj\u0105c porz\u0105dek i wydajno\u015b\u0107 instalacji. Zbudowany z trwa\u0142ych z\u0142\u0105czy, ten przew\u00f3d zapewnia niezawodn\u0105 transmisj\u0119 obrazu i zasilania, zapewniaj\u0105c stabiln\u0105 i d\u0142ugotrwa\u0142\u0105 prac\u0119 w pojazdach flotowych.<\/p>","protected":false},"excerpt":{"rendered":"<p>Kr\u00f3tki przew\u00f3d DVR Flylead (4-stykowy \u2013 \u017ce\u0144ski RCA i m\u0119ski DC)<\/p>","protected":false},"featured_media":495,"template":"","meta":{"_acf_changed":false},"product_cat":[83],"product_tag":[],"class_list":{"0":"post-1430","1":"product","2":"type-product","3":"status-publish","4":"has-post-thumbnail","6":"product_cat-accessories-video-recording-systems","8":"first","9":"instock","10":"taxable","11":"shipping-taxable","12":"purchasable","13":"product-type-simple"},"acf":[],"_links":{"self":[{"href":"https:\/\/www.trafficangel.co.uk\/pl\/wp-json\/wp\/v2\/product\/1430","targetHints":{"allow":["GET"]}}],"collection":[{"href":"https:\/\/www.trafficangel.co.uk\/pl\/wp-json\/wp\/v2\/product"}],"about":[{"href":"https:\/\/www.trafficangel.co.uk\/pl\/wp-json\/wp\/v2\/types\/product"}],"wp:featuredmedia":[{"embeddable":true,"href":"https:\/\/www.trafficangel.co.uk\/pl\/wp-json\/wp\/v2\/media\/495"}],"wp:attachment":[{"href":"https:\/\/www.trafficangel.co.uk\/pl\/wp-json\/wp\/v2\/media?parent=1430"}],"wp:term":[{"taxonomy":"product_cat","embeddable":true,"href":"https:\/\/www.trafficangel.co.uk\/pl\/wp-json\/wp\/v2\/product_cat?post=1430"},{"taxonomy":"product_tag","embeddable":true,"href":"https:\/\/www.trafficangel.co.uk\/pl\/wp-json\/wp\/v2\/product_tag?post=1430"}],"curies":[{"name":"wp","href":"https:\/\/api.w.org\/{rel}","templated":true}]}}