{"id":1427,"date":"2024-01-19T12:49:39","date_gmt":"2024-01-19T12:49:39","guid":{"rendered":"http:\/\/traffic-angel.local\/product\/24-12v-voltage-dropper-red-black-ip-op-wires\/"},"modified":"2025-10-20T09:20:04","modified_gmt":"2025-10-20T09:20:04","slug":"24v-to-12v-voltage-dropper-red-black-ip-op-wires","status":"publish","type":"product","link":"https:\/\/www.trafficangel.co.uk\/pl\/produkt-2\/24v-to-12v-voltage-dropper-red-black-ip-op-wires\/","title":{"rendered":"Reduktor napi\u0119cia 24 V do 12 V, przewody IP\/OP czerwony + czarny"},"content":{"rendered":"<p>24V do 12V Voltage Dropper bezpiecznie redukuje moc pojazdu 24V do 12V, umo\u017cliwiaj\u0105c dzia\u0142anie sprz\u0119tu 12V w pojazdach u\u017cytkowych. Dzi\u0119ki prostemu okablowaniu wej\u015bcia\/wyj\u015bcia w kolorze czerwonym i czarnym jest \u0142atwy w instalacji i idealnie nadaje si\u0119 do zasilania <a href=\"https:\/\/www.trafficangel.co.uk\/pl\/kamery\/\" target=\"_blank\" rel=\"noopener\">kamery<\/a>, <a href=\"https:\/\/www.trafficangel.co.uk\/pl\/monitory\/\" target=\"_blank\" rel=\"noopener\">monitory<\/a>, I <a href=\"https:\/\/www.trafficangel.co.uk\/pl\/progresywny-system-bezpieczenstwa\/\" target=\"_blank\" rel=\"noopener\">systemy bezpiecze\u0144stwa<\/a>.<\/p>","protected":false},"excerpt":{"rendered":"<p>Regulator napi\u0119cia 24 V na 12 V bezpiecznie zmniejsza napi\u0119cie pojazdu wynosz\u0105ce 24 V do 12 V, umo\u017cliwiaj\u0105c dzia\u0142anie sprz\u0119tu 12 V w pojazdach u\u017cytkowych.<\/p>","protected":false},"featured_media":498,"template":"","meta":{"_acf_changed":false},"product_cat":[26,28],"product_tag":[],"class_list":{"0":"post-1427","1":"product","2":"type-product","3":"status-publish","4":"has-post-thumbnail","6":"product_cat-cables-accessories","7":"product_cat-miscellaneous","9":"first","10":"instock","11":"taxable","12":"shipping-taxable","13":"purchasable","14":"product-type-simple"},"acf":[],"_links":{"self":[{"href":"https:\/\/www.trafficangel.co.uk\/pl\/wp-json\/wp\/v2\/product\/1427","targetHints":{"allow":["GET"]}}],"collection":[{"href":"https:\/\/www.trafficangel.co.uk\/pl\/wp-json\/wp\/v2\/product"}],"about":[{"href":"https:\/\/www.trafficangel.co.uk\/pl\/wp-json\/wp\/v2\/types\/product"}],"wp:featuredmedia":[{"embeddable":true,"href":"https:\/\/www.trafficangel.co.uk\/pl\/wp-json\/wp\/v2\/media\/498"}],"wp:attachment":[{"href":"https:\/\/www.trafficangel.co.uk\/pl\/wp-json\/wp\/v2\/media?parent=1427"}],"wp:term":[{"taxonomy":"product_cat","embeddable":true,"href":"https:\/\/www.trafficangel.co.uk\/pl\/wp-json\/wp\/v2\/product_cat?post=1427"},{"taxonomy":"product_tag","embeddable":true,"href":"https:\/\/www.trafficangel.co.uk\/pl\/wp-json\/wp\/v2\/product_tag?post=1427"}],"curies":[{"name":"wp","href":"https:\/\/api.w.org\/{rel}","templated":true}]}}