{"id":1419,"date":"2024-01-19T12:49:35","date_gmt":"2024-01-19T12:49:35","guid":{"rendered":"http:\/\/traffic-angel.local\/product\/automatic-timer-for-night-time-shut-off-for-left-turn\/"},"modified":"2025-10-20T09:13:03","modified_gmt":"2025-10-20T09:13:03","slug":"automatyczny-timer-do-nocnego-wylaczania-alarmow-skretu","status":"publish","type":"product","link":"https:\/\/www.trafficangel.co.uk\/pl\/produkt-2\/automatyczny-timer-do-nocnego-wylaczania-alarmow-skretu\/","title":{"rendered":"Automatyczny timer do nocnego obej\u015bcia alarm\u00f3w skr\u0119tu"},"content":{"rendered":"<p>Automatyczny timer do nocnego obej\u015bcia alarm\u00f3w skr\u0119tu pozwala flotom spe\u0142nia\u0107 miejskie ograniczenia ha\u0142asu bez nara\u017cania bezpiecze\u0144stwa. Po ustawieniu timer automatycznie wycisza alarmy skr\u0119tu w wyznaczonych godzinach nocnych, przywracaj\u0105c pe\u0142n\u0105 funkcj\u0119 alarmu w ci\u0105gu dnia. To w pe\u0142ni zautomatyzowane rozwi\u0105zanie zmniejsza obci\u0105\u017cenie kierowcy, zapobiega niepotrzebnym skargom na ha\u0142as i zapewnia zgodno\u015b\u0107 pojazd\u00f3w z wymogami bezpiecze\u0144stwa i ochrony \u015brodowiska. Zbudowany do niezawodnego, d\u0142ugoterminowego u\u017cytkowania w wymagaj\u0105cych operacjach flotowych.<\/p>","protected":false},"excerpt":{"rendered":"<p>Automatyczny timer do nocnego obej\u015bcia alarm\u00f3w skr\u0119tu<\/p>","protected":false},"featured_media":1054,"template":"","meta":{"_acf_changed":false},"product_cat":[33,34],"product_tag":[],"class_list":{"0":"post-1419","1":"product","2":"type-product","3":"status-publish","4":"has-post-thumbnail","6":"product_cat-alarms","7":"product_cat-turn-alarms","9":"first","10":"instock","11":"taxable","12":"shipping-taxable","13":"purchasable","14":"product-type-simple"},"acf":[],"_links":{"self":[{"href":"https:\/\/www.trafficangel.co.uk\/pl\/wp-json\/wp\/v2\/product\/1419","targetHints":{"allow":["GET"]}}],"collection":[{"href":"https:\/\/www.trafficangel.co.uk\/pl\/wp-json\/wp\/v2\/product"}],"about":[{"href":"https:\/\/www.trafficangel.co.uk\/pl\/wp-json\/wp\/v2\/types\/product"}],"wp:featuredmedia":[{"embeddable":true,"href":"https:\/\/www.trafficangel.co.uk\/pl\/wp-json\/wp\/v2\/media\/1054"}],"wp:attachment":[{"href":"https:\/\/www.trafficangel.co.uk\/pl\/wp-json\/wp\/v2\/media?parent=1419"}],"wp:term":[{"taxonomy":"product_cat","embeddable":true,"href":"https:\/\/www.trafficangel.co.uk\/pl\/wp-json\/wp\/v2\/product_cat?post=1419"},{"taxonomy":"product_tag","embeddable":true,"href":"https:\/\/www.trafficangel.co.uk\/pl\/wp-json\/wp\/v2\/product_tag?post=1419"}],"curies":[{"name":"wp","href":"https:\/\/api.w.org\/{rel}","templated":true}]}}