{"id":1411,"date":"2024-01-19T12:49:35","date_gmt":"2024-01-19T12:49:35","guid":{"rendered":"http:\/\/traffic-angel.local\/product\/5m-trailer-extension-cable-4-pin-male-4-pin-female\/"},"modified":"2025-10-29T09:30:52","modified_gmt":"2025-10-29T09:30:52","slug":"przewod-przedluzajacy-przyczepe-5m-4-pinowy-meski-4-pinowy-zenski","status":"publish","type":"product","link":"https:\/\/www.trafficangel.co.uk\/pl\/produkt-2\/przewod-przedluzajacy-przyczepe-5m-4-pinowy-meski-4-pinowy-zenski\/","title":{"rendered":"5m kabel przyczepowy\/przed\u0142u\u017caj\u0105cy (4-stykowy m\u0119ski \u2013 4-stykowy \u017ce\u0144ski)"},"content":{"rendered":"<p>5-metrowy kabel przed\u0142u\u017caj\u0105cy (4-pinowy m\u0119ski \u2013 4-pinowy \u017ce\u0144ski) zosta\u0142 zaprojektowany do przed\u0142u\u017cania po\u0142\u0105cze\u0144 system\u00f3w kamer w przyczepach, pojazdach ci\u0119\u017carowych lub maszynach. Dzi\u0119ki 5-metrowej d\u0142ugo\u015bci zapewnia odpowiedni\u0105 elastyczno\u015b\u0107 w przypadku mniejszych przyczep lub kr\u00f3tszych zestaw\u00f3w pojazd\u00f3w. Bezpieczne 4-pinowe z\u0142\u0105cza zapewniaj\u0105 niezawodn\u0105 transmisj\u0119 obrazu i zasilania, zapewniaj\u0105c zawsze wyra\u017any obraz z kamery. Zaprojektowany do trudnych warunk\u00f3w pracy, ten kabel przed\u0142u\u017caj\u0105cy to niezawodny wyb\u00f3r dla flot, kt\u00f3re chc\u0105 zachowa\u0107 bezpiecze\u0144stwo i zgodno\u015b\u0107 z przepisami bez zb\u0119dnych komplikacji.<\/p>","protected":false},"excerpt":{"rendered":"<p>5m kabel przyczepowy\/przed\u0142u\u017caj\u0105cy (4-stykowy m\u0119ski \u2013 4-stykowy \u017ce\u0144ski)<\/p>","protected":false},"featured_media":445,"template":"","meta":{"_acf_changed":false},"product_cat":[26,27],"product_tag":[],"class_list":{"0":"post-1411","1":"product","2":"type-product","3":"status-publish","4":"has-post-thumbnail","6":"product_cat-cables-accessories","7":"product_cat-camera-trailer-cables","9":"first","10":"instock","11":"taxable","12":"shipping-taxable","13":"purchasable","14":"product-type-simple"},"acf":[],"_links":{"self":[{"href":"https:\/\/www.trafficangel.co.uk\/pl\/wp-json\/wp\/v2\/product\/1411","targetHints":{"allow":["GET"]}}],"collection":[{"href":"https:\/\/www.trafficangel.co.uk\/pl\/wp-json\/wp\/v2\/product"}],"about":[{"href":"https:\/\/www.trafficangel.co.uk\/pl\/wp-json\/wp\/v2\/types\/product"}],"wp:featuredmedia":[{"embeddable":true,"href":"https:\/\/www.trafficangel.co.uk\/pl\/wp-json\/wp\/v2\/media\/445"}],"wp:attachment":[{"href":"https:\/\/www.trafficangel.co.uk\/pl\/wp-json\/wp\/v2\/media?parent=1411"}],"wp:term":[{"taxonomy":"product_cat","embeddable":true,"href":"https:\/\/www.trafficangel.co.uk\/pl\/wp-json\/wp\/v2\/product_cat?post=1411"},{"taxonomy":"product_tag","embeddable":true,"href":"https:\/\/www.trafficangel.co.uk\/pl\/wp-json\/wp\/v2\/product_tag?post=1411"}],"curies":[{"name":"wp","href":"https:\/\/api.w.org\/{rel}","templated":true}]}}