{"id":1408,"date":"2024-01-19T12:49:32","date_gmt":"2024-01-19T12:49:32","guid":{"rendered":"http:\/\/traffic-angel.local\/product\/25m-camera-cable-4-pin-male-rca-male-dc-female\/"},"modified":"2025-10-20T08:57:29","modified_gmt":"2025-10-20T08:57:29","slug":"kabel-do-kamery-25m-4-pinowy-meski-rca-meski-dc-zenski","status":"publish","type":"product","link":"https:\/\/www.trafficangel.co.uk\/pl\/produkt-2\/kabel-do-kamery-25m-4-pinowy-meski-rca-meski-dc-zenski\/","title":{"rendered":"Kabel do kamery 25 m (4-stykowy m\u0119ski \u2013 m\u0119ski RCA i \u017ce\u0144ski DC)"},"content":{"rendered":"<p>Kabel kamery o d\u0142ugo\u015bci 25 m (4-pinowy m\u0119ski \u2013 m\u0119ski RCA i \u017ce\u0144ski DC) zapewnia niezawodne po\u0142\u0105czenie na du\u017ce odleg\u0142o\u015bci dla system\u00f3w kamer samochodowych. Ten 25-metrowy kabel kamery (nr kat. CC25W) firmy Traffic Angel oferuje rozbudowane, solidne rozwi\u0105zanie dla flot wymagaj\u0105cych niezawodnego po\u0142\u0105czenia kamer w wi\u0119kszych pojazdach lub przyczepach. Wysokiej jako\u015bci ekranowanie zapewnia nieprzerwan\u0105 jako\u015b\u0107 obrazu i zasilanie na d\u0142ugich dystansach, zapobiegaj\u0105c zak\u0142\u00f3ceniom w z\u0142o\u017conych \u015brodowiskach pojazd\u00f3w.<\/p>\n<p>Wyposa\u017cony w profesjonalne z\u0142\u0105cza 4-pinowe i RCA\/DC, zapewnia bezpieczne i dok\u0142adne dopasowanie, gwarantuj\u0105c d\u0142ugotrwa\u0142\u0105 wydajno\u015b\u0107. Idealny do jazdy ty\u0142em, z boku lub z przodu kabiny. <a href=\"https:\/\/www.trafficangel.co.uk\/pl\/kamery\/\">kamery<\/a>, kabel ten obs\u0142uguje czyste instalacje z minimaln\u0105 utrat\u0105 sygna\u0142u.<\/p>\n<p>Podobnie jak wszystkie kable Traffic Angel, wysy\u0142ka nast\u0119puje tego samego dnia w przypadku zam\u00f3wie\u0144 z\u0142o\u017conych przed godzin\u0105 13:00. Kable te s\u0105 w pe\u0142ni kompatybilne z nasz\u0105 us\u0142ug\u0105 przygotowawcz\u0105, umo\u017cliwiaj\u0105c\u0105 natychmiastowe pod\u0142\u0105czenie i u\u017cytkowanie \u2014 co pomaga operatorom flot skr\u00f3ci\u0107 czas instalacji i zachowa\u0107 standardy bezpiecze\u0144stwa.<\/p>","protected":false},"excerpt":{"rendered":"<p>Kabel kamery o d\u0142ugo\u015bci 25 m (wtyk m\u0119ski 4-pinowy \u2013 wtyk RCA i gniazdo DC) zapewnia niezawodne po\u0142\u0105czenie na du\u017ce odleg\u0142o\u015bci dla system\u00f3w kamer samochodowych.<\/p>","protected":false},"featured_media":2355,"template":"","meta":{"_acf_changed":false},"product_cat":[26,27],"product_tag":[],"class_list":{"0":"post-1408","1":"product","2":"type-product","3":"status-publish","4":"has-post-thumbnail","6":"product_cat-cables-accessories","7":"product_cat-camera-trailer-cables","9":"first","10":"instock","11":"taxable","12":"shipping-taxable","13":"purchasable","14":"product-type-simple"},"acf":[],"_links":{"self":[{"href":"https:\/\/www.trafficangel.co.uk\/pl\/wp-json\/wp\/v2\/product\/1408","targetHints":{"allow":["GET"]}}],"collection":[{"href":"https:\/\/www.trafficangel.co.uk\/pl\/wp-json\/wp\/v2\/product"}],"about":[{"href":"https:\/\/www.trafficangel.co.uk\/pl\/wp-json\/wp\/v2\/types\/product"}],"wp:featuredmedia":[{"embeddable":true,"href":"https:\/\/www.trafficangel.co.uk\/pl\/wp-json\/wp\/v2\/media\/2355"}],"wp:attachment":[{"href":"https:\/\/www.trafficangel.co.uk\/pl\/wp-json\/wp\/v2\/media?parent=1408"}],"wp:term":[{"taxonomy":"product_cat","embeddable":true,"href":"https:\/\/www.trafficangel.co.uk\/pl\/wp-json\/wp\/v2\/product_cat?post=1408"},{"taxonomy":"product_tag","embeddable":true,"href":"https:\/\/www.trafficangel.co.uk\/pl\/wp-json\/wp\/v2\/product_tag?post=1408"}],"curies":[{"name":"wp","href":"https:\/\/api.w.org\/{rel}","templated":true}]}}