{"id":1407,"date":"2024-01-19T12:49:32","date_gmt":"2024-01-19T12:49:32","guid":{"rendered":"http:\/\/traffic-angel.local\/product\/25m-trailer-extension-cable-4-pin-male-4-pin-female\/"},"modified":"2025-06-12T16:46:20","modified_gmt":"2025-06-12T16:46:20","slug":"25-metrowy-przedluzacz-przyczepy-4-pinowy-meski-4-pinowy-zenski","status":"publish","type":"product","link":"https:\/\/www.trafficangel.co.uk\/pl\/produkt-2\/25-metrowy-przedluzacz-przyczepy-4-pinowy-meski-4-pinowy-zenski\/","title":{"rendered":"25 m kabel przyczepowy\/przed\u0142u\u017caj\u0105cy (4-stykowy m\u0119ski \u2013 4-stykowy \u017ce\u0144ski)"},"content":{"rendered":"<p>25-metrowy kabel przed\u0142u\u017caj\u0105cy do przyczepy (4-pinowy m\u0119ski \u2013 4-pinowy \u017ce\u0144ski) idealnie nadaje si\u0119 do najd\u0142u\u017cszych zestaw\u00f3w pojazd\u00f3w z przyczepami, zapewniaj\u0105c bezpieczne po\u0142\u0105czenie mi\u0119dzy kamerami i monitorami na du\u017ce odleg\u0142o\u015bci. Jego wyj\u0105tkowo d\u0142uga d\u0142ugo\u015b\u0107 sprawia, \u017ce idealnie nadaje si\u0119 do transportu ci\u0119\u017ckiego, specjalistycznego i \u0142adunk\u00f3w ponadnormatywnych. Wytrzyma\u0142e z\u0142\u0105cza 4-pinowe zapewniaj\u0105 sp\u00f3jn\u0105 transmisj\u0119 obrazu i zasilania, a solidna konstrukcja jest odporna na codzienne u\u017cytkowanie w wymagaj\u0105cych warunkach. Proste i niezawodne rozwi\u0105zanie zapewniaj\u0105ce wydajno\u015b\u0107 kamer nawet w najwi\u0119kszych pojazdach.<\/p>","protected":false},"excerpt":{"rendered":"<p>25-metrowy kabel przyczepowy\/przed\u0142u\u017caj\u0105cy (4-pinowy m\u0119ski \u2013 4-pinowy \u017ce\u0144ski) doskonale sprawdza si\u0119 w przypadku najd\u0142u\u017cszych zestaw\u00f3w pojazd\u00f3w z przyczepami, zapewniaj\u0105c bezpieczne po\u0142\u0105czenie mi\u0119dzy kamerami i monitorami na du\u017ce odleg\u0142o\u015bci.<\/p>","protected":false},"featured_media":2354,"template":"","meta":{"_acf_changed":false},"product_cat":[26,27],"product_tag":[],"class_list":{"0":"post-1407","1":"product","2":"type-product","3":"status-publish","4":"has-post-thumbnail","6":"product_cat-cables-accessories","7":"product_cat-camera-trailer-cables","9":"first","10":"instock","11":"taxable","12":"shipping-taxable","13":"purchasable","14":"product-type-simple"},"acf":[],"_links":{"self":[{"href":"https:\/\/www.trafficangel.co.uk\/pl\/wp-json\/wp\/v2\/product\/1407","targetHints":{"allow":["GET"]}}],"collection":[{"href":"https:\/\/www.trafficangel.co.uk\/pl\/wp-json\/wp\/v2\/product"}],"about":[{"href":"https:\/\/www.trafficangel.co.uk\/pl\/wp-json\/wp\/v2\/types\/product"}],"wp:featuredmedia":[{"embeddable":true,"href":"https:\/\/www.trafficangel.co.uk\/pl\/wp-json\/wp\/v2\/media\/2354"}],"wp:attachment":[{"href":"https:\/\/www.trafficangel.co.uk\/pl\/wp-json\/wp\/v2\/media?parent=1407"}],"wp:term":[{"taxonomy":"product_cat","embeddable":true,"href":"https:\/\/www.trafficangel.co.uk\/pl\/wp-json\/wp\/v2\/product_cat?post=1407"},{"taxonomy":"product_tag","embeddable":true,"href":"https:\/\/www.trafficangel.co.uk\/pl\/wp-json\/wp\/v2\/product_tag?post=1407"}],"curies":[{"name":"wp","href":"https:\/\/api.w.org\/{rel}","templated":true}]}}