{"id":1401,"date":"2024-01-19T12:49:32","date_gmt":"2024-01-19T12:49:32","guid":{"rendered":"http:\/\/traffic-angel.local\/product\/15m-trailer-extension-cable-4-pin-male-4-pin-female\/"},"modified":"2025-10-20T08:52:18","modified_gmt":"2025-10-20T08:52:18","slug":"15-metrowy-przedluzacz-przyczepy-4-pinowy-meski-4-pinowy-zenski","status":"publish","type":"product","link":"https:\/\/www.trafficangel.co.uk\/pl\/produkt-2\/15-metrowy-przedluzacz-przyczepy-4-pinowy-meski-4-pinowy-zenski\/","title":{"rendered":"15 m kabel przyczepowy\/przed\u0142u\u017caj\u0105cy (4-stykowy m\u0119ski \u2013 4-stykowy \u017ce\u0144ski)"},"content":{"rendered":"<p>Przew\u00f3d przed\u0142u\u017caj\u0105cy przyczep\u0119 o d\u0142ugo\u015bci 15 m firmy Traffic Angel to niezb\u0119dny element dla flot wymagaj\u0105cych niezawodnego po\u0142\u0105czenia na du\u017ce odleg\u0142o\u015bci mi\u0119dzy pojazdami zamontowanymi na przyczepie. <a href=\"https:\/\/www.trafficangel.co.uk\/pl\/kamery\/\">kamery<\/a> i systemy w kabinie. Zaprojektowany do intensywnego u\u017cytkowania, posiada w pe\u0142ni ekranowane okablowanie, kt\u00f3re redukuje zak\u0142\u00f3cenia sygna\u0142u i zapewnia wyra\u017an\u0105 transmisj\u0119 obrazu i danych. Wyposa\u017cony w trwa\u0142e 4-pinowe z\u0142\u0105cza lotnicze, zapewnia bezpieczne dopasowanie i stabiln\u0105 prac\u0119 we wszystkich zastosowaniach komercyjnych. Idealny do wi\u0119kszych pojazd\u00f3w i ci\u0119\u017car\u00f3wek przegubowych.<\/p>","protected":false},"excerpt":{"rendered":"<p>15 m kabel przyczepowy\/przed\u0142u\u017caj\u0105cy (4-stykowy m\u0119ski \u2013 4-stykowy \u017ce\u0144ski)<\/p>","protected":false},"featured_media":2350,"template":"","meta":{"_acf_changed":false},"product_cat":[26,27],"product_tag":[],"class_list":{"0":"post-1401","1":"product","2":"type-product","3":"status-publish","4":"has-post-thumbnail","6":"product_cat-cables-accessories","7":"product_cat-camera-trailer-cables","9":"first","10":"instock","11":"taxable","12":"shipping-taxable","13":"purchasable","14":"product-type-simple"},"acf":[],"_links":{"self":[{"href":"https:\/\/www.trafficangel.co.uk\/pl\/wp-json\/wp\/v2\/product\/1401","targetHints":{"allow":["GET"]}}],"collection":[{"href":"https:\/\/www.trafficangel.co.uk\/pl\/wp-json\/wp\/v2\/product"}],"about":[{"href":"https:\/\/www.trafficangel.co.uk\/pl\/wp-json\/wp\/v2\/types\/product"}],"wp:featuredmedia":[{"embeddable":true,"href":"https:\/\/www.trafficangel.co.uk\/pl\/wp-json\/wp\/v2\/media\/2350"}],"wp:attachment":[{"href":"https:\/\/www.trafficangel.co.uk\/pl\/wp-json\/wp\/v2\/media?parent=1401"}],"wp:term":[{"taxonomy":"product_cat","embeddable":true,"href":"https:\/\/www.trafficangel.co.uk\/pl\/wp-json\/wp\/v2\/product_cat?post=1401"},{"taxonomy":"product_tag","embeddable":true,"href":"https:\/\/www.trafficangel.co.uk\/pl\/wp-json\/wp\/v2\/product_tag?post=1401"}],"curies":[{"name":"wp","href":"https:\/\/api.w.org\/{rel}","templated":true}]}}