{"id":1397,"date":"2024-01-19T12:49:29","date_gmt":"2024-01-19T12:49:29","guid":{"rendered":"http:\/\/traffic-angel.local\/product\/can-bus-connection-interface-for-recording-systems\/"},"modified":"2025-10-20T08:49:54","modified_gmt":"2025-10-20T08:49:54","slug":"interfejs-magistrali-can-dla-systemow-rejestrujacych","status":"publish","type":"product","link":"https:\/\/www.trafficangel.co.uk\/pl\/produkt-2\/interfejs-magistrali-can-dla-systemow-rejestrujacych\/","title":{"rendered":"Interfejs po\u0142\u0105czeniowy magistrali CAN dla system\u00f3w rejestruj\u0105cych"},"content":{"rendered":"<p>Interfejs magistrali CAN dla system\u00f3w rejestruj\u0105cych umo\u017cliwia bezproblemow\u0105 integracj\u0119 danych pojazdu z urz\u0105dzeniami rejestruj\u0105cymi DVR. Bezpo\u015brednie po\u0142\u0105czenie z magistral\u0105 CAN pojazdu umo\u017cliwia rejestrowanie kluczowych sygna\u0142\u00f3w, takich jak kierunkowskazy, hamulce i pr\u0119dko\u015b\u0107, umo\u017cliwiaj\u0105c precyzyjne rejestrowanie zdarze\u0144. Pomaga to operatorom flot usprawni\u0107 analiz\u0119 zdarze\u0144, zapewni\u0107 zgodno\u015b\u0107 z przepisami i monitorowa\u0107 zachowania kierowc\u00f3w dzi\u0119ki wiarygodnym danym w czasie rzeczywistym.<\/p>","protected":false},"excerpt":{"rendered":"<p>Interfejs magistrali CAN dla system\u00f3w rejestruj\u0105cych umo\u017cliwia bezproblemow\u0105 integracj\u0119 danych pojazdu z urz\u0105dzeniami nagrywaj\u0105cymi DVR.<\/p>","protected":false},"featured_media":418,"template":"","meta":{"_acf_changed":false},"product_cat":[26,902],"product_tag":[],"class_list":{"0":"post-1397","1":"product","2":"type-product","3":"status-publish","4":"has-post-thumbnail","6":"product_cat-cables-accessories","7":"product_cat-wiring-kits","9":"first","10":"instock","11":"taxable","12":"shipping-taxable","13":"purchasable","14":"product-type-simple"},"acf":[],"_links":{"self":[{"href":"https:\/\/www.trafficangel.co.uk\/pl\/wp-json\/wp\/v2\/product\/1397","targetHints":{"allow":["GET"]}}],"collection":[{"href":"https:\/\/www.trafficangel.co.uk\/pl\/wp-json\/wp\/v2\/product"}],"about":[{"href":"https:\/\/www.trafficangel.co.uk\/pl\/wp-json\/wp\/v2\/types\/product"}],"wp:featuredmedia":[{"embeddable":true,"href":"https:\/\/www.trafficangel.co.uk\/pl\/wp-json\/wp\/v2\/media\/418"}],"wp:attachment":[{"href":"https:\/\/www.trafficangel.co.uk\/pl\/wp-json\/wp\/v2\/media?parent=1397"}],"wp:term":[{"taxonomy":"product_cat","embeddable":true,"href":"https:\/\/www.trafficangel.co.uk\/pl\/wp-json\/wp\/v2\/product_cat?post=1397"},{"taxonomy":"product_tag","embeddable":true,"href":"https:\/\/www.trafficangel.co.uk\/pl\/wp-json\/wp\/v2\/product_tag?post=1397"}],"curies":[{"name":"wp","href":"https:\/\/api.w.org\/{rel}","templated":true}]}}