{"id":1396,"date":"2024-01-19T12:49:29","date_gmt":"2024-01-19T12:49:29","guid":{"rendered":"http:\/\/traffic-angel.local\/product\/can-bus-connection-interface-for-dvs-systems\/"},"modified":"2025-10-20T08:49:30","modified_gmt":"2025-10-20T08:49:30","slug":"interfejs-polaczenia-magistrali-can-dla-systemow-dvs-pss","status":"publish","type":"product","link":"https:\/\/www.trafficangel.co.uk\/pl\/produkt-2\/interfejs-polaczenia-magistrali-can-dla-systemow-dvs-pss\/","title":{"rendered":"Interfejs po\u0142\u0105czeniowy magistrali CAN dla system\u00f3w DVS\/PSS"},"content":{"rendered":"<p>Interfejs magistrali CAN dla system\u00f3w DVS\/PSS umo\u017cliwia bezproblemow\u0105 integracj\u0119 wyposa\u017cenia bezpiecze\u0144stwa pojazdu z jego systemami elektronicznymi. Zaprojektowany do wsp\u00f3\u0142pracy z <a href=\"https:\/\/www.trafficangel.co.uk\/pl\/progresywny-system-bezpieczenstwa-2024\/\" target=\"_blank\" rel=\"noopener\">Instalacje Progressive Safe System (PSS)<\/a>Zapewnia bezpieczne po\u0142\u0105czenie z magistral\u0105 CAN, umo\u017cliwiaj\u0105c precyzyjn\u0105 aktywacj\u0119 funkcji bezpiecze\u0144stwa, takich jak wykrywanie martwego pola, alarmy skr\u0119tu i systemy kamer. \u0141atwy w instalacji i w pe\u0142ni kompatybilny z nowoczesnymi pojazdami u\u017cytkowymi, interfejs ten zapewnia precyzyjne dzia\u0142anie system\u00f3w bezpiecze\u0144stwa w razie potrzeby, pomagaj\u0105c flotom zachowa\u0107 zgodno\u015b\u0107 z przepisami i chroni\u0107 niechronionych u\u017cytkownik\u00f3w dr\u00f3g.<\/p>","protected":false},"excerpt":{"rendered":"<p>Interfejs po\u0142\u0105czeniowy magistrali CAN dla system\u00f3w DVS\/PSS umo\u017cliwia bezproblemow\u0105 integracj\u0119 wyposa\u017cenia bezpiecze\u0144stwa pojazdu z systemami elektronicznymi pojazdu.<\/p>","protected":false},"featured_media":420,"template":"","meta":{"_acf_changed":false},"product_cat":[26,902],"product_tag":[],"class_list":{"0":"post-1396","1":"product","2":"type-product","3":"status-publish","4":"has-post-thumbnail","6":"product_cat-cables-accessories","7":"product_cat-wiring-kits","9":"first","10":"instock","11":"taxable","12":"shipping-taxable","13":"purchasable","14":"product-type-simple"},"acf":[],"_links":{"self":[{"href":"https:\/\/www.trafficangel.co.uk\/pl\/wp-json\/wp\/v2\/product\/1396","targetHints":{"allow":["GET"]}}],"collection":[{"href":"https:\/\/www.trafficangel.co.uk\/pl\/wp-json\/wp\/v2\/product"}],"about":[{"href":"https:\/\/www.trafficangel.co.uk\/pl\/wp-json\/wp\/v2\/types\/product"}],"wp:featuredmedia":[{"embeddable":true,"href":"https:\/\/www.trafficangel.co.uk\/pl\/wp-json\/wp\/v2\/media\/420"}],"wp:attachment":[{"href":"https:\/\/www.trafficangel.co.uk\/pl\/wp-json\/wp\/v2\/media?parent=1396"}],"wp:term":[{"taxonomy":"product_cat","embeddable":true,"href":"https:\/\/www.trafficangel.co.uk\/pl\/wp-json\/wp\/v2\/product_cat?post=1396"},{"taxonomy":"product_tag","embeddable":true,"href":"https:\/\/www.trafficangel.co.uk\/pl\/wp-json\/wp\/v2\/product_tag?post=1396"}],"curies":[{"name":"wp","href":"https:\/\/api.w.org\/{rel}","templated":true}]}}