{"id":1394,"date":"2024-01-19T12:49:29","date_gmt":"2024-01-19T12:49:29","guid":{"rendered":"http:\/\/traffic-angel.local\/product\/black-metal-monitor-bracket\/"},"modified":"2025-10-20T08:48:27","modified_gmt":"2025-10-20T08:48:27","slug":"czarny-metalowy-uchwyt-do-monitora","status":"publish","type":"product","link":"https:\/\/www.trafficangel.co.uk\/pl\/produkt-2\/czarny-metalowy-uchwyt-do-monitora\/","title":{"rendered":"Czarny metalowy uchwyt do monitora"},"content":{"rendered":"<p>Uchwyt monitora Black Metal zapewnia bezpieczne i trwa\u0142e rozwi\u0105zanie monta\u017cowe w kabinie <a href=\"https:\/\/www.trafficangel.co.uk\/pl\/monitory\/monitory1\/\">monitory<\/a> u\u017cywany w <a href=\"https:\/\/www.trafficangel.co.uk\/pl\/kamery\/\">systemy kamer samochodowych<\/a>. Wykonany z mocnego metalu z czarnym wyko\u0144czeniem, oferuje stabiln\u0105 platform\u0119, aby utrzyma\u0107 monitory mocno na miejscu, nawet w trudnych warunkach jazdy. Jego regulowana konstrukcja umo\u017cliwia \u0142atwe pozycjonowanie, pomagaj\u0105c kierowcom zachowa\u0107 wyra\u017an\u0105 widoczno\u015b\u0107 bez zas\u0142aniania widoku drogi. Prosty w monta\u017cu i zbudowany tak, aby przetrwa\u0107, ten uchwyt jest idealny dla flot komercyjnych poszukuj\u0105cych niezawodnej opcji monta\u017cu monitora.<\/p>","protected":false},"excerpt":{"rendered":"<p>Uchwyt monitora z czarnego metalu to bezpieczne i trwa\u0142e rozwi\u0105zanie monta\u017cowe dla monitor\u00f3w w kabinie pojazdu, stosowanych w systemach kamer.<\/p>","protected":false},"featured_media":396,"template":"","meta":{"_acf_changed":false},"product_cat":[73],"product_tag":[],"class_list":{"0":"post-1394","1":"product","2":"type-product","3":"status-publish","4":"has-post-thumbnail","6":"product_cat-brackets-looms","8":"first","9":"instock","10":"taxable","11":"shipping-taxable","12":"purchasable","13":"product-type-simple"},"acf":[],"_links":{"self":[{"href":"https:\/\/www.trafficangel.co.uk\/pl\/wp-json\/wp\/v2\/product\/1394","targetHints":{"allow":["GET"]}}],"collection":[{"href":"https:\/\/www.trafficangel.co.uk\/pl\/wp-json\/wp\/v2\/product"}],"about":[{"href":"https:\/\/www.trafficangel.co.uk\/pl\/wp-json\/wp\/v2\/types\/product"}],"wp:featuredmedia":[{"embeddable":true,"href":"https:\/\/www.trafficangel.co.uk\/pl\/wp-json\/wp\/v2\/media\/396"}],"wp:attachment":[{"href":"https:\/\/www.trafficangel.co.uk\/pl\/wp-json\/wp\/v2\/media?parent=1394"}],"wp:term":[{"taxonomy":"product_cat","embeddable":true,"href":"https:\/\/www.trafficangel.co.uk\/pl\/wp-json\/wp\/v2\/product_cat?post=1394"},{"taxonomy":"product_tag","embeddable":true,"href":"https:\/\/www.trafficangel.co.uk\/pl\/wp-json\/wp\/v2\/product_tag?post=1394"}],"curies":[{"name":"wp","href":"https:\/\/api.w.org\/{rel}","templated":true}]}}