{"id":1808,"date":"2024-02-18T23:26:32","date_gmt":"2024-02-18T23:26:32","guid":{"rendered":"https:\/\/trafficangel-qqzv.temp-dns.com\/?page_id=1808"},"modified":"2025-12-12T17:16:43","modified_gmt":"2025-12-12T17:16:43","slug":"standard-widzenia-bezposredniego","status":"publish","type":"page","link":"https:\/\/www.trafficangel.co.uk\/pl\/standard-widzenia-bezposredniego\/","title":{"rendered":"Norma widzenia bezpo\u015bredniego 2020"},"content":{"rendered":"<h2 class=\"wp-block-heading\">What is Direct Vision Standard?<\/h2><h3 class=\"wp-block-heading\"><strong>How exactly does it affect YOU as an operator driver?<\/strong><\/h3><h4 class=\"wp-block-heading\"><strong>Call us to check your vehicle status. It\u2019s simple&nbsp;<\/strong><\/h4><p>In a nutshell, by February 2021, it will be an offence for any truck over 12 tonnes to enter London without an HGV Direct Vision Standard Safety Permit. The amount of direct vision (unaided by any technology) from these vehicles will be star-rated from 0-5. The star rating is set according to how much the driver can see both forwards and downwards from his seated position in the cab, as well as what vision he has in the traditional HGV nearside blindspots. This star rating has been arrived at via TfL, vehicle manufacturers, Loughborough University and associated regulatory bodies.<\/p><p>If you are entering London with a vehicle from abroad, the same ruling applies. Here is the <a href=\"https:\/\/tfl.gov.uk\/info-for\/deliveries-in-london\/delivering-safely\/direct-vision-in-heavy-goods-vehicles\" target=\"_blank\" data-type=\"link\" data-id=\"https:\/\/tfl.gov.uk\/info-for\/deliveries-in-london\/delivering-safely\/direct-vision-in-heavy-goods-vehicles\" rel=\"noreferrer noopener\">TfL\/DVS regulatory page for European drivers<\/a><\/p><h2 class=\"wp-block-heading\">Left-hand drive vehicles\u00a0<\/h2><p>Pojazdy z kierownic\u0105 po lewej stronie musz\u0105 by\u0107 wyposa\u017cone w taki sam sprz\u0119t jak pojazdy z kierownic\u0105 po prawej stronie. Lusterka, kamery i czujniki powinny by\u0107 odpowiednio zamontowane, aby uwzgl\u0119dni\u0107 martwy punkt po prawej stronie pojazdu.<\/p><p><strong>Wszystkie pojazdy z kierownic\u0105 po lewej stronie, w tym pojazdy europejskie, b\u0119d\u0105 musia\u0142y by\u0107 wyposa\u017cone w odpowiedni system eliminacji martwego pola po prawej stronie pojazdu.<\/strong><\/p><p>Jako operator, ocen\u0119 gwiazdkow\u0105 dla konkretnej marki i modelu pojazdu mo\u017cesz uzyska\u0107 od producenta pojazdu. Od pa\u017adziernika 2019 r. operatorzy pojazd\u00f3w z ocen\u0105 1 gwiazdka i wy\u017csz\u0105 mog\u0105 ubiega\u0107 si\u0119 o bezp\u0142atne zezwolenia, kt\u00f3re pozwol\u0105 na wjazd do Londynu bez ogranicze\u0144. Od 2024 r. minimalna ocena gwiazdkowa DVS wzro\u015bnie do 3 gwiazdek i wy\u017cszej. B\u0119dziesz musia\u0142 skontaktowa\u0107 si\u0119 z producentem pojazdu, aby ustali\u0107 ocen\u0119 gwiazdkow\u0105 DVS pojazdu.<\/p><p>Je\u015bli Tw\u00f3j pojazd ma ocen\u0119 0 gwiazdek, to aby wjecha\u0107 do stref Londynu (do 2024 r.), b\u0119dziesz musia\u0142 zamontowa\u0107 \u0142agodz\u0105c\u0105 technologi\u0119 audiowizualn\u0105, aby poprawi\u0107 og\u00f3lne bezpiecze\u0144stwo pojazdu. Ten proponowany bezpieczny wym\u00f3g systemowy obejmuje po\u015brednie pomoce wizualne, takie jak kamery, ekran i czujniki.<\/p><p>Od pa\u017adziernika 2020 r. zezwolenia DVS stan\u0105 si\u0119 obowi\u0105zkowe, a je\u015bli po pa\u017adzierniku 2020 r. Tw\u00f3j pojazd wjedzie do Londynu i nie b\u0119dzie mia\u0142 wymaganego zezwolenia, oceny gwiazdkowej lub zamontowanej technologii bezpiecze\u0144stwa, zostanie on rozpoznany przez ANPR (automatyczne rozpoznawanie tablic rejestracyjnych) i&nbsp;<strong>operatorowi zostan\u0105 naliczone op\u0142aty karne<\/strong>oraz kierowcy, je\u017celi zostanie to uznane za stosowne.<\/p><p>Proponowany sprz\u0119t niezb\u0119dny do spe\u0142nienia wymog\u00f3w Direct Vision Standard obejmuje czujniki martwego pola po stronie pojazdu, kamer\u0119 i ekran martwego pola po stronie pojazdu, d\u017awi\u0119kowy alarm skr\u0119tu w lewo, boczne zabezpieczenia przed wjechaniem pod pojazd oraz oznakowanie martwego pola.<\/p><p>Podsumowuj\u0105c, aby wjecha\u0107 do Londynu, wszystkie pojazdy oznaczone zerow\u0105 liczb\u0105 gwiazdek musz\u0105 by\u0107 wyposa\u017cone w nast\u0119puj\u0105ce wyposa\u017cenie:<\/p><ul class=\"wp-block-list\"><li>1 x kamera boczna<\/li>\n\n<li>1 x ekran w kabinie<\/li>\n\n<li>1 x system czujnik\u00f3w martwego punktu po stronie bliskiej<\/li>\n\n<li>1 x zewn\u0119trzny d\u017awi\u0119kowy alarm skr\u0119tu po prawej stronie<\/li>\n\n<li>oznakowanie bezpiecze\u0144stwa<\/li><\/ul><p>All of&nbsp;&nbsp;the audio-visual safety equipment necessary for your vehicle to fully comply for DVS Direct Vision Standard, can be found below and ordered direct.&nbsp;And all at great prices too!<\/p><div class=\"my-6 lg:my-2 full-width lg:py-2\"><div class=\"container\"><figure class=\"wp-block-gallery has-nested-images columns-default is-cropped wp-block-gallery-1 is-layout-flex wp-block-gallery-is-layout-flex\"><figure class=\"wp-block-image size-large\"><img loading=\"lazy\" decoding=\"async\" width=\"768\" height=\"432\" data-id=\"3600\" src=\"https:\/\/www.trafficangel.co.uk\/wp-content\/uploads\/2025\/02\/francedvs-768x432-1.jpg\" alt=\"\" class=\"wp-image-3600\" srcset=\"https:\/\/www.trafficangel.co.uk\/wp-content\/uploads\/2025\/02\/francedvs-768x432-1.jpg 768w, https:\/\/www.trafficangel.co.uk\/wp-content\/uploads\/2025\/02\/francedvs-768x432-1-300x169.jpg 300w, https:\/\/www.trafficangel.co.uk\/wp-content\/uploads\/2025\/02\/francedvs-768x432-1-18x10.jpg 18w, https:\/\/www.trafficangel.co.uk\/wp-content\/uploads\/2025\/02\/francedvs-768x432-1-260x146.jpg 260w, https:\/\/www.trafficangel.co.uk\/wp-content\/uploads\/2025\/02\/francedvs-768x432-1-600x338.jpg 600w, https:\/\/www.trafficangel.co.uk\/wp-content\/uploads\/2025\/02\/francedvs-768x432-1-64x36.jpg 64w\" sizes=\"auto, (max-width: 768px) 100vw, 768px\" \/><\/figure>\n\n<figure class=\"wp-block-image size-large\"><img loading=\"lazy\" decoding=\"async\" width=\"750\" height=\"400\" data-id=\"3601\" src=\"https:\/\/www.trafficangel.co.uk\/wp-content\/uploads\/2025\/02\/Direct-Vision-Standard-HGVs.png\" alt=\"\" class=\"wp-image-3601\" srcset=\"https:\/\/www.trafficangel.co.uk\/wp-content\/uploads\/2025\/02\/Direct-Vision-Standard-HGVs.png 750w, https:\/\/www.trafficangel.co.uk\/wp-content\/uploads\/2025\/02\/Direct-Vision-Standard-HGVs-300x160.png 300w, https:\/\/www.trafficangel.co.uk\/wp-content\/uploads\/2025\/02\/Direct-Vision-Standard-HGVs-18x10.png 18w, https:\/\/www.trafficangel.co.uk\/wp-content\/uploads\/2025\/02\/Direct-Vision-Standard-HGVs-260x139.png 260w, https:\/\/www.trafficangel.co.uk\/wp-content\/uploads\/2025\/02\/Direct-Vision-Standard-HGVs-600x320.png 600w, https:\/\/www.trafficangel.co.uk\/wp-content\/uploads\/2025\/02\/Direct-Vision-Standard-HGVs-64x34.png 64w\" sizes=\"auto, (max-width: 750px) 100vw, 750px\" \/><\/figure><\/figure><\/div><\/div><p><\/p><p><a href=\"https:\/\/www.trafficangel.co.uk\/pl\/produkt-2\/7-4-kanalowy-monitor-quad-z-uchwytem-do-wiazki-d1\/\" data-type=\"link\" data-id=\"https:\/\/www.trafficangel.co.uk\/product\/7-4ch-quad-monitor-with-loom-bracket-d1\/\"><strong>SCR4K<\/strong>&nbsp;is our 7 inch 4 channel monitor<\/a> Z automatycznym przyciemnianiem<\/p><p>Wymiary: wysoko\u015b\u0107 120 mm, g\u0142\u0119boko\u015b\u0107 25 mm.<\/p><div class=\"my-6 lg:my-2 full-width lg:py-2\"><div class=\"container\"><figure class=\"wp-block-gallery has-nested-images columns-default is-cropped wp-block-gallery-2 is-layout-flex wp-block-gallery-is-layout-flex\"><figure class=\"wp-block-image size-large\"><img loading=\"lazy\" decoding=\"async\" width=\"1024\" height=\"614\" data-id=\"3602\" src=\"https:\/\/www.trafficangel.co.uk\/wp-content\/uploads\/2025\/02\/IMG_8346.jpg\" alt=\"\" class=\"wp-image-3602\" srcset=\"https:\/\/www.trafficangel.co.uk\/wp-content\/uploads\/2025\/02\/IMG_8346.jpg 1024w, https:\/\/www.trafficangel.co.uk\/wp-content\/uploads\/2025\/02\/IMG_8346-300x180.jpg 300w, https:\/\/www.trafficangel.co.uk\/wp-content\/uploads\/2025\/02\/IMG_8346-768x461.jpg 768w, https:\/\/www.trafficangel.co.uk\/wp-content\/uploads\/2025\/02\/IMG_8346-18x12.jpg 18w, https:\/\/www.trafficangel.co.uk\/wp-content\/uploads\/2025\/02\/IMG_8346-260x156.jpg 260w, https:\/\/www.trafficangel.co.uk\/wp-content\/uploads\/2025\/02\/IMG_8346-600x360.jpg 600w, https:\/\/www.trafficangel.co.uk\/wp-content\/uploads\/2025\/02\/IMG_8346-64x38.jpg 64w\" sizes=\"auto, (max-width: 1024px) 100vw, 1024px\" \/><\/figure><\/figure><\/div><\/div><p>Kamera boczna: je\u015bli Tw\u00f3j ci\u0105gnik siod\u0142owy ma ocen\u0119 \u201e0 gwiazdek\u201d, MUSISZ ZAMONTOWA\u0106 KAMER\u0118 BOCZN\u0104&nbsp;<\/p><p><a href=\"https:\/\/www.trafficangel.co.uk\/pl\/produkt-2\/czarna-kamera-boczna-d1-ir-150\/\" data-type=\"link\" data-id=\"https:\/\/www.trafficangel.co.uk\/product\/black-side-camera-d1-ir-150\/\"><strong>SC4B150<\/strong><\/a>\/<a href=\"https:\/\/www.trafficangel.co.uk\/pl\/produkt-2\/biala-kamera-boczna-d1-ir-150\/\" data-type=\"link\" data-id=\"https:\/\/www.trafficangel.co.uk\/product\/white-side-camera-d1-ir-150\/\"><strong>SC4W150<\/strong><\/a>&nbsp;is our black\/white side camera used as standard on new builds. This is also available in AHD.<\/p><p>Wymiary: szeroko\u015b\u0107 50 mm, wysoko\u015b\u0107 45 mm, g\u0142\u0119boko\u015b\u0107 podstawy 75 mm.<\/p><div class=\"my-6 lg:my-2 full-width lg:py-2\"><div class=\"container\"><figure class=\"wp-block-gallery has-nested-images columns-default is-cropped wp-block-gallery-3 is-layout-flex wp-block-gallery-is-layout-flex\"><figure class=\"wp-block-image size-large\"><img loading=\"lazy\" decoding=\"async\" width=\"1024\" height=\"614\" data-id=\"3604\" src=\"https:\/\/www.trafficangel.co.uk\/wp-content\/uploads\/2025\/02\/IMG_8397.jpg\" alt=\"\" class=\"wp-image-3604\" srcset=\"https:\/\/www.trafficangel.co.uk\/wp-content\/uploads\/2025\/02\/IMG_8397.jpg 1024w, https:\/\/www.trafficangel.co.uk\/wp-content\/uploads\/2025\/02\/IMG_8397-300x180.jpg 300w, https:\/\/www.trafficangel.co.uk\/wp-content\/uploads\/2025\/02\/IMG_8397-768x461.jpg 768w, https:\/\/www.trafficangel.co.uk\/wp-content\/uploads\/2025\/02\/IMG_8397-18x12.jpg 18w, https:\/\/www.trafficangel.co.uk\/wp-content\/uploads\/2025\/02\/IMG_8397-260x156.jpg 260w, https:\/\/www.trafficangel.co.uk\/wp-content\/uploads\/2025\/02\/IMG_8397-600x360.jpg 600w, https:\/\/www.trafficangel.co.uk\/wp-content\/uploads\/2025\/02\/IMG_8397-64x38.jpg 64w\" sizes=\"auto, (max-width: 1024px) 100vw, 1024px\" \/><\/figure>\n\n<figure class=\"wp-block-image size-large\"><img loading=\"lazy\" decoding=\"async\" width=\"1024\" height=\"614\" data-id=\"3605\" src=\"https:\/\/www.trafficangel.co.uk\/wp-content\/uploads\/2025\/02\/IMG_8440.jpg\" alt=\"\" class=\"wp-image-3605\" srcset=\"https:\/\/www.trafficangel.co.uk\/wp-content\/uploads\/2025\/02\/IMG_8440.jpg 1024w, https:\/\/www.trafficangel.co.uk\/wp-content\/uploads\/2025\/02\/IMG_8440-300x180.jpg 300w, https:\/\/www.trafficangel.co.uk\/wp-content\/uploads\/2025\/02\/IMG_8440-768x461.jpg 768w, https:\/\/www.trafficangel.co.uk\/wp-content\/uploads\/2025\/02\/IMG_8440-18x12.jpg 18w, https:\/\/www.trafficangel.co.uk\/wp-content\/uploads\/2025\/02\/IMG_8440-260x156.jpg 260w, https:\/\/www.trafficangel.co.uk\/wp-content\/uploads\/2025\/02\/IMG_8440-600x360.jpg 600w, https:\/\/www.trafficangel.co.uk\/wp-content\/uploads\/2025\/02\/IMG_8440-64x38.jpg 64w\" sizes=\"auto, (max-width: 1024px) 100vw, 1024px\" \/><\/figure>\n\n<figure class=\"wp-block-image size-large\"><img loading=\"lazy\" decoding=\"async\" width=\"1024\" height=\"615\" data-id=\"3606\" src=\"https:\/\/www.trafficangel.co.uk\/wp-content\/uploads\/2025\/02\/White-Side-Camera-3-Final.jpg\" alt=\"\" class=\"wp-image-3606\" srcset=\"https:\/\/www.trafficangel.co.uk\/wp-content\/uploads\/2025\/02\/White-Side-Camera-3-Final.jpg 1024w, https:\/\/www.trafficangel.co.uk\/wp-content\/uploads\/2025\/02\/White-Side-Camera-3-Final-300x180.jpg 300w, https:\/\/www.trafficangel.co.uk\/wp-content\/uploads\/2025\/02\/White-Side-Camera-3-Final-768x461.jpg 768w, https:\/\/www.trafficangel.co.uk\/wp-content\/uploads\/2025\/02\/White-Side-Camera-3-Final-18x12.jpg 18w, https:\/\/www.trafficangel.co.uk\/wp-content\/uploads\/2025\/02\/White-Side-Camera-3-Final-260x156.jpg 260w, https:\/\/www.trafficangel.co.uk\/wp-content\/uploads\/2025\/02\/White-Side-Camera-3-Final-600x360.jpg 600w, https:\/\/www.trafficangel.co.uk\/wp-content\/uploads\/2025\/02\/White-Side-Camera-3-Final-64x38.jpg 64w\" sizes=\"auto, (max-width: 1024px) 100vw, 1024px\" \/><\/figure>\n\n<figure class=\"wp-block-image size-large\"><img loading=\"lazy\" decoding=\"async\" width=\"1024\" height=\"615\" data-id=\"3607\" src=\"https:\/\/www.trafficangel.co.uk\/wp-content\/uploads\/2025\/02\/Black-Side-Camera-Final-2.jpg\" alt=\"\" class=\"wp-image-3607\" srcset=\"https:\/\/www.trafficangel.co.uk\/wp-content\/uploads\/2025\/02\/Black-Side-Camera-Final-2.jpg 1024w, https:\/\/www.trafficangel.co.uk\/wp-content\/uploads\/2025\/02\/Black-Side-Camera-Final-2-300x180.jpg 300w, https:\/\/www.trafficangel.co.uk\/wp-content\/uploads\/2025\/02\/Black-Side-Camera-Final-2-768x461.jpg 768w, https:\/\/www.trafficangel.co.uk\/wp-content\/uploads\/2025\/02\/Black-Side-Camera-Final-2-18x12.jpg 18w, https:\/\/www.trafficangel.co.uk\/wp-content\/uploads\/2025\/02\/Black-Side-Camera-Final-2-260x156.jpg 260w, https:\/\/www.trafficangel.co.uk\/wp-content\/uploads\/2025\/02\/Black-Side-Camera-Final-2-600x360.jpg 600w, https:\/\/www.trafficangel.co.uk\/wp-content\/uploads\/2025\/02\/Black-Side-Camera-Final-2-64x38.jpg 64w\" sizes=\"auto, (max-width: 1024px) 100vw, 1024px\" \/><\/figure><\/figure><\/div><\/div><p><strong><a href=\"https:\/\/www.trafficangel.co.uk\/pl\/produkt-2\/mini-kamera-boczna-blizsza-czarna-120\/\" data-type=\"link\" data-id=\"https:\/\/www.trafficangel.co.uk\/product\/mini-side-camera-nearside-black-120\/\">SC3B120<\/a>\/<a href=\"https:\/\/www.trafficangel.co.uk\/pl\/produkt-2\/mini-kamera-boczna-blizsza-biala-120\/\" data-type=\"link\" data-id=\"https:\/\/www.trafficangel.co.uk\/product\/mini-side-camera-nearside-white-120\/\">SC3W120<\/a>&nbsp;<\/strong>to nasza miniaturowa czarno-bia\u0142a kamera boczna.<\/p><p>Wymiary: szeroko\u015b\u0107 30 mm, wysoko\u015b\u0107 25 mm, g\u0142\u0119boko\u015b\u0107 podstawy 35 mm.<\/p><div id=\"\"\n    class=\"flex flex-wrap my-12 lg:flex-nowrap text-image-split-block\">\n    <div class=\"w-full h-[350px] lg:h-auto lg:w-1\/2 md:order-1 bg-cover bg-center bg-no-repeat text-image-image\"\n        style=\"background-image: url('https:\/\/www.trafficangel.co.uk\/wp-content\/uploads\/2025\/02\/69200416_2788510477834963_7618663691180834816_o.jpg');\">\n\n    <\/div>\n    <div class=\"w-full lg:w-1\/2 md:order-2 flex items-center bg-offWhite px-4 md:px-8 lg:px-14 md:py-12 py-5\">\n        <div class=\"split-block-content\">\n                        <h2 class=\"split-block-title mb-3 text-2xl lg:mb-4 text-secondary md:text-3xl font-roboto lg:text-3xl\">\n                System czujnik\u00f3w StepProtect: MUSISZ ZAMONTOWA\u0106 CZUJNIKI MARTWEGO POLA            <\/h2>\n                                    <div class=\"p-0 mb-0 text-base\">\n                <p>Do 4 wodoodpornych czujnik\u00f3w umieszczonych na naro\u017cniku po prawej stronie wykrywaj\u0105 obecno\u015b\u0107 niskich murk\u00f3w, s\u0142upk\u00f3w, rowerzyst\u00f3w, pieszych i innych przeszk\u00f3d w martwym polu.<\/p>\n<p>Prosty, przyjazny dla kierowcy interfejs sk\u0142ada si\u0119 z jasnego wy\u015bwietlacza LED sygnalizacji \u015bwietlnej umieszczonego na s\u0142upku A po prawej stronie, kt\u00f3ry zmienia kolor w miar\u0119 zbli\u017cania si\u0119 przeszkody\/zagro\u017cenia, emituj\u0105c d\u017awi\u0119k ostrzegawczy tylko w odleg\u0142o\u015bci krytycznej 0,4 m<!-- wp:paragraph --><\/p>\n<p><!-- \/wp:paragraph --> <!-- wp:paragraph --><\/p>\n<p><a href=\"https:\/\/www.trafficangel.co.uk\/pl\/produkt-2\/7-4-kanalowy-monitor-quad-z-uchwytem-do-wiazki-d1\/\"><strong>SCR4K<\/strong><\/a>\u00a0to nasz 7-calowy 4-kana\u0142owy monitor.<\/p>\n<p><!-- \/wp:paragraph --> <!-- wp:paragraph --><\/p>\n<p>Z automatycznym przyciemnianiem<\/p>\n<p><!-- \/wp:paragraph --> <!-- wp:paragraph --><\/p>\n<p>Wymiary: wysoko\u015b\u0107 120 mm, g\u0142\u0119boko\u015b\u0107 25 mm.<\/p>\n<!-- \/wp:paragraph -->            <\/div>\n                    <\/div>\n    <\/div>\n<\/div><div id=\"\"\n    class=\"flex flex-wrap my-12 lg:flex-nowrap text-image-split-block\">\n    <div class=\"w-full h-[350px] lg:h-auto lg:w-1\/2 md:order-2 bg-cover bg-center bg-no-repeat text-image-image\"\n        style=\"background-image: url('https:\/\/www.trafficangel.co.uk\/wp-content\/uploads\/2025\/02\/priority-2.jpg');\">\n\n    <\/div>\n    <div class=\"w-full lg:w-1\/2 md:order-1 flex items-center bg-offWhite px-4 md:px-8 lg:px-14 md:py-12 py-5\">\n        <div class=\"split-block-content\">\n                        <h2 class=\"split-block-title mb-3 text-2xl lg:mb-4 text-secondary md:text-3xl font-roboto lg:text-3xl\">\n                System alarmowy skr\u0119tu w lewo: MUSISZ ZAMONTOWA\u0106 ALARM SKR\u0118TU W LEWO LUB W PRAWO            <\/h2>\n                                    <div class=\"p-0 mb-0 text-base\">\n                <p>Wodoodporne z\u0142\u0105cze Superseal, alarm ostrzegawczy 85 dB.<\/p>\n<p>Odtwarza kr\u00f3tki, powtarzaj\u0105cy si\u0119 komunikat, ostrzegaj\u0105cy rowerzyst\u00f3w i pieszych jad\u0105cych obok jezdni o zamiarze kierowcy skr\u0119tu w lewo (dost\u0119pna jest r\u00f3wnie\u017c opcja skr\u0119tu w prawo).<\/p>\n<p>Automatyczne wy\u0142\u0105czenie przy wy\u017cszych pr\u0119dko\u015bciach za pomoc\u0105 prze\u0142\u0105cznika TrafficAngel SpeedSwitch (dost\u0119pnego osobno)<\/p>\n<p>&nbsp;<\/p>\n            <\/div>\n                    <\/div>\n    <\/div>\n<\/div><p>Firma TrafficAngel szczyci si\u0119 tym, \u017ce jest w stanie dostarcza\u0107 i montowa\u0107 najnowszy sprz\u0119t bezpiecze\u0144stwa, kt\u00f3ry spe\u0142nia WSZYSTKIE kryteria standardu Direct Vision Standard i zezwolenia na bezpiecze\u0144stwo pojazd\u00f3w ci\u0119\u017carowych.<\/p><h2 class=\"wp-block-heading\">Please call <a href=\"tel:01825 768555\">01825 768555<\/a> to discuss your requirements.<\/h2>","protected":false},"excerpt":{"rendered":"<p>What is Direct Vision Standard? How exactly does it affect YOU as an operator driver? Call us to check your vehicle status. It\u2019s simple&nbsp; In a nutshell, by February 2021,<\/p>","protected":false},"author":1,"featured_media":3601,"parent":0,"menu_order":0,"comment_status":"closed","ping_status":"closed","template":"","meta":{"_acf_changed":false,"footnotes":""},"class_list":["post-1808","page","type-page","status-publish","has-post-thumbnail","hentry"],"acf":[],"_links":{"self":[{"href":"https:\/\/www.trafficangel.co.uk\/pl\/wp-json\/wp\/v2\/pages\/1808","targetHints":{"allow":["GET"]}}],"collection":[{"href":"https:\/\/www.trafficangel.co.uk\/pl\/wp-json\/wp\/v2\/pages"}],"about":[{"href":"https:\/\/www.trafficangel.co.uk\/pl\/wp-json\/wp\/v2\/types\/page"}],"author":[{"embeddable":true,"href":"https:\/\/www.trafficangel.co.uk\/pl\/wp-json\/wp\/v2\/users\/1"}],"replies":[{"embeddable":true,"href":"https:\/\/www.trafficangel.co.uk\/pl\/wp-json\/wp\/v2\/comments?post=1808"}],"version-history":[{"count":10,"href":"https:\/\/www.trafficangel.co.uk\/pl\/wp-json\/wp\/v2\/pages\/1808\/revisions"}],"predecessor-version":[{"id":5017,"href":"https:\/\/www.trafficangel.co.uk\/pl\/wp-json\/wp\/v2\/pages\/1808\/revisions\/5017"}],"wp:featuredmedia":[{"embeddable":true,"href":"https:\/\/www.trafficangel.co.uk\/pl\/wp-json\/wp\/v2\/media\/3601"}],"wp:attachment":[{"href":"https:\/\/www.trafficangel.co.uk\/pl\/wp-json\/wp\/v2\/media?parent=1808"}],"curies":[{"name":"wp","href":"https:\/\/api.w.org\/{rel}","templated":true}]}}