{"id":1673,"date":"2024-01-15T04:02:39","date_gmt":"2024-01-15T04:02:39","guid":{"rendered":"https:\/\/trafficangel-qqzv.temp-dns.com\/?page_id=1673"},"modified":"2024-04-18T09:18:04","modified_gmt":"2024-04-18T09:18:04","slug":"dostawa-i-zwroty","status":"publish","type":"page","link":"https:\/\/www.trafficangel.co.uk\/pl\/dostawa-i-zwroty\/","title":{"rendered":"Dostawa i zwroty"},"content":{"rendered":"<p>Staramy si\u0119 wysy\u0142a\u0107 zam\u00f3wienia tego samego dnia, je\u015bli zosta\u0142y z\u0142o\u017cone przed godzin\u0105 13:00, korzystamy z DPD do dostarczania wi\u0119kszo\u015bci naszych zam\u00f3wie\u0144, wszystkie zam\u00f3wienia s\u0105 wysy\u0142ane nast\u0119pnego dnia, je\u015bli jest to mo\u017cliwe, a niekt\u00f3re miejsca docelowe s\u0105 wysy\u0142ane w ci\u0105gu dw\u00f3ch dni. Oferujemy r\u00f3wnie\u017c szereg us\u0142ug dostawy czasowej, w tym dostaw\u0119 w sobot\u0119, dost\u0119pn\u0105 do wyboru przy kasie.<\/p><p>Prosimy pami\u0119ta\u0107, \u017ce wysy\u0142ka wi\u0119kszych zam\u00f3wie\u0144 mo\u017ce potrwa\u0107 d\u0142u\u017cej. Skontaktujemy si\u0119 z Tob\u0105 i podamy szacunkowy czas dostawy, je\u015bli b\u0119dzie on dotyczy\u0142 Twojego zam\u00f3wienia.<\/p><p>Je\u015bli chcesz zwr\u00f3ci\u0107 produkt, pobierz kopi\u0119 naszego regulaminu zwrot\u00f3w.&nbsp;<a href=\"https:\/\/www.trafficangel.co.uk\/wp-content\/uploads\/2024\/04\/TrafficAngel-Customer-Returns-Form.docx\">TUTAJ<\/a>, po wype\u0142nieniu wydrukuj go i w\u0142\u00f3\u017c do paczki lub wy\u015blij e-mailem na adres&nbsp;<a href=\"mailto:help@trafficangel.co.uk\">pomoc@trafficangel.co.uk<\/a>&nbsp;z numerem przesy\u0142ki.<br>W ma\u0142o prawdopodobnym przypadku konieczno\u015bci zwrotu produktu z powodu jego wady lub ch\u0119ci z\u0142o\u017cenia reklamacji gwarancyjnej, prosimy o wype\u0142nienie kopii naszego formularza zwrotu, wydrukowanie go i umieszczenie w opakowaniu lub przes\u0142anie poczt\u0105 elektroniczn\u0105 na adres&nbsp;<a href=\"mailto:help@trafficangel.co.uk\">pomoc@trafficangel.co.uk<\/a>&nbsp;z za\u0142\u0105czonym formularzem zwrotu i danymi do \u015bledzenia przesy\u0142ki.<\/p><p>Mo\u017cemy r\u00f3wnie\u017c zorganizowa\u0107 odbi\u00f3r zwrot\u00f3w lub reklamacji za po\u015brednictwem naszego kuriera DPD. Aby to zorganizowa\u0107, prosimy o wys\u0142anie wiadomo\u015bci e-mail&nbsp;<a href=\"mailto:help@trafficangel.co.uk\">pomoc@trafficangel.co.uk<\/a>&nbsp;i podaj adres odbioru oraz najdogodniejsz\u0105 dat\u0119 i godzin\u0119 dokonania odbioru.<\/p>","protected":false},"excerpt":{"rendered":"<p>Staramy si\u0119 wysy\u0142a\u0107 zam\u00f3wienia tego samego dnia, je\u015bli zostan\u0105 z\u0142o\u017cone przed godzin\u0105 13:00. Do dostarczania wi\u0119kszo\u015bci zam\u00f3wie\u0144 u\u017cywamy firmy DPD. Wszystkie zam\u00f3wienia s\u0105 wysy\u0142ane w ramach us\u0142ugi dostawy nast\u0119pnego dnia.<\/p>","protected":false},"author":1,"featured_media":0,"parent":0,"menu_order":0,"comment_status":"closed","ping_status":"closed","template":"","meta":{"_acf_changed":false,"footnotes":""},"class_list":["post-1673","page","type-page","status-publish","hentry"],"acf":[],"_links":{"self":[{"href":"https:\/\/www.trafficangel.co.uk\/pl\/wp-json\/wp\/v2\/pages\/1673","targetHints":{"allow":["GET"]}}],"collection":[{"href":"https:\/\/www.trafficangel.co.uk\/pl\/wp-json\/wp\/v2\/pages"}],"about":[{"href":"https:\/\/www.trafficangel.co.uk\/pl\/wp-json\/wp\/v2\/types\/page"}],"author":[{"embeddable":true,"href":"https:\/\/www.trafficangel.co.uk\/pl\/wp-json\/wp\/v2\/users\/1"}],"replies":[{"embeddable":true,"href":"https:\/\/www.trafficangel.co.uk\/pl\/wp-json\/wp\/v2\/comments?post=1673"}],"version-history":[{"count":3,"href":"https:\/\/www.trafficangel.co.uk\/pl\/wp-json\/wp\/v2\/pages\/1673\/revisions"}],"predecessor-version":[{"id":2385,"href":"https:\/\/www.trafficangel.co.uk\/pl\/wp-json\/wp\/v2\/pages\/1673\/revisions\/2385"}],"wp:attachment":[{"href":"https:\/\/www.trafficangel.co.uk\/pl\/wp-json\/wp\/v2\/media?parent=1673"}],"curies":[{"name":"wp","href":"https:\/\/api.w.org\/{rel}","templated":true}]}}