{"id":1402,"date":"2024-01-19T12:49:32","date_gmt":"2024-01-19T12:49:32","guid":{"rendered":"http:\/\/traffic-angel.local\/product\/15m-camera-cable-4-pin-male-rca-male-dc-female\/"},"modified":"2025-10-20T08:53:16","modified_gmt":"2025-10-20T08:53:16","slug":"15m-camerakabel-4-pins-mannelijke-rca-mannelijke-dc-vrouwelijke","status":"publish","type":"product","link":"https:\/\/www.trafficangel.co.uk\/nl\/product\/15m-camerakabel-4-pins-mannelijke-rca-mannelijke-dc-vrouwelijke\/","title":{"rendered":"15 m camerakabel (4-pins mannelijk \u2013 RCA mannelijk en DC vrouwelijk)"},"content":{"rendered":"<p>De 15 meter lange camerakabel (4-pins mannelijk \u2013 RCA mannelijk &amp; DC vrouwelijk) van de Traffic Angel (onderdeelnr. CC15W) biedt een betrouwbare verbinding met een groot bereik voor in de cabine of achteruitrijcamera&#039;s. <a href=\"https:\/\/www.trafficangel.co.uk\/nl\/cameras\/\">camera&#039;s<\/a>.<\/p>\n<p>De afgeschermde kern zorgt voor zuivere videosignalen over grote afstanden, terwijl de 4-pins en RCA\/DC-connectoren in vliegtuigstijl zorgen voor een veilige, professionele montage. Met een gewicht van 529 g is hij licht maar robuust, ideaal voor industrieel gebruik en voldoet hij aan de eisen van commerci\u00eble wagenparken. Hij wordt geleverd voor verzending op dezelfde dag indien de bestelling v\u00f3\u00f3r 13:00 uur wordt geplaatst en is compatibel met onze voorbereidingsservice. Dit stroomlijnt de installatie en levert consistente prestaties in veeleisende omgevingen.<\/p>","protected":false},"excerpt":{"rendered":"<p>15m camerakabel (4-pins mannelijk \u2013 RCA mannelijk en DC vrouwelijk)<\/p>","protected":false},"featured_media":2351,"template":"","meta":{"_acf_changed":false},"product_cat":[26,27],"product_tag":[],"class_list":{"0":"post-1402","1":"product","2":"type-product","3":"status-publish","4":"has-post-thumbnail","6":"product_cat-cables-accessories","7":"product_cat-camera-trailer-cables","9":"first","10":"instock","11":"taxable","12":"shipping-taxable","13":"purchasable","14":"product-type-simple"},"acf":[],"_links":{"self":[{"href":"https:\/\/www.trafficangel.co.uk\/nl\/wp-json\/wp\/v2\/product\/1402","targetHints":{"allow":["GET"]}}],"collection":[{"href":"https:\/\/www.trafficangel.co.uk\/nl\/wp-json\/wp\/v2\/product"}],"about":[{"href":"https:\/\/www.trafficangel.co.uk\/nl\/wp-json\/wp\/v2\/types\/product"}],"wp:featuredmedia":[{"embeddable":true,"href":"https:\/\/www.trafficangel.co.uk\/nl\/wp-json\/wp\/v2\/media\/2351"}],"wp:attachment":[{"href":"https:\/\/www.trafficangel.co.uk\/nl\/wp-json\/wp\/v2\/media?parent=1402"}],"wp:term":[{"taxonomy":"product_cat","embeddable":true,"href":"https:\/\/www.trafficangel.co.uk\/nl\/wp-json\/wp\/v2\/product_cat?post=1402"},{"taxonomy":"product_tag","embeddable":true,"href":"https:\/\/www.trafficangel.co.uk\/nl\/wp-json\/wp\/v2\/product_tag?post=1402"}],"curies":[{"name":"wp","href":"https:\/\/api.w.org\/{rel}","templated":true}]}}