{"id":3049,"date":"2024-08-05T11:08:23","date_gmt":"2024-08-05T11:08:23","guid":{"rendered":"https:\/\/trafficangel-qqzv.temp-dns.com\/?post_type=product&#038;p=3049"},"modified":"2025-10-20T10:59:29","modified_gmt":"2025-10-20T10:59:29","slug":"nakts-laika-parslegsanas-sledza-pagrieziena-signalizacijas-integracija-ar-trafficangel-progresivo-drosibas-sistemu","status":"publish","type":"product","link":"https:\/\/www.trafficangel.co.uk\/lv\/produkts-2\/nakts-laika-parslegsanas-sledza-pagrieziena-signalizacijas-integracija-ar-trafficangel-progresivo-drosibas-sistemu\/","title":{"rendered":"Nakts p\u0101rsl\u0113g\u0161anas sl\u0113d\u017ea pagrieziena trauksmes integr\u0101cija ar TrafficAngel progres\u012bvo dro\u0161o sist\u0113mu"},"content":{"rendered":"<p>Nakts p\u0101rsl\u0113g\u0161anas sl\u0113dzis pagrieziena pa kreisi vai pa labi trauksmes sign\u0101liem, kas integr\u0113ti TrafficAngel <a href=\"https:\/\/www.trafficangel.co.uk\/lv\/progresiva-drosa-sistema\/\" target=\"_blank\" rel=\"noopener\">Progres\u012bv\u0101 dro\u0161\u0101 sist\u0113ma<\/a>. Sl\u0113d\u017eam ir pievienots plug and play savienot\u0101js, kas \u013cauj to pievienot PSS. Komplekt\u0101 ietilpst ar\u012b spraudnis un tapas pagrieziena signaliz\u0101cijas vadam.<\/p>","protected":false},"excerpt":{"rendered":"<p>Nakts p\u0101rsl\u0113g\u0161anas sl\u0113d\u017ea pagrieziena trauksmes integr\u0101cija ar TrafficAngel progres\u012bvo dro\u0161o sist\u0113mu<\/p>","protected":false},"featured_media":3055,"template":"","meta":{"_acf_changed":false},"product_cat":[85,53],"product_tag":[],"class_list":{"0":"post-3049","1":"product","2":"type-product","3":"status-publish","4":"has-post-thumbnail","6":"product_cat-components","7":"product_cat-progressive-safe-system","9":"first","10":"instock","11":"taxable","12":"shipping-taxable","13":"purchasable","14":"product-type-simple"},"acf":[],"_links":{"self":[{"href":"https:\/\/www.trafficangel.co.uk\/lv\/wp-json\/wp\/v2\/product\/3049","targetHints":{"allow":["GET"]}}],"collection":[{"href":"https:\/\/www.trafficangel.co.uk\/lv\/wp-json\/wp\/v2\/product"}],"about":[{"href":"https:\/\/www.trafficangel.co.uk\/lv\/wp-json\/wp\/v2\/types\/product"}],"wp:featuredmedia":[{"embeddable":true,"href":"https:\/\/www.trafficangel.co.uk\/lv\/wp-json\/wp\/v2\/media\/3055"}],"wp:attachment":[{"href":"https:\/\/www.trafficangel.co.uk\/lv\/wp-json\/wp\/v2\/media?parent=3049"}],"wp:term":[{"taxonomy":"product_cat","embeddable":true,"href":"https:\/\/www.trafficangel.co.uk\/lv\/wp-json\/wp\/v2\/product_cat?post=3049"},{"taxonomy":"product_tag","embeddable":true,"href":"https:\/\/www.trafficangel.co.uk\/lv\/wp-json\/wp\/v2\/product_tag?post=3049"}],"curies":[{"name":"wp","href":"https:\/\/api.w.org\/{rel}","templated":true}]}}