{"id":2711,"date":"2024-05-26T20:09:56","date_gmt":"2024-05-26T20:09:56","guid":{"rendered":"https:\/\/trafficangel-qqzv.temp-dns.com\/?post_type=product&#038;p=2711"},"modified":"2024-10-23T10:53:54","modified_gmt":"2024-10-23T10:53:54","slug":"nepieciesamais-uzstadisanas-komplekts-trafficangel-progresivajai-drosibas-sistemai-2","status":"publish","type":"product","link":"https:\/\/www.trafficangel.co.uk\/lv\/produkts-2\/nepieciesamais-uzstadisanas-komplekts-trafficangel-progresivajai-drosibas-sistemai-2\/","title":{"rendered":"Essential+ instal\u0113\u0161anas komplekts TrafficAngel progres\u012bvajai dro\u0161ai sist\u0113mai"},"content":{"rendered":"<p>\u0160is TrafficAngel uzst\u0101d\u012b\u0161anas komplekts <a href=\"https:\/\/www.trafficangel.co.uk\/lv\/progresiva-drosa-sistema\/\" target=\"_blank\" rel=\"noopener\">Progres\u012bv\u0101 dro\u0161\u0101 sist\u0113ma<\/a> ir nepiecie\u0161ams sist\u0113mas iestat\u012b\u0161anai un kalibr\u0113\u0161anai.<\/p>\n<p>Komplekt\u0101 ietilpst \u0161\u0101di priek\u0161meti:<\/p>\n<p>1x uzl\u0101d\u0113jams akumulators + USB kabelis un 4 kontaktu adapteris<\/p>\n<p>1x Wi-Fi kalibr\u0113\u0161anas r\u012bks<\/p>\n<p>6x mar\u0137iera konusi<\/p>\n<p>1x cigare\u0161u piesm\u0113\u0137\u0113t\u0101ja ligzdas str\u0101vas adapteris<\/p>","protected":false},"excerpt":{"rendered":"<p>Essential+ instal\u0113\u0161anas komplekts TrafficAngel progres\u012bvajai dro\u0161ai sist\u0113mai<\/p>","protected":false},"featured_media":2923,"template":"","meta":{"_acf_changed":false},"product_cat":[85,53],"product_tag":[],"class_list":{"0":"post-2711","1":"product","2":"type-product","3":"status-publish","4":"has-post-thumbnail","6":"product_cat-components","7":"product_cat-progressive-safe-system","9":"first","10":"instock","11":"taxable","12":"shipping-taxable","13":"purchasable","14":"product-type-simple"},"acf":[],"_links":{"self":[{"href":"https:\/\/www.trafficangel.co.uk\/lv\/wp-json\/wp\/v2\/product\/2711","targetHints":{"allow":["GET"]}}],"collection":[{"href":"https:\/\/www.trafficangel.co.uk\/lv\/wp-json\/wp\/v2\/product"}],"about":[{"href":"https:\/\/www.trafficangel.co.uk\/lv\/wp-json\/wp\/v2\/types\/product"}],"wp:featuredmedia":[{"embeddable":true,"href":"https:\/\/www.trafficangel.co.uk\/lv\/wp-json\/wp\/v2\/media\/2923"}],"wp:attachment":[{"href":"https:\/\/www.trafficangel.co.uk\/lv\/wp-json\/wp\/v2\/media?parent=2711"}],"wp:term":[{"taxonomy":"product_cat","embeddable":true,"href":"https:\/\/www.trafficangel.co.uk\/lv\/wp-json\/wp\/v2\/product_cat?post=2711"},{"taxonomy":"product_tag","embeddable":true,"href":"https:\/\/www.trafficangel.co.uk\/lv\/wp-json\/wp\/v2\/product_tag?post=2711"}],"curies":[{"name":"wp","href":"https:\/\/api.w.org\/{rel}","templated":true}]}}