{"id":2346,"date":"2024-04-16T12:54:26","date_gmt":"2024-04-16T12:54:26","guid":{"rendered":"https:\/\/trafficangel-qqzv.temp-dns.com\/?post_type=product&#038;p=2346"},"modified":"2025-10-20T10:24:27","modified_gmt":"2025-10-20T10:24:27","slug":"stura-kamera-progresivajai-drosibas-sistemai-trafficangel","status":"publish","type":"product","link":"https:\/\/www.trafficangel.co.uk\/lv\/produkts-2\/stura-kamera-progresivajai-drosibas-sistemai-trafficangel\/","title":{"rendered":"St\u016bra kamera TrafficAngel progres\u012bvajai dro\u0161ajai sist\u0113mai"},"content":{"rendered":"<p>St\u016bra kamera lieto\u0161anai kop\u0101 ar TrafficAngel <a href=\"https:\/\/www.trafficangel.co.uk\/lv\/progresiva-drosa-sistema\/\" target=\"_blank\" rel=\"noopener\">Progres\u012bv\u0101 dro\u0161\u0101 sist\u0113ma<\/a>, kas uzst\u0101d\u012bta transportl\u012bdzek\u013ca tuv\u0101kaj\u0101 st\u016br\u012b, \u0161\u012b AI kamera tiek izmantota k\u0101 da\u013ca no m\u016bsu BSIS (akl\u0101s zonas inform\u0101cijas sist\u0113mas). Kamerai ir stiprin\u0101jumi un silikona \u0137\u012blis un paliktnis. L\u016bdzu, \u0146emiet v\u0113r\u0101, ka, lai uzst\u0101d\u012btu \u0161o kameru, ir nepiecie\u0161ams m\u016bsu uzst\u0101d\u012b\u0161anas komplekts kalibr\u0113\u0161anai.<\/p>","protected":false},"excerpt":{"rendered":"<p>St\u016bra kamera TrafficAngel progres\u012bvajai dro\u0161ajai sist\u0113mai<\/p>","protected":false},"featured_media":1918,"template":"","meta":{"_acf_changed":false},"product_cat":[85,53],"product_tag":[],"class_list":{"0":"post-2346","1":"product","2":"type-product","3":"status-publish","4":"has-post-thumbnail","6":"product_cat-components","7":"product_cat-progressive-safe-system","9":"first","10":"instock","11":"taxable","12":"shipping-taxable","13":"purchasable","14":"product-type-simple"},"acf":[],"_links":{"self":[{"href":"https:\/\/www.trafficangel.co.uk\/lv\/wp-json\/wp\/v2\/product\/2346","targetHints":{"allow":["GET"]}}],"collection":[{"href":"https:\/\/www.trafficangel.co.uk\/lv\/wp-json\/wp\/v2\/product"}],"about":[{"href":"https:\/\/www.trafficangel.co.uk\/lv\/wp-json\/wp\/v2\/types\/product"}],"wp:featuredmedia":[{"embeddable":true,"href":"https:\/\/www.trafficangel.co.uk\/lv\/wp-json\/wp\/v2\/media\/1918"}],"wp:attachment":[{"href":"https:\/\/www.trafficangel.co.uk\/lv\/wp-json\/wp\/v2\/media?parent=2346"}],"wp:term":[{"taxonomy":"product_cat","embeddable":true,"href":"https:\/\/www.trafficangel.co.uk\/lv\/wp-json\/wp\/v2\/product_cat?post=2346"},{"taxonomy":"product_tag","embeddable":true,"href":"https:\/\/www.trafficangel.co.uk\/lv\/wp-json\/wp\/v2\/product_tag?post=2346"}],"curies":[{"name":"wp","href":"https:\/\/api.w.org\/{rel}","templated":true}]}}