{"id":1710,"date":"2024-01-19T12:50:48","date_gmt":"2024-01-19T12:50:48","guid":{"rendered":"https:\/\/trafficangel-qqzv.temp-dns.com\/product\/trafficangel-safe-system-gps-gyroscope-module\/"},"modified":"2025-10-20T14:19:28","modified_gmt":"2025-10-20T14:19:28","slug":"gps-ziroskopa-modulis-progresivai-drosibas-sistemai-trafficangel","status":"publish","type":"product","link":"https:\/\/www.trafficangel.co.uk\/lv\/produkts-2\/gps-ziroskopa-modulis-progresivai-drosibas-sistemai-trafficangel\/","title":{"rendered":"GPS + \u017eiroskopa modulis TrafficAngel progres\u012bvajai dro\u0161ai sist\u0113mai"},"content":{"rendered":"<p>GPS + \u017eiroskopa modulis TrafficAngel <a href=\"https:\/\/www.trafficangel.co.uk\/lv\/progresiva-drosa-sistema\/\" target=\"_blank\" rel=\"noopener\">Progres\u012bv\u0101 dro\u0161\u0101 sist\u0113ma<\/a>. \u0160is modulis \u013cauj sist\u0113mai noteikt \u0101trumu un kust\u012bbu, ievadot datus PSS-ECU.<\/p>","protected":false},"excerpt":{"rendered":"<p>GPS + \u017eiroskopa modulis TrafficAngel progres\u012bvajai dro\u0161ai sist\u0113mai<\/p>","protected":false},"featured_media":1910,"template":"","meta":{"_acf_changed":false},"product_cat":[85,53],"product_tag":[],"class_list":{"0":"post-1710","1":"product","2":"type-product","3":"status-publish","4":"has-post-thumbnail","6":"product_cat-components","7":"product_cat-progressive-safe-system","9":"first","10":"instock","11":"taxable","12":"shipping-taxable","13":"purchasable","14":"product-type-simple"},"acf":[],"_links":{"self":[{"href":"https:\/\/www.trafficangel.co.uk\/lv\/wp-json\/wp\/v2\/product\/1710","targetHints":{"allow":["GET"]}}],"collection":[{"href":"https:\/\/www.trafficangel.co.uk\/lv\/wp-json\/wp\/v2\/product"}],"about":[{"href":"https:\/\/www.trafficangel.co.uk\/lv\/wp-json\/wp\/v2\/types\/product"}],"wp:featuredmedia":[{"embeddable":true,"href":"https:\/\/www.trafficangel.co.uk\/lv\/wp-json\/wp\/v2\/media\/1910"}],"wp:attachment":[{"href":"https:\/\/www.trafficangel.co.uk\/lv\/wp-json\/wp\/v2\/media?parent=1710"}],"wp:term":[{"taxonomy":"product_cat","embeddable":true,"href":"https:\/\/www.trafficangel.co.uk\/lv\/wp-json\/wp\/v2\/product_cat?post=1710"},{"taxonomy":"product_tag","embeddable":true,"href":"https:\/\/www.trafficangel.co.uk\/lv\/wp-json\/wp\/v2\/product_tag?post=1710"}],"curies":[{"name":"wp","href":"https:\/\/api.w.org\/{rel}","templated":true}]}}