{"id":1705,"date":"2024-01-19T12:50:46","date_gmt":"2024-01-19T12:50:46","guid":{"rendered":"https:\/\/trafficangel-qqzv.temp-dns.com\/product\/trafficangel-safe-system-side-display-housing-for-a-pillar\/"},"modified":"2025-10-20T10:35:13","modified_gmt":"2025-10-20T10:35:13","slug":"sanu-displeja-korpuss-statnam-trafficangel-progresivai-drosibas-sistemai","status":"publish","type":"product","link":"https:\/\/www.trafficangel.co.uk\/lv\/produkts-2\/sanu-displeja-korpuss-statnam-trafficangel-progresivai-drosibas-sistemai\/","title":{"rendered":"S\u0101nu displeja korpuss TrafficAngel Progressive Safe System A statram"},"content":{"rendered":"<p>M\u016bsu s\u0101nu displeja korpuss uzst\u0101d\u012b\u0161anai pie pasa\u017eiera puses A stat\u0146a. M\u016bsu iek\u0161\u0113jais dizains veido TrafficAngel <a href=\"https:\/\/www.trafficangel.co.uk\/lv\/progresiva-drosa-sistema\/\">Progres\u012bv\u0101 dro\u0161\u0101 sist\u0113ma<\/a>Galvenais displejs ir iztur\u012bgs pret viltojumiem, k\u0101 nor\u0101d\u012bjis TfL. T\u0101 atgriezenisk\u0101 konstrukcija noz\u012bm\u0113, ka to var izmantot gan transportl\u012bdzek\u013cos ar st\u016bri labaj\u0101, gan kreisaj\u0101 pus\u0113.<\/p>\n<p>Iek\u013cauti stiprin\u0101jumi un putuplasta mont\u0101\u017eas paliktnis.<\/p>","protected":false},"excerpt":{"rendered":"<p>S\u0101nu displeja korpuss TrafficAngel Progressive Safe System A statram<\/p>","protected":false},"featured_media":1954,"template":"","meta":{"_acf_changed":false},"product_cat":[85,53],"product_tag":[],"class_list":{"0":"post-1705","1":"product","2":"type-product","3":"status-publish","4":"has-post-thumbnail","6":"product_cat-components","7":"product_cat-progressive-safe-system","9":"first","10":"instock","11":"taxable","12":"shipping-taxable","13":"purchasable","14":"product-type-simple"},"acf":[],"_links":{"self":[{"href":"https:\/\/www.trafficangel.co.uk\/lv\/wp-json\/wp\/v2\/product\/1705","targetHints":{"allow":["GET"]}}],"collection":[{"href":"https:\/\/www.trafficangel.co.uk\/lv\/wp-json\/wp\/v2\/product"}],"about":[{"href":"https:\/\/www.trafficangel.co.uk\/lv\/wp-json\/wp\/v2\/types\/product"}],"wp:featuredmedia":[{"embeddable":true,"href":"https:\/\/www.trafficangel.co.uk\/lv\/wp-json\/wp\/v2\/media\/1954"}],"wp:attachment":[{"href":"https:\/\/www.trafficangel.co.uk\/lv\/wp-json\/wp\/v2\/media?parent=1705"}],"wp:term":[{"taxonomy":"product_cat","embeddable":true,"href":"https:\/\/www.trafficangel.co.uk\/lv\/wp-json\/wp\/v2\/product_cat?post=1705"},{"taxonomy":"product_tag","embeddable":true,"href":"https:\/\/www.trafficangel.co.uk\/lv\/wp-json\/wp\/v2\/product_tag?post=1705"}],"curies":[{"name":"wp","href":"https:\/\/api.w.org\/{rel}","templated":true}]}}