{"id":1703,"date":"2024-01-19T12:50:46","date_gmt":"2024-01-19T12:50:46","guid":{"rendered":"https:\/\/trafficangel-qqzv.temp-dns.com\/product\/trafficangel-safe-system-side-display\/"},"modified":"2025-10-20T10:33:47","modified_gmt":"2025-10-20T10:33:47","slug":"sanu-displejs-progresivajai-drosibas-sistemai-trafficangel","status":"publish","type":"product","link":"https:\/\/www.trafficangel.co.uk\/lv\/produkts-2\/sanu-displejs-progresivajai-drosibas-sistemai-trafficangel\/","title":{"rendered":"TrafficAngel Progressive Safe System s\u0101nu displejs"},"content":{"rendered":"<p>TrafficAngel s\u0101nu displejs <a href=\"https:\/\/www.trafficangel.co.uk\/lv\/progresiva-drosa-sistema\/\">Progres\u012bv\u0101 dro\u0161\u0101 sist\u0113ma<\/a>, \u0161is displejs ir uzst\u0101d\u012bts uz pasa\u017eiera puses A stat\u0146a un nodro\u0161ina vad\u012bt\u0101jam vizu\u0101lus br\u012bdin\u0101jumus saska\u0146\u0101 ar TfL specifik\u0101cij\u0101m. Displejs ir uzst\u0101d\u012bts m\u016bsu specializ\u0113taj\u0101 A stat\u0146a stiprin\u0101jum\u0101, nodro\u0161inot dro\u0161u risin\u0101jumu (nop\u0113rkams atsevi\u0161\u0137i).<\/p>","protected":false},"excerpt":{"rendered":"<p>TrafficAngel Progressive Safe System s\u0101nu displejs<\/p>","protected":false},"featured_media":1942,"template":"","meta":{"_acf_changed":false},"product_cat":[85,53],"product_tag":[],"class_list":{"0":"post-1703","1":"product","2":"type-product","3":"status-publish","4":"has-post-thumbnail","6":"product_cat-components","7":"product_cat-progressive-safe-system","9":"first","10":"instock","11":"taxable","12":"shipping-taxable","13":"purchasable","14":"product-type-simple"},"acf":[],"_links":{"self":[{"href":"https:\/\/www.trafficangel.co.uk\/lv\/wp-json\/wp\/v2\/product\/1703","targetHints":{"allow":["GET"]}}],"collection":[{"href":"https:\/\/www.trafficangel.co.uk\/lv\/wp-json\/wp\/v2\/product"}],"about":[{"href":"https:\/\/www.trafficangel.co.uk\/lv\/wp-json\/wp\/v2\/types\/product"}],"wp:featuredmedia":[{"embeddable":true,"href":"https:\/\/www.trafficangel.co.uk\/lv\/wp-json\/wp\/v2\/media\/1942"}],"wp:attachment":[{"href":"https:\/\/www.trafficangel.co.uk\/lv\/wp-json\/wp\/v2\/media?parent=1703"}],"wp:term":[{"taxonomy":"product_cat","embeddable":true,"href":"https:\/\/www.trafficangel.co.uk\/lv\/wp-json\/wp\/v2\/product_cat?post=1703"},{"taxonomy":"product_tag","embeddable":true,"href":"https:\/\/www.trafficangel.co.uk\/lv\/wp-json\/wp\/v2\/product_tag?post=1703"}],"curies":[{"name":"wp","href":"https:\/\/api.w.org\/{rel}","templated":true}]}}