{"id":1698,"date":"2024-01-19T12:50:43","date_gmt":"2024-01-19T12:50:43","guid":{"rendered":"https:\/\/trafficangel-qqzv.temp-dns.com\/product\/trafficangel-safe-system-4m-camera-cable-4-pin-to-4-pin\/"},"modified":"2025-10-20T10:25:53","modified_gmt":"2025-10-20T10:25:53","slug":"4-m-kameras-kabelis-trafficangel-progresivajai-drosibas-sistemai","status":"publish","type":"product","link":"https:\/\/www.trafficangel.co.uk\/lv\/produkts-2\/4-m-kameras-kabelis-trafficangel-progresivajai-drosibas-sistemai\/","title":{"rendered":"4\u00a0m kameras kabelis TrafficAngel progres\u012bvajai dro\u0161ai sist\u0113mai"},"content":{"rendered":"<p>4 metru kameras kabelis priek\u0161 TrafficAngel <a href=\"https:\/\/www.trafficangel.co.uk\/lv\/progresiva-drosa-sistema\/\">Progres\u012bv\u0101 dro\u0161\u0101 sist\u0113ma<\/a>. \u0160o kabeli izmanto, lai savienotu priek\u0161\u0113jo kameru ar PSS ECU.<\/p>","protected":false},"excerpt":{"rendered":"<p>4\u00a0m kameras kabelis TrafficAngel progres\u012bvajai dro\u0161ai sist\u0113mai<\/p>","protected":false},"featured_media":1979,"template":"","meta":{"_acf_changed":false},"product_cat":[85,53],"product_tag":[],"class_list":{"0":"post-1698","1":"product","2":"type-product","3":"status-publish","4":"has-post-thumbnail","6":"product_cat-components","7":"product_cat-progressive-safe-system","9":"first","10":"instock","11":"taxable","12":"shipping-taxable","13":"purchasable","14":"product-type-simple"},"acf":[],"_links":{"self":[{"href":"https:\/\/www.trafficangel.co.uk\/lv\/wp-json\/wp\/v2\/product\/1698","targetHints":{"allow":["GET"]}}],"collection":[{"href":"https:\/\/www.trafficangel.co.uk\/lv\/wp-json\/wp\/v2\/product"}],"about":[{"href":"https:\/\/www.trafficangel.co.uk\/lv\/wp-json\/wp\/v2\/types\/product"}],"wp:featuredmedia":[{"embeddable":true,"href":"https:\/\/www.trafficangel.co.uk\/lv\/wp-json\/wp\/v2\/media\/1979"}],"wp:attachment":[{"href":"https:\/\/www.trafficangel.co.uk\/lv\/wp-json\/wp\/v2\/media?parent=1698"}],"wp:term":[{"taxonomy":"product_cat","embeddable":true,"href":"https:\/\/www.trafficangel.co.uk\/lv\/wp-json\/wp\/v2\/product_cat?post=1698"},{"taxonomy":"product_tag","embeddable":true,"href":"https:\/\/www.trafficangel.co.uk\/lv\/wp-json\/wp\/v2\/product_tag?post=1698"}],"curies":[{"name":"wp","href":"https:\/\/api.w.org\/{rel}","templated":true}]}}