{"id":1696,"date":"2024-01-19T12:50:43","date_gmt":"2024-01-19T12:50:43","guid":{"rendered":"https:\/\/trafficangel-qqzv.temp-dns.com\/product\/trafficangel-safe-system-camera-output-cable\/"},"modified":"2025-10-20T14:21:27","modified_gmt":"2025-10-20T14:21:27","slug":"camera-output-cable-for-trafficangel-progressive-safe-system","status":"publish","type":"product","link":"https:\/\/www.trafficangel.co.uk\/lv\/produkts-2\/camera-output-cable-for-trafficangel-progressive-safe-system\/","title":{"rendered":"Kameras izejas kabelis TrafficAngel progres\u012bvajai dro\u0161ai sist\u0113mai"},"content":{"rendered":"<p>Kameras izvades kabelis, kas savienojas ar <a href=\"https:\/\/www.trafficangel.co.uk\/lv\/progresiva-drosa-sistema\/\">PSS<\/a> ECU, kas \u013cauj PSS kameru pl\u016bsmas izvad\u012bt uz monitoru vai DVR. Kabelim ir izejas 1x priek\u0161\u0113jai kamerai, 1x st\u016bra kamerai un 1x s\u0101nu kamerai.<\/p>","protected":false},"excerpt":{"rendered":"<p>Kameras izvades kabelis TrafficAngel progres\u012bvajai dro\u0161ai sist\u0113mai<\/p>","protected":false},"featured_media":1972,"template":"","meta":{"_acf_changed":false},"product_cat":[85,53],"product_tag":[],"class_list":{"0":"post-1696","1":"product","2":"type-product","3":"status-publish","4":"has-post-thumbnail","6":"product_cat-components","7":"product_cat-progressive-safe-system","9":"first","10":"instock","11":"taxable","12":"shipping-taxable","13":"purchasable","14":"product-type-simple"},"acf":[],"_links":{"self":[{"href":"https:\/\/www.trafficangel.co.uk\/lv\/wp-json\/wp\/v2\/product\/1696","targetHints":{"allow":["GET"]}}],"collection":[{"href":"https:\/\/www.trafficangel.co.uk\/lv\/wp-json\/wp\/v2\/product"}],"about":[{"href":"https:\/\/www.trafficangel.co.uk\/lv\/wp-json\/wp\/v2\/types\/product"}],"wp:featuredmedia":[{"embeddable":true,"href":"https:\/\/www.trafficangel.co.uk\/lv\/wp-json\/wp\/v2\/media\/1972"}],"wp:attachment":[{"href":"https:\/\/www.trafficangel.co.uk\/lv\/wp-json\/wp\/v2\/media?parent=1696"}],"wp:term":[{"taxonomy":"product_cat","embeddable":true,"href":"https:\/\/www.trafficangel.co.uk\/lv\/wp-json\/wp\/v2\/product_cat?post=1696"},{"taxonomy":"product_tag","embeddable":true,"href":"https:\/\/www.trafficangel.co.uk\/lv\/wp-json\/wp\/v2\/product_tag?post=1696"}],"curies":[{"name":"wp","href":"https:\/\/api.w.org\/{rel}","templated":true}]}}