{"id":1694,"date":"2024-01-19T12:50:43","date_gmt":"2024-01-19T12:50:43","guid":{"rendered":"https:\/\/trafficangel-qqzv.temp-dns.com\/product\/trafficangel-safe-system-mois-bsis-3-cameras\/"},"modified":"2025-10-20T10:22:12","modified_gmt":"2025-10-20T10:22:12","slug":"trafficangel-drosibas-sistema-mois-bsis-3-kameras","status":"publish","type":"product","link":"https:\/\/www.trafficangel.co.uk\/lv\/produkts-2\/trafficangel-drosibas-sistema-mois-bsis-3-kameras\/","title":{"rendered":"TrafficAngel Progressive Safe System MOIS + BSIS 3 x AI kameru sist\u0113ma \u2013 iek\u0161\u0113j\u0101 FC"},"content":{"rendered":"<p style=\"font-weight: 400;\">The <strong>Satiksmes e\u0146\u0123elis <a href=\"https:\/\/www.trafficangel.co.uk\/lv\/progresiva-drosa-sistema-2024-gadam\/\">Progres\u012bv\u0101 dro\u0161\u0101 sist\u0113ma<\/a><\/strong> sast\u0101v no 3 x AI kamer\u0101m (1 x uz priek\u0161u, 1 x st\u016bri un 1 x s\u0101nu), 1 x s\u0101nu displeju, 1 x displeju blakus, 1 x vad\u012bbas bloku, 1 x \u017eiroskopu\/GPS moduli, kas p\u0113c uzst\u0101d\u012b\u0161anas atbilst vis\u0101m pras\u012bb\u0101m, ko nosaka TfL sav\u0101 jaun\u0101kaj\u0101 dokument\u0101cij\u0101 par PSS\/BSIS\/MOIS, tostarp g\u0101j\u0113ju un ielu m\u0113be\u013cu no\u0161\u0137ir\u0161anu un ska\u0146as br\u012bdin\u0101juma klus\u0113\u0161anu, ja uztver\u0161anas diapazon\u0101 nav j\u016btama apdraud\u0113juma neaizsarg\u0101tajam satiksmes dal\u012bbniekam (VRU).<\/p>\n<p>Vienk\u0101r\u0161u sist\u0113mas darb\u012bbas aprakstu skatiet \u0161eit. Vai ar\u012b izlas\u012bt pilnu rokasgr\u0101matu par PSS go <a href=\"https:\/\/trafficangel.co.uk\/wp-content\/uploads\/2024\/04\/TAPPS-Summary.pdf\" target=\"_blank\" rel=\"noopener\">\u0161eit<\/a>.<\/p>","protected":false},"excerpt":{"rendered":"<p style=\"font-weight: 400;\">The <strong>Satiksmes e\u0146\u0123elis <a href=\"https:\/\/www.trafficangel.co.uk\/lv\/progresiva-drosa-sistema\/\">Progres\u012bv\u0101 dro\u0161\u0101 sist\u0113ma<\/a><\/strong> sast\u0101v no 3 x AI kamer\u0101m (1 x uz priek\u0161u, 1 x st\u016bri un 1 x s\u0101nu), 1 x s\u0101nu displeju, 1 x displeju blakus, 1 x vad\u012bbas bloku, 1 x \u017eiroskopu\/GPS moduli, kas p\u0113c uzst\u0101d\u012b\u0161anas atbilst vis\u0101m pras\u012bb\u0101m, ko nosaka TfL sav\u0101 jaun\u0101kaj\u0101 dokument\u0101cij\u0101 par PSS\/BSIS\/MOIS, tostarp g\u0101j\u0113ju un ielu m\u0113be\u013cu no\u0161\u0137ir\u0161anu un ska\u0146as br\u012bdin\u0101juma klus\u0113\u0161anu, ja uztver\u0161anas diapazon\u0101 nav j\u016btama apdraud\u0113juma neaizsarg\u0101tajam satiksmes dal\u012bbniekam (VRU).<\/p>","protected":false},"featured_media":1913,"template":"","meta":{"_acf_changed":false},"product_cat":[53,84],"product_tag":[],"class_list":{"0":"post-1694","1":"product","2":"type-product","3":"status-publish","4":"has-post-thumbnail","6":"product_cat-progressive-safe-system","7":"product_cat-pss-solutions","9":"first","10":"instock","11":"taxable","12":"shipping-taxable","13":"purchasable","14":"product-type-simple"},"acf":[],"_links":{"self":[{"href":"https:\/\/www.trafficangel.co.uk\/lv\/wp-json\/wp\/v2\/product\/1694","targetHints":{"allow":["GET"]}}],"collection":[{"href":"https:\/\/www.trafficangel.co.uk\/lv\/wp-json\/wp\/v2\/product"}],"about":[{"href":"https:\/\/www.trafficangel.co.uk\/lv\/wp-json\/wp\/v2\/types\/product"}],"wp:featuredmedia":[{"embeddable":true,"href":"https:\/\/www.trafficangel.co.uk\/lv\/wp-json\/wp\/v2\/media\/1913"}],"wp:attachment":[{"href":"https:\/\/www.trafficangel.co.uk\/lv\/wp-json\/wp\/v2\/media?parent=1694"}],"wp:term":[{"taxonomy":"product_cat","embeddable":true,"href":"https:\/\/www.trafficangel.co.uk\/lv\/wp-json\/wp\/v2\/product_cat?post=1694"},{"taxonomy":"product_tag","embeddable":true,"href":"https:\/\/www.trafficangel.co.uk\/lv\/wp-json\/wp\/v2\/product_tag?post=1694"}],"curies":[{"name":"wp","href":"https:\/\/api.w.org\/{rel}","templated":true}]}}