{"id":1593,"date":"2024-01-19T12:50:34","date_gmt":"2024-01-19T12:50:34","guid":{"rendered":"http:\/\/traffic-angel.local\/product\/wireless-receiver-pairing-type-4-pin-female-connector\/"},"modified":"2024-10-31T09:47:26","modified_gmt":"2024-10-31T09:47:26","slug":"bezvadu-video-uztvereja-bloks","status":"publish","type":"product","link":"https:\/\/www.trafficangel.co.uk\/lv\/produkts-2\/bezvadu-video-uztvereja-bloks\/","title":{"rendered":"Bezvadu video uztv\u0113r\u0113ja bloks"},"content":{"rendered":"","protected":false},"excerpt":{"rendered":"<p>Bezvadu video uztv\u0113r\u0113ja bloks<\/p>","protected":false},"featured_media":1366,"template":"","meta":{"_acf_changed":false},"product_cat":[903],"product_tag":[],"class_list":{"0":"post-1593","1":"product","2":"type-product","3":"status-publish","4":"has-post-thumbnail","6":"product_cat-suzies-wireless","8":"first","9":"instock","10":"taxable","11":"shipping-taxable","12":"purchasable","13":"product-type-simple"},"acf":[],"_links":{"self":[{"href":"https:\/\/www.trafficangel.co.uk\/lv\/wp-json\/wp\/v2\/product\/1593","targetHints":{"allow":["GET"]}}],"collection":[{"href":"https:\/\/www.trafficangel.co.uk\/lv\/wp-json\/wp\/v2\/product"}],"about":[{"href":"https:\/\/www.trafficangel.co.uk\/lv\/wp-json\/wp\/v2\/types\/product"}],"wp:featuredmedia":[{"embeddable":true,"href":"https:\/\/www.trafficangel.co.uk\/lv\/wp-json\/wp\/v2\/media\/1366"}],"wp:attachment":[{"href":"https:\/\/www.trafficangel.co.uk\/lv\/wp-json\/wp\/v2\/media?parent=1593"}],"wp:term":[{"taxonomy":"product_cat","embeddable":true,"href":"https:\/\/www.trafficangel.co.uk\/lv\/wp-json\/wp\/v2\/product_cat?post=1593"},{"taxonomy":"product_tag","embeddable":true,"href":"https:\/\/www.trafficangel.co.uk\/lv\/wp-json\/wp\/v2\/product_tag?post=1593"}],"curies":[{"name":"wp","href":"https:\/\/api.w.org\/{rel}","templated":true}]}}