{"id":1553,"date":"2024-01-19T12:50:21","date_gmt":"2024-01-19T12:50:21","guid":{"rendered":"http:\/\/traffic-angel.local\/product\/4-channel-sd-card-dvr-with-3g-4g-js2-inc-lrb-cdt2-gps\/"},"modified":"2025-11-12T13:52:56","modified_gmt":"2025-11-12T13:52:56","slug":"4-kanalu-divu-sd-karsu-dvr-ar-gps-un-3g-4g-savienojumu","status":"publish","type":"product","link":"https:\/\/www.trafficangel.co.uk\/lv\/produkts-2\/4-kanalu-divu-sd-karsu-dvr-ar-gps-un-3g-4g-savienojumu\/","title":{"rendered":"4 kan\u0101lu Twin SD kartes DVR ar GPS un 3G\/4G"},"content":{"rendered":"<p>Satiksmes e\u0146\u0123elis <a href=\"https:\/\/www.trafficangel.co.uk\/lv\/digital-video-recorders\/\">Digit\u0101lie video ierakst\u012bt\u0101ji<\/a> (DVR) pied\u0101v\u0101 uzticamu un dro\u0161u veidu, k\u0101 ierakst\u012bt vair\u0101kas kameras, kas izvietotas ap j\u016bsu transportl\u012bdzek\u013ciem, ar pla\u0161u funkciju kl\u0101stu, un m\u016bsu kl\u0101sts pied\u0101v\u0101 elast\u012bbu, lai piel\u0101gotu ierakst\u012b\u0161anas risin\u0101jumus j\u016bsu pras\u012bb\u0101m. M\u016bsu DVR sniedz lielas priek\u0161roc\u012bbas vis\u0101s nozar\u0113s - gan autoparku operatoriem, gan individu\u0101liem projektiem p\u0113c pas\u016bt\u012bjuma. Dro\u0161\u012bba ap transportl\u012bdzek\u013ciem ir vissvar\u012bg\u0101k\u0101, un visi m\u016bsu videore\u0123istratori, tostarp \u0161is 4 kan\u0101lu divkan\u0101lu SD kar\u0161u videore\u0123istrators ar GPS un 3G\/4G, pal\u012bdz veicin\u0101t dro\u0161\u0101ku brauk\u0161anas praksi un liel\u0101ku atbild\u012bbu. Ierakst\u012b\u0161anas sist\u0113mas ar\u012b ietaupa naudu, jo taj\u0101s tiek fiks\u0113ti skaidri pier\u0101d\u012bjumi negad\u012bjumu gad\u012bjumos, nov\u0113r\u0161ot nepatiesus apdro\u0161in\u0101\u0161anas atl\u012bdz\u012bbas piepras\u012bjumus un t\u0101d\u0113j\u0101di nodro\u0161inot iev\u0113rojamus ietaup\u012bjumus uz apdro\u0161in\u0101\u0161anas pr\u0113mij\u0101m. Dro\u0161\u012bba, ko nodro\u0161ina ierakst\u012b\u0161anas sist\u0113ma, ar\u012b aizsarg\u0101 autovad\u012bt\u0101jus, transportl\u012bdzek\u013cus un \u012bpa\u0161umus, darbojoties k\u0101 prevent\u012bvs pas\u0101kums, kas attur no noziedz\u012bg\u0101m darb\u012bb\u0101m.<\/p>","protected":false},"excerpt":{"rendered":"<p>4 kan\u0101lu divu SD kar\u0161u DVR ar GPS un 3G\/4G. Uzziniet vair\u0101k par m\u016bsu <a href=\"https:\/\/www.trafficangel.co.uk\/lv\/digital-video-recorders\/\" target=\"_blank\" rel=\"noopener\">Digit\u0101lie video ierakst\u012bt\u0101ji<\/a>.<\/p>","protected":false},"featured_media":1040,"template":"","meta":{"_acf_changed":false},"product_cat":[19,48],"product_tag":[],"class_list":{"0":"post-1553","1":"product","2":"type-product","3":"status-publish","4":"has-post-thumbnail","6":"product_cat-video-recording-systems","7":"product_cat-dvrs","9":"first","10":"instock","11":"taxable","12":"shipping-taxable","13":"purchasable","14":"product-type-simple"},"acf":[],"_links":{"self":[{"href":"https:\/\/www.trafficangel.co.uk\/lv\/wp-json\/wp\/v2\/product\/1553","targetHints":{"allow":["GET"]}}],"collection":[{"href":"https:\/\/www.trafficangel.co.uk\/lv\/wp-json\/wp\/v2\/product"}],"about":[{"href":"https:\/\/www.trafficangel.co.uk\/lv\/wp-json\/wp\/v2\/types\/product"}],"wp:featuredmedia":[{"embeddable":true,"href":"https:\/\/www.trafficangel.co.uk\/lv\/wp-json\/wp\/v2\/media\/1040"}],"wp:attachment":[{"href":"https:\/\/www.trafficangel.co.uk\/lv\/wp-json\/wp\/v2\/media?parent=1553"}],"wp:term":[{"taxonomy":"product_cat","embeddable":true,"href":"https:\/\/www.trafficangel.co.uk\/lv\/wp-json\/wp\/v2\/product_cat?post=1553"},{"taxonomy":"product_tag","embeddable":true,"href":"https:\/\/www.trafficangel.co.uk\/lv\/wp-json\/wp\/v2\/product_tag?post=1553"}],"curies":[{"name":"wp","href":"https:\/\/api.w.org\/{rel}","templated":true}]}}