{"id":1501,"date":"2024-01-19T12:50:05","date_gmt":"2024-01-19T12:50:05","guid":{"rendered":"http:\/\/traffic-angel.local\/product\/black-side-camera-d1-12v-ir-150\/"},"modified":"2025-12-15T09:45:04","modified_gmt":"2025-12-15T09:45:04","slug":"melna-sanu-kamera-d1-ir-150","status":"publish","type":"product","link":"https:\/\/www.trafficangel.co.uk\/lv\/produkts-2\/melna-sanu-kamera-d1-ir-150\/","title":{"rendered":"Meln\u0101s puses kamera \u2013 D1, IR, 150\u00b0"},"content":{"rendered":"<p>Meln\u0101s puses kamera \u2013 D1, IR, 150\u00b0<\/p>\n<p>Part of the trusted TrafficAngel security packages, our <a href=\"https:\/\/www.trafficangel.co.uk\/lv\/furgonu-kameru-sistemas\/\">furgonu kameru sist\u0113mas<\/a> provide comprehensive visibility to support driver awareness and vehicle safety. They are designed to meet the requirements of the <a href=\"https:\/\/www.trafficangel.co.uk\/lv\/londonas-dvs\/\">Tie\u0161\u0101s redzam\u012bbas standarts<\/a> (DVS) and <a href=\"https:\/\/www.trafficangel.co.uk\/lv\/progresiva-drosa-sistema-2024-gadam\/\">Progres\u012bv\u0101 dro\u0161\u0101 sist\u0113ma<\/a> (PSS), including the 2024 PSS updates introduced by Transport for London, ensuring your fleet stays compliant now and in future enforcement phases.<\/p>","protected":false},"excerpt":{"rendered":"<p>Meln\u0101s puses kamera \u2013 D1, IR, 150\u00b0<\/p>","protected":false},"featured_media":938,"template":"","meta":{"_acf_changed":false},"product_cat":[37,42],"product_tag":[],"class_list":{"0":"post-1501","1":"product","2":"type-product","3":"status-publish","4":"has-post-thumbnail","6":"product_cat-cameras","7":"product_cat-side-cameras","9":"first","10":"instock","11":"taxable","12":"shipping-taxable","13":"purchasable","14":"product-type-simple"},"acf":[],"_links":{"self":[{"href":"https:\/\/www.trafficangel.co.uk\/lv\/wp-json\/wp\/v2\/product\/1501","targetHints":{"allow":["GET"]}}],"collection":[{"href":"https:\/\/www.trafficangel.co.uk\/lv\/wp-json\/wp\/v2\/product"}],"about":[{"href":"https:\/\/www.trafficangel.co.uk\/lv\/wp-json\/wp\/v2\/types\/product"}],"wp:featuredmedia":[{"embeddable":true,"href":"https:\/\/www.trafficangel.co.uk\/lv\/wp-json\/wp\/v2\/media\/938"}],"wp:attachment":[{"href":"https:\/\/www.trafficangel.co.uk\/lv\/wp-json\/wp\/v2\/media?parent=1501"}],"wp:term":[{"taxonomy":"product_cat","embeddable":true,"href":"https:\/\/www.trafficangel.co.uk\/lv\/wp-json\/wp\/v2\/product_cat?post=1501"},{"taxonomy":"product_tag","embeddable":true,"href":"https:\/\/www.trafficangel.co.uk\/lv\/wp-json\/wp\/v2\/product_tag?post=1501"}],"curies":[{"name":"wp","href":"https:\/\/api.w.org\/{rel}","templated":true}]}}