{"id":1442,"date":"2024-01-19T12:49:45","date_gmt":"2024-01-19T12:49:45","guid":{"rendered":"http:\/\/traffic-angel.local\/product\/forward-facing-dvr-camera-w-nearside-camera-or-rear-camera\/"},"modified":"2025-10-20T09:31:50","modified_gmt":"2025-10-20T09:31:50","slug":"2-kanalu-uz-prieksu-versta-videoregistratora-ierakstisanas-sistema","status":"publish","type":"product","link":"https:\/\/www.trafficangel.co.uk\/lv\/produkts-2\/2-kanalu-uz-prieksu-versta-videoregistratora-ierakstisanas-sistema\/","title":{"rendered":"2\u00a0kan\u0101lu uz priek\u0161u v\u0113rsta pane\u013ca kameras ierakst\u012b\u0161anas sist\u0113ma"},"content":{"rendered":"<p>2 kan\u0101lu uz priek\u0161u v\u0113rsta videore\u0123istratora ierakst\u012b\u0161anas sist\u0113ma (deta\u013cas Nr.\u00a0FFDVR2) ir piel\u0101gota augstas veiktsp\u0113jas autoparka uzraudz\u012bbai un uzlabotai autovad\u012bt\u0101ju dro\u0161\u012bbai. Ar div\u0101m 170\u00b0 kamer\u0101m; vienu uz priek\u0161u v\u0113rstu 1080p iz\u0161\u0137irtsp\u0113j\u0101 un otru D1\/720p iz\u0161\u0137irtsp\u0113j\u0101, \u0161\u012b sist\u0113ma prec\u012bzi uztver pla\u0161u ce\u013cu p\u0101rkl\u0101jumu. Ieb\u016bv\u0113tais GPS pievieno laika z\u012bmogu katram notikumam, savuk\u0101rt H.264 video saspie\u0161ana nodro\u0161ina efekt\u012bvu saglab\u0101\u0161anu SD kart\u0113s l\u012bdz 256\u00a0GB. Ar kust\u012bbu detektoru, dro\u0161u, ar atsl\u0113gu sl\u0113dzamu SD kartes korpusu un sader\u012bbu gan ar AHD, gan CVBS video standartiem t\u0101 pied\u0101v\u0101 profesion\u0101la l\u012bme\u0146a uzticam\u012bbu. FFDVR2, kas ir pietiekami iztur\u012bga komerci\u0101liem transportl\u012bdzek\u013ciem, ir apr\u012bkota ar\u012b ar GPS savienojam\u012bbu un ietver mini USB saskarni.<\/p>\n<p>Pas\u016bt\u012bjumi, kas iesniegti l\u012bdz plkst. 13.00, tiek nos\u016bt\u012bti taj\u0101 pa\u0161\u0101 dien\u0101, un sist\u0113ma ir piln\u012bb\u0101 sader\u012bga ar Traffic Angel sagatavo\u0161anas pakalpojumu, kas nodro\u0161ina \u0113rtu uzst\u0101d\u012b\u0161anu. Ide\u0101li piem\u0113rots <a href=\"https:\/\/www.trafficangel.co.uk\/lv\/autoparka-autokameras\/\">flotes<\/a>, maziem uz\u0146\u0113mumiem vai vienreiz\u0113jiem pirkumiem.<\/p>","protected":false},"excerpt":{"rendered":"<p>2\u00a0kan\u0101lu uz priek\u0161u v\u0113rsta pane\u013ca kameras ierakst\u012b\u0161anas sist\u0113ma<\/p>","protected":false},"featured_media":628,"template":"","meta":{"_acf_changed":false},"product_cat":[19,39],"product_tag":[],"class_list":{"0":"post-1442","1":"product","2":"type-product","3":"status-publish","4":"has-post-thumbnail","6":"product_cat-video-recording-systems","7":"product_cat-dash-cameras","9":"first","10":"instock","11":"taxable","12":"shipping-taxable","13":"purchasable","14":"product-type-simple"},"acf":[],"_links":{"self":[{"href":"https:\/\/www.trafficangel.co.uk\/lv\/wp-json\/wp\/v2\/product\/1442","targetHints":{"allow":["GET"]}}],"collection":[{"href":"https:\/\/www.trafficangel.co.uk\/lv\/wp-json\/wp\/v2\/product"}],"about":[{"href":"https:\/\/www.trafficangel.co.uk\/lv\/wp-json\/wp\/v2\/types\/product"}],"wp:featuredmedia":[{"embeddable":true,"href":"https:\/\/www.trafficangel.co.uk\/lv\/wp-json\/wp\/v2\/media\/628"}],"wp:attachment":[{"href":"https:\/\/www.trafficangel.co.uk\/lv\/wp-json\/wp\/v2\/media?parent=1442"}],"wp:term":[{"taxonomy":"product_cat","embeddable":true,"href":"https:\/\/www.trafficangel.co.uk\/lv\/wp-json\/wp\/v2\/product_cat?post=1442"},{"taxonomy":"product_tag","embeddable":true,"href":"https:\/\/www.trafficangel.co.uk\/lv\/wp-json\/wp\/v2\/product_tag?post=1442"}],"curies":[{"name":"wp","href":"https:\/\/api.w.org\/{rel}","templated":true}]}}