{"id":1441,"date":"2024-01-19T12:49:45","date_gmt":"2024-01-19T12:49:45","guid":{"rendered":"http:\/\/traffic-angel.local\/product\/forward-facing-recording-camera\/"},"modified":"2025-10-20T09:31:14","modified_gmt":"2025-10-20T09:31:14","slug":"1-kanala-uz-prieksu-versta-videoregistratora-ierakstisanas-sistema","status":"publish","type":"product","link":"https:\/\/www.trafficangel.co.uk\/lv\/produkts-2\/1-kanala-uz-prieksu-versta-videoregistratora-ierakstisanas-sistema\/","title":{"rendered":"1\u00a0kan\u0101la uz priek\u0161u v\u0113rsta pane\u013ca kameras ierakst\u012b\u0161anas sist\u0113ma"},"content":{"rendered":"<p>1 kan\u0101la uz priek\u0161u v\u0113rsta videore\u0123istratora ierakst\u012b\u0161anas sist\u0113ma (deta\u013cas Nr.\u00a0FFDVR1) ir iztur\u012bgs un viegli uzst\u0101d\u0101ms risin\u0101jums, kas izstr\u0101d\u0101ts, lai apmierin\u0101tu komerci\u0101lo autoparku pras\u012bbas. Ar pla\u0161u 170\u00b0 redzeslauku un atbalstu gan 1080p, gan 720p ierakst\u012b\u0161anai t\u0101 skaidri fiks\u0113 svar\u012bgus ce\u013cu satiksmes notikumus. Ieb\u016bv\u0113tais GPS nodro\u0161ina prec\u012bzu laika un atra\u0161an\u0101s vietas noteik\u0161anu, savuk\u0101rt kust\u012bbas noteik\u0161ana un cilpas ierakst\u012b\u0161ana pal\u012bdz efekt\u012bvi p\u0101rvald\u012bt kr\u0101tuvi.<\/p>\n<p>The system supports up to 256\u202fGB SD cards (PAL\/NTSC compliant) and includes secure SD-card housing to safeguard against tampering. Ideal for enhancing vehicle accountability and driver safety. Ideal for <a href=\"https:\/\/www.trafficangel.co.uk\/lv\/autoparka-autokameras\/\">flotes<\/a>, maziem uz\u0146\u0113mumiem vai vienreiz\u0113jiem pirkumiem.<\/p>","protected":false},"excerpt":{"rendered":"<p>1\u00a0kan\u0101la uz priek\u0161u v\u0113rsta pane\u013ca kameras ierakst\u012b\u0161anas sist\u0113ma<\/p>","protected":false},"featured_media":621,"template":"","meta":{"_acf_changed":false},"product_cat":[19,39],"product_tag":[],"class_list":{"0":"post-1441","1":"product","2":"type-product","3":"status-publish","4":"has-post-thumbnail","6":"product_cat-video-recording-systems","7":"product_cat-dash-cameras","9":"first","10":"instock","11":"taxable","12":"shipping-taxable","13":"purchasable","14":"product-type-simple"},"acf":[],"_links":{"self":[{"href":"https:\/\/www.trafficangel.co.uk\/lv\/wp-json\/wp\/v2\/product\/1441","targetHints":{"allow":["GET"]}}],"collection":[{"href":"https:\/\/www.trafficangel.co.uk\/lv\/wp-json\/wp\/v2\/product"}],"about":[{"href":"https:\/\/www.trafficangel.co.uk\/lv\/wp-json\/wp\/v2\/types\/product"}],"wp:featuredmedia":[{"embeddable":true,"href":"https:\/\/www.trafficangel.co.uk\/lv\/wp-json\/wp\/v2\/media\/621"}],"wp:attachment":[{"href":"https:\/\/www.trafficangel.co.uk\/lv\/wp-json\/wp\/v2\/media?parent=1441"}],"wp:term":[{"taxonomy":"product_cat","embeddable":true,"href":"https:\/\/www.trafficangel.co.uk\/lv\/wp-json\/wp\/v2\/product_cat?post=1441"},{"taxonomy":"product_tag","embeddable":true,"href":"https:\/\/www.trafficangel.co.uk\/lv\/wp-json\/wp\/v2\/product_tag?post=1441"}],"curies":[{"name":"wp","href":"https:\/\/api.w.org\/{rel}","templated":true}]}}