{"id":1438,"date":"2024-01-19T12:49:42","date_gmt":"2024-01-19T12:49:42","guid":{"rendered":"http:\/\/traffic-angel.local\/product\/ultra-slim-amber-led-strobe-131mm-x-7mm-x-30mm\/"},"modified":"2025-10-20T09:29:17","modified_gmt":"2025-10-20T09:29:17","slug":"ipasi-plans-dzintara-led-bridinajuma-signals","status":"publish","type":"product","link":"https:\/\/www.trafficangel.co.uk\/lv\/produkts-2\/ipasi-plans-dzintara-led-bridinajuma-signals\/","title":{"rendered":"\u012apa\u0161i pl\u0101ns dzintara kr\u0101sas LED br\u012bdin\u0101juma zibspuldze"},"content":{"rendered":"<p>\u012apa\u0161i pl\u0101nais dzintarkr\u0101sas LED br\u012bdin\u0101juma stroboskopiskais lukturis nodro\u0161ina labi redzamus mirgojo\u0161us br\u012bdin\u0101jumus, lai br\u012bdin\u0101tu citus satiksmes dal\u012bbniekus par transportl\u012bdzek\u013cu kust\u012bbu vai potenci\u0101liem apdraud\u0113jumiem. T\u0101 pl\u0101nais, kompaktais dizains \u013cauj to viegli uzst\u0101d\u012bt uz pla\u0161a transportl\u012bdzek\u013cu kl\u0101sta, neietekm\u0113jot t\u0101 izskatu vai aerodinamiku. Spilgtas dzintarkr\u0101sas LED gaismas nodro\u0161ina lielisku redzam\u012bbu pat sliktos laika apst\u0101k\u013cos vai v\u0101j\u0101 apgaismojum\u0101, pal\u012bdzot autoparkiem uzlabot dro\u0161\u012bbu un izpild\u012bt atbilst\u012bbas pras\u012bbas.<\/p>","protected":false},"excerpt":{"rendered":"<p>\u012apa\u0161i pl\u0101nais dzintara LED br\u012bdin\u0101juma stroboskopiskais sign\u0101ls nodro\u0161ina labi redzamus mirgojo\u0161us br\u012bdin\u0101jumus, lai br\u012bdin\u0101tu citus satiksmes dal\u012bbniekus par transportl\u012bdzek\u013cu kust\u012bbu vai iesp\u0113jam\u0101m briesm\u0101m.<\/p>","protected":false},"featured_media":581,"template":"","meta":{"_acf_changed":false},"product_cat":[35,36],"product_tag":[],"class_list":{"0":"post-1438","1":"product","2":"type-product","3":"status-publish","4":"has-post-thumbnail","6":"product_cat-vehicle-lighting","7":"product_cat-strobes","9":"first","10":"instock","11":"taxable","12":"shipping-taxable","13":"purchasable","14":"product-type-simple"},"acf":[],"_links":{"self":[{"href":"https:\/\/www.trafficangel.co.uk\/lv\/wp-json\/wp\/v2\/product\/1438","targetHints":{"allow":["GET"]}}],"collection":[{"href":"https:\/\/www.trafficangel.co.uk\/lv\/wp-json\/wp\/v2\/product"}],"about":[{"href":"https:\/\/www.trafficangel.co.uk\/lv\/wp-json\/wp\/v2\/types\/product"}],"wp:featuredmedia":[{"embeddable":true,"href":"https:\/\/www.trafficangel.co.uk\/lv\/wp-json\/wp\/v2\/media\/581"}],"wp:attachment":[{"href":"https:\/\/www.trafficangel.co.uk\/lv\/wp-json\/wp\/v2\/media?parent=1438"}],"wp:term":[{"taxonomy":"product_cat","embeddable":true,"href":"https:\/\/www.trafficangel.co.uk\/lv\/wp-json\/wp\/v2\/product_cat?post=1438"},{"taxonomy":"product_tag","embeddable":true,"href":"https:\/\/www.trafficangel.co.uk\/lv\/wp-json\/wp\/v2\/product_tag?post=1438"}],"curies":[{"name":"wp","href":"https:\/\/api.w.org\/{rel}","templated":true}]}}