{"id":1430,"date":"2024-01-19T12:49:39","date_gmt":"2024-01-19T12:49:39","guid":{"rendered":"http:\/\/traffic-angel.local\/product\/short-dvr-flylead-4-pin-rca-female-dc-male-2\/"},"modified":"2025-10-20T09:21:45","modified_gmt":"2025-10-20T09:21:45","slug":"iss-dvr-vads-4-kontaktu-rca-spraudnis-dc-spraudnis-2-0","status":"publish","type":"product","link":"https:\/\/www.trafficangel.co.uk\/lv\/produkts-2\/iss-dvr-vads-4-kontaktu-rca-spraudnis-dc-spraudnis-2-0\/","title":{"rendered":"\u012ass DVR Flylead (4 kontaktu\u00a0\u2014 RCA\u00a0m\u0101t\u012bte un DC\u00a0v\u012bri\u0146\u0161)"},"content":{"rendered":"<p>\u012asais DVR savienot\u0101js (4 kontaktu \u2014 RCA sievi\u0161\u0137ais un l\u012bdzstr\u0101vas spraudnis) atvieglo savieno\u0161anu <a href=\"https:\/\/www.trafficangel.co.uk\/lv\/kameras\/\" target=\"_blank\" rel=\"noopener\">kameras<\/a> ar DVR sist\u0113m\u0101m \u0101tri un vienk\u0101r\u0161i. Paredz\u0113ts \u012bsa att\u0101luma savienojumiem, tas p\u0101rveido standarta 4 kontaktu kameras savienojumu RCA un l\u012bdzstr\u0101vas izej\u0101s, nodro\u0161inot elast\u012bgu integr\u0101ciju ar da\u017e\u0101d\u0101m ierakst\u012b\u0161anas iek\u0101rt\u0101m. Kompaktais garums pal\u012bdz samazin\u0101t lieko kabe\u013cu skaitu, nodro\u0161inot sak\u0101rtotas un efekt\u012bvas instal\u0101cijas. Izgatavots ar iztur\u012bgiem savienot\u0101jiem, \u0161is dro\u0161in\u0101t\u0101js nodro\u0161ina uzticamu video un str\u0101vas p\u0101rraidi stabilai un ilgtermi\u0146a veiktsp\u0113jai autoparka transportl\u012bdzek\u013cos.<\/p>","protected":false},"excerpt":{"rendered":"<p>\u012ass DVR Flylead (4 kontaktu\u00a0\u2014 RCA\u00a0m\u0101t\u012bte un DC\u00a0v\u012bri\u0146\u0161)<\/p>","protected":false},"featured_media":495,"template":"","meta":{"_acf_changed":false},"product_cat":[83],"product_tag":[],"class_list":{"0":"post-1430","1":"product","2":"type-product","3":"status-publish","4":"has-post-thumbnail","6":"product_cat-accessories-video-recording-systems","8":"first","9":"instock","10":"taxable","11":"shipping-taxable","12":"purchasable","13":"product-type-simple"},"acf":[],"_links":{"self":[{"href":"https:\/\/www.trafficangel.co.uk\/lv\/wp-json\/wp\/v2\/product\/1430","targetHints":{"allow":["GET"]}}],"collection":[{"href":"https:\/\/www.trafficangel.co.uk\/lv\/wp-json\/wp\/v2\/product"}],"about":[{"href":"https:\/\/www.trafficangel.co.uk\/lv\/wp-json\/wp\/v2\/types\/product"}],"wp:featuredmedia":[{"embeddable":true,"href":"https:\/\/www.trafficangel.co.uk\/lv\/wp-json\/wp\/v2\/media\/495"}],"wp:attachment":[{"href":"https:\/\/www.trafficangel.co.uk\/lv\/wp-json\/wp\/v2\/media?parent=1430"}],"wp:term":[{"taxonomy":"product_cat","embeddable":true,"href":"https:\/\/www.trafficangel.co.uk\/lv\/wp-json\/wp\/v2\/product_cat?post=1430"},{"taxonomy":"product_tag","embeddable":true,"href":"https:\/\/www.trafficangel.co.uk\/lv\/wp-json\/wp\/v2\/product_tag?post=1430"}],"curies":[{"name":"wp","href":"https:\/\/api.w.org\/{rel}","templated":true}]}}