{"id":1427,"date":"2024-01-19T12:49:39","date_gmt":"2024-01-19T12:49:39","guid":{"rendered":"http:\/\/traffic-angel.local\/product\/24-12v-voltage-dropper-red-black-ip-op-wires\/"},"modified":"2025-10-20T09:20:04","modified_gmt":"2025-10-20T09:20:04","slug":"24v-uz-12v-sprieguma-dropper-sarkans-melns-ip-op-vadi","status":"publish","type":"product","link":"https:\/\/www.trafficangel.co.uk\/lv\/produkts-2\/24v-uz-12v-sprieguma-dropper-sarkans-melns-ip-op-vadi\/","title":{"rendered":"24v l\u012bdz 12v sprieguma pilin\u0101t\u0101js, sarkans + melni IP\/OP vadi"},"content":{"rendered":"<p>Sprieguma p\u0101rveidot\u0101js no 24 V uz 12 V dro\u0161i samazina transportl\u012bdzek\u013ca jaudu no 24 V l\u012bdz 12 V, \u013caujot komerci\u0101lajos transportl\u012bdzek\u013cos darbin\u0101t 12 V iek\u0101rtas. Pateicoties vienk\u0101r\u0161ai sarkanai un melnai ieejas\/izejas elektroinstal\u0101cijai, to ir viegli uzst\u0101d\u012bt, un tas ir ide\u0101li piem\u0113rots baro\u0161anas nodro\u0161in\u0101\u0161anai. <a href=\"https:\/\/www.trafficangel.co.uk\/lv\/kameras\/\" target=\"_blank\" rel=\"noopener\">kameras<\/a>, <a href=\"https:\/\/www.trafficangel.co.uk\/lv\/monitori\/\" target=\"_blank\" rel=\"noopener\">monitori<\/a>, un <a href=\"https:\/\/www.trafficangel.co.uk\/lv\/progresiva-drosa-sistema\/\" target=\"_blank\" rel=\"noopener\">dro\u0161\u012bbas sist\u0113mas<\/a>.<\/p>","protected":false},"excerpt":{"rendered":"<p>Sprieguma p\u0101rveidot\u0101js no 24 V uz 12 V dro\u0161i samazina transportl\u012bdzek\u013ca jaudu no 24 V l\u012bdz 12 V, \u013caujot komerci\u0101lajos transportl\u012bdzek\u013cos darbin\u0101t 12 V iek\u0101rtas.<\/p>","protected":false},"featured_media":498,"template":"","meta":{"_acf_changed":false},"product_cat":[26,28],"product_tag":[],"class_list":{"0":"post-1427","1":"product","2":"type-product","3":"status-publish","4":"has-post-thumbnail","6":"product_cat-cables-accessories","7":"product_cat-miscellaneous","9":"first","10":"instock","11":"taxable","12":"shipping-taxable","13":"purchasable","14":"product-type-simple"},"acf":[],"_links":{"self":[{"href":"https:\/\/www.trafficangel.co.uk\/lv\/wp-json\/wp\/v2\/product\/1427","targetHints":{"allow":["GET"]}}],"collection":[{"href":"https:\/\/www.trafficangel.co.uk\/lv\/wp-json\/wp\/v2\/product"}],"about":[{"href":"https:\/\/www.trafficangel.co.uk\/lv\/wp-json\/wp\/v2\/types\/product"}],"wp:featuredmedia":[{"embeddable":true,"href":"https:\/\/www.trafficangel.co.uk\/lv\/wp-json\/wp\/v2\/media\/498"}],"wp:attachment":[{"href":"https:\/\/www.trafficangel.co.uk\/lv\/wp-json\/wp\/v2\/media?parent=1427"}],"wp:term":[{"taxonomy":"product_cat","embeddable":true,"href":"https:\/\/www.trafficangel.co.uk\/lv\/wp-json\/wp\/v2\/product_cat?post=1427"},{"taxonomy":"product_tag","embeddable":true,"href":"https:\/\/www.trafficangel.co.uk\/lv\/wp-json\/wp\/v2\/product_tag?post=1427"}],"curies":[{"name":"wp","href":"https:\/\/api.w.org\/{rel}","templated":true}]}}