{"id":1424,"date":"2024-01-19T12:49:39","date_gmt":"2024-01-19T12:49:39","guid":{"rendered":"http:\/\/traffic-angel.local\/product\/dc-male-plug-with-short-tail\/"},"modified":"2025-10-20T09:16:39","modified_gmt":"2025-10-20T09:16:39","slug":"lidzstravas-viriesu-spraudnis-ar-isu-asti","status":"publish","type":"product","link":"https:\/\/www.trafficangel.co.uk\/lv\/produkts-2\/lidzstravas-viriesu-spraudnis-ar-isu-asti\/","title":{"rendered":"L\u012bdzstr\u0101vas spraudnis ar \u012bsu ast\u012bti"},"content":{"rendered":"<p>L\u012bdzstr\u0101vas spraudnis ar \u012bso spraudni nodro\u0161ina vienk\u0101r\u0161u un dro\u0161u str\u0101vas savienojumu transportl\u012bdzek\u013cu dro\u0161\u012bbas apr\u012bkojumam. T\u0101 \u012bsais kabe\u013ca spraudnis padara to ide\u0101li piem\u0113rotu kompakt\u0101m instal\u0101cij\u0101m ierobe\u017eot\u0101 viet\u0101, pal\u012bdzot uztur\u0113t vadu k\u0101rt\u012bgu un organiz\u0113tu. Iztur\u012bgs, tas nodro\u0161ina stabilu baro\u0161anas avotu. <a href=\"https:\/\/www.trafficangel.co.uk\/lv\/kameras\/\" target=\"_blank\" rel=\"noopener\">kameras<\/a>, <a href=\"https:\/\/www.trafficangel.co.uk\/lv\/monitori\/\" target=\"_blank\" rel=\"noopener\">monitori<\/a>un citas 12 V sist\u0113mas autoparka transportl\u012bdzek\u013cos.<\/p>","protected":false},"excerpt":{"rendered":"<p>L\u012bdzstr\u0101vas spraudnis ar \u012bsu asti nodro\u0161ina vienk\u0101r\u0161u un dro\u0161u str\u0101vas savienojumu transportl\u012bdzek\u013ca dro\u0161\u012bbas apr\u012bkojumam.<\/p>","protected":false},"featured_media":491,"template":"","meta":{"_acf_changed":false},"product_cat":[26,28],"product_tag":[],"class_list":{"0":"post-1424","1":"product","2":"type-product","3":"status-publish","4":"has-post-thumbnail","6":"product_cat-cables-accessories","7":"product_cat-miscellaneous","9":"first","10":"instock","11":"taxable","12":"shipping-taxable","13":"purchasable","14":"product-type-simple"},"acf":[],"_links":{"self":[{"href":"https:\/\/www.trafficangel.co.uk\/lv\/wp-json\/wp\/v2\/product\/1424","targetHints":{"allow":["GET"]}}],"collection":[{"href":"https:\/\/www.trafficangel.co.uk\/lv\/wp-json\/wp\/v2\/product"}],"about":[{"href":"https:\/\/www.trafficangel.co.uk\/lv\/wp-json\/wp\/v2\/types\/product"}],"wp:featuredmedia":[{"embeddable":true,"href":"https:\/\/www.trafficangel.co.uk\/lv\/wp-json\/wp\/v2\/media\/491"}],"wp:attachment":[{"href":"https:\/\/www.trafficangel.co.uk\/lv\/wp-json\/wp\/v2\/media?parent=1424"}],"wp:term":[{"taxonomy":"product_cat","embeddable":true,"href":"https:\/\/www.trafficangel.co.uk\/lv\/wp-json\/wp\/v2\/product_cat?post=1424"},{"taxonomy":"product_tag","embeddable":true,"href":"https:\/\/www.trafficangel.co.uk\/lv\/wp-json\/wp\/v2\/product_tag?post=1424"}],"curies":[{"name":"wp","href":"https:\/\/api.w.org\/{rel}","templated":true}]}}