{"id":1421,"date":"2024-01-19T12:49:39","date_gmt":"2024-01-19T12:49:39","guid":{"rendered":"http:\/\/traffic-angel.local\/product\/10-minute-override-switch-for-left-right-turn-alarm\/"},"modified":"2025-10-20T09:14:24","modified_gmt":"2025-10-20T09:14:24","slug":"10-minusu-taimeris-pagrieziena-trauksmes-ignoresanai-nakti","status":"publish","type":"product","link":"https:\/\/www.trafficangel.co.uk\/lv\/produkts-2\/10-minusu-taimeris-pagrieziena-trauksmes-ignoresanai-nakti\/","title":{"rendered":"10\u00a0min\u016b\u0161u taimeris pagrieziena sign\u0101lu ignor\u0113\u0161anai nakts laik\u0101"},"content":{"rendered":"<p>10 min\u016b\u0161u taimeris pagriezienu trauksmju ignor\u0113\u0161anai nakt\u012b \u013cauj autovad\u012bt\u0101jiem \u012bslaic\u012bgi apklusin\u0101t pagriezienu trauksmes v\u0113l\u0101s stund\u0101s, pal\u012bdzot samazin\u0101t trok\u0161\u0146a trauc\u0113jumus dz\u012bvojamaj\u0101s zon\u0101s. P\u0113c aktiviz\u0113\u0161anas sist\u0113ma autom\u0101tiski atk\u0101rtoti aktiviz\u0113jas p\u0113c 10 min\u016bt\u0113m, nodro\u0161inot, ka dro\u0161\u012bbas br\u012bdin\u0101jumi ats\u0101kas bez vad\u012bt\u0101ja iejauk\u0161an\u0101s. \u0160is vienk\u0101r\u0161ais un uzticamais risin\u0101jums pal\u012bdz autoparkiem iev\u0113rot trok\u0161\u0146a noteikumus, vienlaikus piln\u012bb\u0101 iev\u0113rojot dro\u0161\u012bbas standartus.<\/p>\n<p>10 min\u016b\u0161u taimeris nakts re\u017e\u012bma ignor\u0113\u0161anai, kas izstr\u0101d\u0101ts, lai papildin\u0101tu Traffic Angel transportl\u012bdzek\u013cu dro\u0161\u012bbas sist\u0113mas, pal\u012bdz pan\u0101kt pareizo l\u012bdzsvaru starp dro\u0161\u012bbu un sabiedr\u012bbas interes\u0113m. Tas sniedz autovad\u012bt\u0101jiem vienk\u0101r\u0161u veidu, k\u0101 samazin\u0101t troksni, braucot dz\u012bvojam\u0101s vai zema trok\u0161\u0146a zon\u0101s, neietekm\u0113jot ilgtermi\u0146a trauksmes sign\u0101la funkcionalit\u0101ti. Laika ierobe\u017eojuma ignor\u0113\u0161ana nodro\u0161ina, ka <a href=\"https:\/\/www.trafficangel.co.uk\/lv\/trauksmes-signali\/\">trauksmes sign\u0101li<\/a> autom\u0101tiski atgrie\u017eas piln\u0101 darb\u012bbas re\u017e\u012bm\u0101, iev\u0113rojot dro\u0161\u012bbas protokolus. \u0160is taimeris ir ide\u0101li piem\u0113rots autoparkiem, kas str\u0101d\u0101 nakt\u012b vai jut\u012bg\u0101s zon\u0101s, un nodro\u0161ina elast\u012bbu, neapdraudot atbild\u012bbu.<\/p>","protected":false},"excerpt":{"rendered":"<p>10 min\u016b\u0161u taimeris pagrieziena sign\u0101lu ignor\u0113\u0161anai nakt\u012b \u013cauj autovad\u012bt\u0101jiem \u012bslaic\u012bgi apklusin\u0101t pagrieziena sign\u0101lus v\u0113l\u0101s stund\u0101s.<\/p>","protected":false},"featured_media":519,"template":"","meta":{"_acf_changed":false},"product_cat":[33,87],"product_tag":[],"class_list":{"0":"post-1421","1":"product","2":"type-product","3":"status-publish","4":"has-post-thumbnail","6":"product_cat-alarms","7":"product_cat-accessories-alarms","9":"first","10":"instock","11":"taxable","12":"shipping-taxable","13":"purchasable","14":"product-type-simple"},"acf":[],"_links":{"self":[{"href":"https:\/\/www.trafficangel.co.uk\/lv\/wp-json\/wp\/v2\/product\/1421","targetHints":{"allow":["GET"]}}],"collection":[{"href":"https:\/\/www.trafficangel.co.uk\/lv\/wp-json\/wp\/v2\/product"}],"about":[{"href":"https:\/\/www.trafficangel.co.uk\/lv\/wp-json\/wp\/v2\/types\/product"}],"wp:featuredmedia":[{"embeddable":true,"href":"https:\/\/www.trafficangel.co.uk\/lv\/wp-json\/wp\/v2\/media\/519"}],"wp:attachment":[{"href":"https:\/\/www.trafficangel.co.uk\/lv\/wp-json\/wp\/v2\/media?parent=1421"}],"wp:term":[{"taxonomy":"product_cat","embeddable":true,"href":"https:\/\/www.trafficangel.co.uk\/lv\/wp-json\/wp\/v2\/product_cat?post=1421"},{"taxonomy":"product_tag","embeddable":true,"href":"https:\/\/www.trafficangel.co.uk\/lv\/wp-json\/wp\/v2\/product_tag?post=1421"}],"curies":[{"name":"wp","href":"https:\/\/api.w.org\/{rel}","templated":true}]}}