{"id":1420,"date":"2024-01-19T12:49:35","date_gmt":"2024-01-19T12:49:35","guid":{"rendered":"http:\/\/traffic-angel.local\/product\/5m-superseal-cable-for-citysafe-alarms\/"},"modified":"2025-10-20T09:13:42","modified_gmt":"2025-10-20T09:13:42","slug":"6-m-superseal-kabelis-citysafe-signalizacijai","status":"publish","type":"product","link":"https:\/\/www.trafficangel.co.uk\/lv\/produkts-2\/6-m-superseal-kabelis-citysafe-signalizacijai\/","title":{"rendered":"6\u00a0m liels bl\u012bv\u0113juma kabelis CitySafe signaliz\u0101cijai"},"content":{"rendered":"<p>6 m garais Superseal kabelis CitySafe signaliz\u0101cijai nodro\u0161ina dro\u0161u, laikapst\u0101k\u013ciem iztur\u012bgu savienojumu starp signaliz\u0101cijas iek\u0101rt\u0101m un transportl\u012bdzek\u013ca elektrosist\u0113mu. Ar savu 6 metru garumu tas pied\u0101v\u0101 elast\u012bbu pla\u0161am transportl\u012bdzek\u013cu tipu kl\u0101stam, garant\u0113jot CitySafe signaliz\u0101cijas sist\u0113mu uzticamu darb\u012bbu. Superseal savienot\u0101ji nodro\u0161ina stingru, \u016bdensnecaurlaid\u012bgu piegul\u0161anu ilgsto\u0161ai un bezprobl\u0113mu darb\u012bbai sare\u017e\u0123\u012btos autoparka apst\u0101k\u013cos.<\/p>","protected":false},"excerpt":{"rendered":"<p>6 m garais Superseal kabelis CitySafe signaliz\u0101cijai nodro\u0161ina dro\u0161u un laikapst\u0101k\u013ciem iztur\u012bgu savienojumu starp signaliz\u0101cijas ier\u012bc\u0113m un transportl\u012bdzek\u013ca elektrosist\u0113mu.<\/p>","protected":false},"featured_media":571,"template":"","meta":{"_acf_changed":false},"product_cat":[26,28,33],"product_tag":[],"class_list":{"0":"post-1420","1":"product","2":"type-product","3":"status-publish","4":"has-post-thumbnail","6":"product_cat-cables-accessories","7":"product_cat-miscellaneous","8":"product_cat-alarms","10":"first","11":"instock","12":"taxable","13":"shipping-taxable","14":"purchasable","15":"product-type-simple"},"acf":[],"_links":{"self":[{"href":"https:\/\/www.trafficangel.co.uk\/lv\/wp-json\/wp\/v2\/product\/1420","targetHints":{"allow":["GET"]}}],"collection":[{"href":"https:\/\/www.trafficangel.co.uk\/lv\/wp-json\/wp\/v2\/product"}],"about":[{"href":"https:\/\/www.trafficangel.co.uk\/lv\/wp-json\/wp\/v2\/types\/product"}],"wp:featuredmedia":[{"embeddable":true,"href":"https:\/\/www.trafficangel.co.uk\/lv\/wp-json\/wp\/v2\/media\/571"}],"wp:attachment":[{"href":"https:\/\/www.trafficangel.co.uk\/lv\/wp-json\/wp\/v2\/media?parent=1420"}],"wp:term":[{"taxonomy":"product_cat","embeddable":true,"href":"https:\/\/www.trafficangel.co.uk\/lv\/wp-json\/wp\/v2\/product_cat?post=1420"},{"taxonomy":"product_tag","embeddable":true,"href":"https:\/\/www.trafficangel.co.uk\/lv\/wp-json\/wp\/v2\/product_tag?post=1420"}],"curies":[{"name":"wp","href":"https:\/\/api.w.org\/{rel}","templated":true}]}}